{"id":5340,"date":"2024-11-09T18:50:03","date_gmt":"2024-11-09T17:50:03","guid":{"rendered":"https:\/\/www.mosaicfactor.com\/avis-legal\/"},"modified":"2025-11-05T14:20:15","modified_gmt":"2025-11-05T13:20:15","slug":"avis-legal","status":"publish","type":"page","link":"https:\/\/www.mosaicfactor.com\/ca\/avis-legal\/","title":{"rendered":"Av\u00eds Legal"},"content":{"rendered":"<p>[et_pb_section fb_built=&#8221;1&#8243; custom_padding_last_edited=&#8221;on|phone&#8221; _builder_version=&#8221;4.27.2&#8243; _module_preset=&#8221;default&#8221; background_image=&#8221;https:\/\/www.mosaicfactor.com\/wp-content\/uploads\/2024\/10\/background-contact-mosaic.webp&#8221; width=&#8221;95%&#8221; max_width=&#8221;1600px&#8221; module_alignment=&#8221;center&#8221; custom_margin=&#8221;||1em||false|false&#8221; custom_margin_tablet=&#8221;||2em||false|false&#8221; custom_margin_phone=&#8221;||4em||false|false&#8221; custom_margin_last_edited=&#8221;on|phone&#8221; custom_padding_tablet=&#8221;&#8221; custom_padding_phone=&#8221;0px||0px||true|false&#8221; border_radii=&#8221;on|10px|10px|10px|10px&#8221; locked=&#8221;off&#8221; global_colors_info=&#8221;{}&#8221;][et_pb_row custom_padding_last_edited=&#8221;off|phone&#8221; _builder_version=&#8221;4.27.2&#8243; _module_preset=&#8221;default&#8221; width_tablet=&#8221;&#8221; width_phone=&#8221;90%&#8221; width_last_edited=&#8221;on|phone&#8221; custom_padding_phone=&#8221;1em||1em||true|false&#8221; global_colors_info=&#8221;{}&#8221;][et_pb_column type=&#8221;4_4&#8243; _builder_version=&#8221;4.27.2&#8243; _module_preset=&#8221;default&#8221; global_colors_info=&#8221;{}&#8221;][et_pb_text _builder_version=&#8221;4.27.4&#8243; _module_preset=&#8221;default&#8221; header_text_color=&#8221;#FFFFFF&#8221; header_font_size=&#8221;50px&#8221; header_line_height=&#8221;1.4em&#8221; max_width=&#8221;70%&#8221; custom_margin=&#8221;||0px||false|false&#8221; header_font_size_tablet=&#8221;50px&#8221; header_font_size_phone=&#8221;30px&#8221; header_font_size_last_edited=&#8221;on|phone&#8221; global_colors_info=&#8221;{}&#8221;]<\/p>\n<h1><strong>Terms and conditions<\/strong><\/h1>\n<p>[\/et_pb_text][\/et_pb_column][\/et_pb_row][\/et_pb_section][et_pb_section fb_built=&#8221;1&#8243; _builder_version=&#8221;4.27.2&#8243; _module_preset=&#8221;default&#8221; custom_padding=&#8221;2em||2em||true|false&#8221; locked=&#8221;off&#8221; global_colors_info=&#8221;{}&#8221;][et_pb_row custom_padding_last_edited=&#8221;on|phone&#8221; _builder_version=&#8221;4.27.2&#8243; _module_preset=&#8221;default&#8221; width=&#8221;95%&#8221; custom_padding=&#8221;|3em||3em|false|true&#8221; custom_padding_tablet=&#8221;|3em||3em|false|true&#8221; custom_padding_phone=&#8221;|1em||1em|false|true&#8221; global_colors_info=&#8221;{}&#8221;][et_pb_column type=&#8221;4_4&#8243; _builder_version=&#8221;4.27.2&#8243; _module_preset=&#8221;default&#8221; global_colors_info=&#8221;{}&#8221;][et_pb_text _builder_version=&#8221;4.27.4&#8243; _module_preset=&#8221;default&#8221; text_font_size=&#8221;16px&#8221; global_colors_info=&#8221;{}&#8221;]<\/p>\n<h2>INFORMACI\u00d3 GENERAL<\/h2>\n<p>D&#8217;acord amb l&#8217;article 10 de la Llei 34\/2002, de 11 de juliol, de serveis de la societat de la informaci\u00f3 i del comer\u00e7 electr\u00f2nic, proporcionem la seg\u00fcent informaci\u00f3:<\/p>\n<p>Mosaic Factor S.L. est\u00e0 domiciliada al carrer Sancho de \u00c1vila 19, 5 &#8211; 1, 08018 Barcelona, amb NIF B66786724. Registrada en el Registre Mercantil de Barcelona, Volum 4539, P\u00e0gina 171, Full B-486283, Entrada 1.<\/p>\n<p>La web mosaicfactor.com cont\u00e9 contingut informatiu sobre els productes i serveis de Mosaic Factor S.L.<\/p>\n<p>El seu principal objectiu \u00e9s proporcionar als clients i al p\u00fablic en general informaci\u00f3 relacionada amb l&#8217;empresa i els productes i serveis que ofereix.<\/p>\n<h2><\/h2>\n<h2>POL\u00cdTICA DE PRIVACITAT<\/h2>\n<p>En compliment de la Llei Org\u00e0nica 15\/1999, de 13 de desembre, de Protecci\u00f3 de Dades de Car\u00e0cter Personal (LOPD), s&#8217;informa els usuaris\/es que totes les dades proporcionades seran incloses en un fitxer creat i mantingut sota la responsabilitat de Mosaic Factor S.L.<\/p>\n<p>Les vostres dades personals seran sempre tractades de manera confidencial i nom\u00e9s s&#8217;utilitzaran per gestionar els serveis oferts, respondre a les seves sol\u00b7licituds, dur a terme tasques administratives i enviar informaci\u00f3 t\u00e8cnica, comercial o publicit\u00e0ria per mitjans ordinaris o electr\u00f2nics.<\/p>\n<p>Per exercir els seus drets d&#8217;oposici\u00f3, rectificaci\u00f3 o cancel\u00b7laci\u00f3, si us plau, posi&#8217;s en contacte amb la seu de l&#8217;empresa al carrer Sancho de \u00c1vila 19, 5 &#8211; 1, 08018 Barcelona, envieu-nos un correu electr\u00f2nic a <a href=\"mailto:info@mosaicfactor.com\">info@mosaicfactor.com<\/a>, o truqueu al <a href=\"tel:+34677600963\">+34677600963<\/a>.<\/p>\n<h2><\/h2>\n<h2>CONDICIONS D&#8217;\u00daS<\/h2>\n<p>Els termes d&#8217;acc\u00e9s i \u00fas d&#8217;aquest lloc web es regeixen per la legislaci\u00f3 vigent i pel principi de bona fe, amb els usuaris compromesos a fer un \u00fas correcte del lloc web. No es permeten conductes que vagin en contra de la llei, dels drets o dels interessos de tercers.<\/p>\n<p>Ser usuari del lloc web mosaicfactor.com implica recon\u00e8ixer haver llegit i acceptat aquests termes i la normativa legal aplicable en aquesta mat\u00e8ria. Si, per qualsevol motiu, no esteu d&#8217;acord amb aquestes condicions, si us plau, no continueu utilitzant aquest lloc web.<\/p>\n<p>Qualsevol tipus de notificaci\u00f3 i\/o reclamaci\u00f3 nom\u00e9s ser\u00e0 v\u00e0lida si es realitza per escrit i\/o mitjan\u00e7ant correu certificat.<\/p>\n<p>&nbsp;<\/p>\n<h2>RESPONSABILITAT<\/h2>\n<p>Mosaic Factor S.L. no \u00e9s responsable de la informaci\u00f3 i el contingut emmagatzemat en f\u00f2rums, xarxes socials o qualsevol altre mitj\u00e0 que permeti a tercers publicar contingut de manera independent al lloc web del prove\u00efdor.<\/p>\n<p>Tanmateix, d\u2019acord amb els Articles 11 i 16 de la LSSI-CE, Mosaic Factor S.L. es compromet a eliminar o bloquejar qualsevol contingut que pugui afectar o contradir la legislaci\u00f3 nacional o internacional, els drets de tercers o la moral i l\u2019ordre p\u00fablics.<\/p>\n<p>L\u2019empresa tampoc no \u00e9s responsable dels danys causats per fallades de programari o configuracions inadequades en l\u2019ordinador de l\u2019usuari d\u2019internet. S\u2019exclou tota responsabilitat per problemes t\u00e8cnics o fallades que puguin produir-se quan l\u2019usuari es connecta a internet. A m\u00e9s, no es garanteix l\u2019abs\u00e8ncia d\u2019interrupcions o errors en l\u2019acc\u00e9s al lloc web.<\/p>\n<p>Mosaic Factor S.L. tamb\u00e9 es reserva el dret d&#8217;actualitzar, modificar o eliminar la informaci\u00f3 continguda al seu lloc web, aix\u00ed com la seva configuraci\u00f3 o presentaci\u00f3, en qualsevol moment sense assumir cap responsabilitat per aix\u00f2.<\/p>\n<p>&nbsp;<\/p>\n<h2>PROPIETAT INTELECTUAL I INDUSTRIAL<\/h2>\n<p>Mosaic Factor S.L. posseeix tots els drets del programari de publicaci\u00f3 digital i t\u00e9 els drets de propietat industrial i intel\u00b7lectual sobre el contingut incl\u00f2s, excepte pels drets sobre productes i serveis que s\u00f3n p\u00fablics i no propietat d\u2019aquesta empresa.<\/p>\n<p>Cap material publicat en aquest lloc web pot ser reprodu\u00eft, copiat o publicat sense el consentiment escrit de Mosaic Factor S.L.Tota la informaci\u00f3 rebuda al lloc web, com comentaris, suggeriments o idees, es considerar\u00e0 cedida a Mosaic Factor S.L. de manera gratu\u00efta. La informaci\u00f3 que no pugui ser tractada d\u2019aquesta manera no s\u2019ha d\u2019enviar.<\/p>\n<p>Tots els productes i serveis en aquestes p\u00e0gines que no s\u00f3n propietat de Mosaic Factor S.L. s\u00f3n marques registrades dels seus respectius propietaris i s\u00f3n reconeguts com a tals per la nostra companyia. Nom\u00e9s apareixen al lloc web de Mosaic Factor S.L. amb finalitats de promoci\u00f3 i recopilaci\u00f3 d\u2019informaci\u00f3. Aquests propietaris poden sol\u00b7licitar la modificaci\u00f3 o eliminaci\u00f3 de la informaci\u00f3 que els pertanyi.<\/p>\n<h2><\/h2>\n<h2>LLEI APLICABLE I JURISDICCI\u00d3<\/h2>\n<p>Aquestes condicions generals es regeixen per la legislaci\u00f3 espanyola. Per a qualsevol disputa que pugui sorgir relacionada amb el lloc web o l&#8217;activitat realitzada en aquest, els tribunals de Barcelona tindran jurisdicci\u00f3, i l&#8217;usuari renuncia expressament a qualsevol altra jurisdicci\u00f3 que pugui ser aplicable.[\/et_pb_text][\/et_pb_column][\/et_pb_row][\/et_pb_section]<\/p>\n","protected":false},"excerpt":{"rendered":"<p>Terms and conditionsINFORMACI\u00d3 GENERAL D&#8217;acord amb l&#8217;article 10 de la Llei 34\/2002, de 11 de juliol, de serveis de la societat de la informaci\u00f3 i del comer\u00e7 electr\u00f2nic, proporcionem la seg\u00fcent informaci\u00f3: Mosaic Factor S.L. est\u00e0 domiciliada al carrer Sancho de \u00c1vila 19, 5 &#8211; 1, 08018 Barcelona, amb NIF B66786724. Registrada en el Registre [&hellip;]<\/p>\n","protected":false},"author":1,"featured_media":5344,"parent":0,"menu_order":0,"comment_status":"closed","ping_status":"closed","template":"","meta":{"_acf_changed":false,"_et_pb_use_builder":"on","_et_pb_old_content":"","_et_gb_content_width":"","inline_featured_image":false,"footnotes":""},"class_list":["post-5340","page","type-page","status-publish","has-post-thumbnail","hentry"],"acf":[],"yoast_head":"<!-- This site is optimized with the Yoast SEO plugin v27.5 - https:\/\/yoast.com\/product\/yoast-seo-wordpress\/ -->\n<title>Av\u00eds Legal - Mosaic Factor<\/title>\n<meta name=\"description\" content=\"Av\u00eds legal del nostre lloc web. Si us plau, llegiu la nostra pol\u00edtica de privacitat, drets d&#039;autor i informaci\u00f3 legal sobre Mosaic Factor.\" \/>\n<meta name=\"robots\" content=\"index, follow, max-snippet:-1, max-image-preview:large, max-video-preview:-1\" \/>\n<link rel=\"canonical\" href=\"https:\/\/www.mosaicfactor.com\/ca\/avis-legal\/\" \/>\n<meta property=\"og:locale\" content=\"ca_ES\" \/>\n<meta property=\"og:type\" content=\"article\" \/>\n<meta property=\"og:title\" content=\"Av\u00eds Legal - Mosaic Factor\" \/>\n<meta property=\"og:description\" content=\"Av\u00eds legal del nostre lloc web. Si us plau, llegiu la nostra pol\u00edtica de privacitat, drets d&#039;autor i informaci\u00f3 legal sobre Mosaic Factor.\" \/>\n<meta property=\"og:url\" content=\"https:\/\/www.mosaicfactor.com\/ca\/avis-legal\/\" \/>\n<meta property=\"og:site_name\" content=\"Mosaic Factor\" \/>\n<meta property=\"article:modified_time\" content=\"2025-11-05T13:20:15+00:00\" \/>\n<meta property=\"og:image\" content=\"https:\/\/www.mosaicfactor.com\/wp-content\/uploads\/2024\/10\/background-contact-mosaic.webp\" \/>\n\t<meta property=\"og:image:width\" content=\"1842\" \/>\n\t<meta property=\"og:image:height\" content=\"509\" \/>\n\t<meta property=\"og:image:type\" content=\"image\/webp\" \/>\n<meta name=\"twitter:card\" content=\"summary_large_image\" \/>\n<meta name=\"twitter:site\" content=\"@mosaicfactor\" \/>\n<meta name=\"twitter:label1\" content=\"Temps estimat de lectura\" \/>\n\t<meta name=\"twitter:data1\" content=\"4 minuts\" \/>\n<script type=\"application\/ld+json\" class=\"yoast-schema-graph\">{\"@context\":\"https:\\\/\\\/schema.org\",\"@graph\":[{\"@type\":\"WebPage\",\"@id\":\"https:\\\/\\\/www.mosaicfactor.com\\\/ca\\\/avis-legal\\\/\",\"url\":\"https:\\\/\\\/www.mosaicfactor.com\\\/ca\\\/avis-legal\\\/\",\"name\":\"Av\u00eds Legal - Mosaic Factor\",\"isPartOf\":{\"@id\":\"https:\\\/\\\/www.mosaicfactor.com\\\/ca\\\/#website\"},\"primaryImageOfPage\":{\"@id\":\"https:\\\/\\\/www.mosaicfactor.com\\\/ca\\\/avis-legal\\\/#primaryimage\"},\"image\":{\"@id\":\"https:\\\/\\\/www.mosaicfactor.com\\\/ca\\\/avis-legal\\\/#primaryimage\"},\"thumbnailUrl\":\"https:\\\/\\\/www.mosaicfactor.com\\\/wp-content\\\/uploads\\\/2024\\\/10\\\/background-contact-mosaic.webp\",\"datePublished\":\"2024-11-09T17:50:03+00:00\",\"dateModified\":\"2025-11-05T13:20:15+00:00\",\"description\":\"Av\u00eds legal del nostre lloc web. Si us plau, llegiu la nostra pol\u00edtica de privacitat, drets d'autor i informaci\u00f3 legal sobre Mosaic Factor.\",\"breadcrumb\":{\"@id\":\"https:\\\/\\\/www.mosaicfactor.com\\\/ca\\\/avis-legal\\\/#breadcrumb\"},\"inLanguage\":\"ca\",\"potentialAction\":[{\"@type\":\"ReadAction\",\"target\":[\"https:\\\/\\\/www.mosaicfactor.com\\\/ca\\\/avis-legal\\\/\"]}]},{\"@type\":\"ImageObject\",\"inLanguage\":\"ca\",\"@id\":\"https:\\\/\\\/www.mosaicfactor.com\\\/ca\\\/avis-legal\\\/#primaryimage\",\"url\":\"https:\\\/\\\/www.mosaicfactor.com\\\/wp-content\\\/uploads\\\/2024\\\/10\\\/background-contact-mosaic.webp\",\"contentUrl\":\"https:\\\/\\\/www.mosaicfactor.com\\\/wp-content\\\/uploads\\\/2024\\\/10\\\/background-contact-mosaic.webp\",\"width\":1842,\"height\":509},{\"@type\":\"BreadcrumbList\",\"@id\":\"https:\\\/\\\/www.mosaicfactor.com\\\/ca\\\/avis-legal\\\/#breadcrumb\",\"itemListElement\":[{\"@type\":\"ListItem\",\"position\":1,\"name\":\"Portada\",\"item\":\"https:\\\/\\\/www.mosaicfactor.com\\\/ca\\\/\"},{\"@type\":\"ListItem\",\"position\":2,\"name\":\"Av\u00eds Legal\"}]},{\"@type\":\"WebSite\",\"@id\":\"https:\\\/\\\/www.mosaicfactor.com\\\/ca\\\/#website\",\"url\":\"https:\\\/\\\/www.mosaicfactor.com\\\/ca\\\/\",\"name\":\"Mosaic Factor\",\"description\":\"Solving problems with big data\",\"publisher\":{\"@id\":\"https:\\\/\\\/www.mosaicfactor.com\\\/ca\\\/#organization\"},\"potentialAction\":[{\"@type\":\"SearchAction\",\"target\":{\"@type\":\"EntryPoint\",\"urlTemplate\":\"https:\\\/\\\/www.mosaicfactor.com\\\/ca\\\/?s={search_term_string}\"},\"query-input\":{\"@type\":\"PropertyValueSpecification\",\"valueRequired\":true,\"valueName\":\"search_term_string\"}}],\"inLanguage\":\"ca\"},{\"@type\":\"Organization\",\"@id\":\"https:\\\/\\\/www.mosaicfactor.com\\\/ca\\\/#organization\",\"name\":\"Mosaic Factor SL\",\"url\":\"https:\\\/\\\/www.mosaicfactor.com\\\/ca\\\/\",\"logo\":{\"@type\":\"ImageObject\",\"inLanguage\":\"ca\",\"@id\":\"https:\\\/\\\/www.mosaicfactor.com\\\/ca\\\/#\\\/schema\\\/logo\\\/image\\\/\",\"url\":\"https:\\\/\\\/www.mosaicfactor.com\\\/wp-content\\\/uploads\\\/2024\\\/10\\\/logo-header-color-mosaic.webp\",\"contentUrl\":\"https:\\\/\\\/www.mosaicfactor.com\\\/wp-content\\\/uploads\\\/2024\\\/10\\\/logo-header-color-mosaic.webp\",\"width\":475,\"height\":114,\"caption\":\"Mosaic Factor SL\"},\"image\":{\"@id\":\"https:\\\/\\\/www.mosaicfactor.com\\\/ca\\\/#\\\/schema\\\/logo\\\/image\\\/\"},\"sameAs\":[\"https:\\\/\\\/x.com\\\/mosaicfactor\"]}]}<\/script>\n<!-- \/ Yoast SEO plugin. -->","yoast_head_json":{"title":"Av\u00eds Legal - Mosaic Factor","description":"Av\u00eds legal del nostre lloc web. Si us plau, llegiu la nostra pol\u00edtica de privacitat, drets d'autor i informaci\u00f3 legal sobre Mosaic Factor.","robots":{"index":"index","follow":"follow","max-snippet":"max-snippet:-1","max-image-preview":"max-image-preview:large","max-video-preview":"max-video-preview:-1"},"canonical":"https:\/\/www.mosaicfactor.com\/ca\/avis-legal\/","og_locale":"ca_ES","og_type":"article","og_title":"Av\u00eds Legal - Mosaic Factor","og_description":"Av\u00eds legal del nostre lloc web. Si us plau, llegiu la nostra pol\u00edtica de privacitat, drets d'autor i informaci\u00f3 legal sobre Mosaic Factor.","og_url":"https:\/\/www.mosaicfactor.com\/ca\/avis-legal\/","og_site_name":"Mosaic Factor","article_modified_time":"2025-11-05T13:20:15+00:00","og_image":[{"width":1842,"height":509,"url":"https:\/\/www.mosaicfactor.com\/wp-content\/uploads\/2024\/10\/background-contact-mosaic.webp","type":"image\/webp"}],"twitter_card":"summary_large_image","twitter_site":"@mosaicfactor","twitter_misc":{"Temps estimat de lectura":"4 minuts"},"schema":{"@context":"https:\/\/schema.org","@graph":[{"@type":"WebPage","@id":"https:\/\/www.mosaicfactor.com\/ca\/avis-legal\/","url":"https:\/\/www.mosaicfactor.com\/ca\/avis-legal\/","name":"Av\u00eds Legal - Mosaic Factor","isPartOf":{"@id":"https:\/\/www.mosaicfactor.com\/ca\/#website"},"primaryImageOfPage":{"@id":"https:\/\/www.mosaicfactor.com\/ca\/avis-legal\/#primaryimage"},"image":{"@id":"https:\/\/www.mosaicfactor.com\/ca\/avis-legal\/#primaryimage"},"thumbnailUrl":"https:\/\/www.mosaicfactor.com\/wp-content\/uploads\/2024\/10\/background-contact-mosaic.webp","datePublished":"2024-11-09T17:50:03+00:00","dateModified":"2025-11-05T13:20:15+00:00","description":"Av\u00eds legal del nostre lloc web. Si us plau, llegiu la nostra pol\u00edtica de privacitat, drets d'autor i informaci\u00f3 legal sobre Mosaic Factor.","breadcrumb":{"@id":"https:\/\/www.mosaicfactor.com\/ca\/avis-legal\/#breadcrumb"},"inLanguage":"ca","potentialAction":[{"@type":"ReadAction","target":["https:\/\/www.mosaicfactor.com\/ca\/avis-legal\/"]}]},{"@type":"ImageObject","inLanguage":"ca","@id":"https:\/\/www.mosaicfactor.com\/ca\/avis-legal\/#primaryimage","url":"https:\/\/www.mosaicfactor.com\/wp-content\/uploads\/2024\/10\/background-contact-mosaic.webp","contentUrl":"https:\/\/www.mosaicfactor.com\/wp-content\/uploads\/2024\/10\/background-contact-mosaic.webp","width":1842,"height":509},{"@type":"BreadcrumbList","@id":"https:\/\/www.mosaicfactor.com\/ca\/avis-legal\/#breadcrumb","itemListElement":[{"@type":"ListItem","position":1,"name":"Portada","item":"https:\/\/www.mosaicfactor.com\/ca\/"},{"@type":"ListItem","position":2,"name":"Av\u00eds Legal"}]},{"@type":"WebSite","@id":"https:\/\/www.mosaicfactor.com\/ca\/#website","url":"https:\/\/www.mosaicfactor.com\/ca\/","name":"Mosaic Factor","description":"Solving problems with big data","publisher":{"@id":"https:\/\/www.mosaicfactor.com\/ca\/#organization"},"potentialAction":[{"@type":"SearchAction","target":{"@type":"EntryPoint","urlTemplate":"https:\/\/www.mosaicfactor.com\/ca\/?s={search_term_string}"},"query-input":{"@type":"PropertyValueSpecification","valueRequired":true,"valueName":"search_term_string"}}],"inLanguage":"ca"},{"@type":"Organization","@id":"https:\/\/www.mosaicfactor.com\/ca\/#organization","name":"Mosaic Factor SL","url":"https:\/\/www.mosaicfactor.com\/ca\/","logo":{"@type":"ImageObject","inLanguage":"ca","@id":"https:\/\/www.mosaicfactor.com\/ca\/#\/schema\/logo\/image\/","url":"https:\/\/www.mosaicfactor.com\/wp-content\/uploads\/2024\/10\/logo-header-color-mosaic.webp","contentUrl":"https:\/\/www.mosaicfactor.com\/wp-content\/uploads\/2024\/10\/logo-header-color-mosaic.webp","width":475,"height":114,"caption":"Mosaic Factor SL"},"image":{"@id":"https:\/\/www.mosaicfactor.com\/ca\/#\/schema\/logo\/image\/"},"sameAs":["https:\/\/x.com\/mosaicfactor"]}]}},"_links":{"self":[{"href":"https:\/\/www.mosaicfactor.com\/ca\/wp-json\/wp\/v2\/pages\/5340","targetHints":{"allow":["GET"]}}],"collection":[{"href":"https:\/\/www.mosaicfactor.com\/ca\/wp-json\/wp\/v2\/pages"}],"about":[{"href":"https:\/\/www.mosaicfactor.com\/ca\/wp-json\/wp\/v2\/types\/page"}],"author":[{"embeddable":true,"href":"https:\/\/www.mosaicfactor.com\/ca\/wp-json\/wp\/v2\/users\/1"}],"replies":[{"embeddable":true,"href":"https:\/\/www.mosaicfactor.com\/ca\/wp-json\/wp\/v2\/comments?post=5340"}],"version-history":[{"count":15,"href":"https:\/\/www.mosaicfactor.com\/ca\/wp-json\/wp\/v2\/pages\/5340\/revisions"}],"predecessor-version":[{"id":5753,"href":"https:\/\/www.mosaicfactor.com\/ca\/wp-json\/wp\/v2\/pages\/5340\/revisions\/5753"}],"wp:featuredmedia":[{"embeddable":true,"href":"https:\/\/www.mosaicfactor.com\/ca\/wp-json\/wp\/v2\/media\/5344"}],"wp:attachment":[{"href":"https:\/\/www.mosaicfactor.com\/ca\/wp-json\/wp\/v2\/media?parent=5340"}],"curies":[{"name":"wp","href":"https:\/\/api.w.org\/{rel}","templated":true}]}}