{"id":5347,"date":"2024-11-09T18:26:42","date_gmt":"2024-11-09T17:26:42","guid":{"rendered":"https:\/\/www.mosaicfactor.com\/research-es\/"},"modified":"2025-10-15T12:44:36","modified_gmt":"2025-10-15T10:44:36","slug":"research","status":"publish","type":"page","link":"https:\/\/www.mosaicfactor.com\/ca\/research\/","title":{"rendered":"Research"},"content":{"rendered":"<p>[et_pb_section fb_built=&#8221;1&#8243; custom_padding_last_edited=&#8221;on|phone&#8221; _builder_version=&#8221;4.27.2&#8243; _module_preset=&#8221;default&#8221; background_image=&#8221;https:\/\/www.mosaicfactor.com\/wp-content\/uploads\/2024\/10\/background-team-mosaic.webp&#8221; width=&#8221;95%&#8221; max_width=&#8221;1600px&#8221; module_alignment=&#8221;center&#8221; custom_margin=&#8221;||1em||false|false&#8221; custom_padding_tablet=&#8221;&#8221; custom_padding_phone=&#8221;0px||0px||true|false&#8221; border_radii=&#8221;on|10px|10px|10px|10px&#8221; locked=&#8221;off&#8221; global_colors_info=&#8221;{}&#8221;][et_pb_row _builder_version=&#8221;4.27.2&#8243; _module_preset=&#8221;default&#8221; width_tablet=&#8221;&#8221; width_phone=&#8221;90%&#8221; width_last_edited=&#8221;on|phone&#8221; global_colors_info=&#8221;{}&#8221;][et_pb_column type=&#8221;4_4&#8243; _builder_version=&#8221;4.27.2&#8243; _module_preset=&#8221;default&#8221; global_colors_info=&#8221;{}&#8221;][et_pb_text _builder_version=&#8221;4.27.2&#8243; _module_preset=&#8221;default&#8221; text_font=&#8221;|||on|||||&#8221; text_text_color=&#8221;#FFFFFF&#8221; text_font_size=&#8221;20px&#8221; text_line_height=&#8221;1.4em&#8221; custom_margin=&#8221;||0.5em||false|false&#8221; global_colors_info=&#8221;{}&#8221;]<\/p>\n<p>Investigaci\u00f3<\/p>\n<p>[\/et_pb_text][et_pb_text _builder_version=&#8221;4.27.2&#8243; _module_preset=&#8221;default&#8221; header_text_color=&#8221;#FFFFFF&#8221; header_font_size=&#8221;50px&#8221; header_line_height=&#8221;1.4em&#8221; max_width=&#8221;70%&#8221; max_width_tablet=&#8221;70%&#8221; max_width_phone=&#8221;100%&#8221; max_width_last_edited=&#8221;on|phone&#8221; header_font_size_tablet=&#8221;50px&#8221; header_font_size_phone=&#8221;30px&#8221; header_font_size_last_edited=&#8221;on|phone&#8221; global_colors_info=&#8221;{}&#8221;]<\/p>\n<h1>Research Mosaic Factor<\/h1>\n<p>[\/et_pb_text][\/et_pb_column][\/et_pb_row][\/et_pb_section][et_pb_section fb_built=&#8221;1&#8243; _builder_version=&#8221;4.27.2&#8243; _module_preset=&#8221;default&#8221; custom_margin=&#8221;0px||2em||false|false&#8221; custom_padding=&#8221;0px||0px||true|false&#8221; locked=&#8221;off&#8221; global_colors_info=&#8221;{}&#8221;][et_pb_row column_structure=&#8221;2_3,1_3&#8243; _builder_version=&#8221;4.27.2&#8243; _module_preset=&#8221;default&#8221; width=&#8221;90%&#8221; global_colors_info=&#8221;{}&#8221;][et_pb_column type=&#8221;2_3&#8243; _builder_version=&#8221;4.27.2&#8243; _module_preset=&#8221;default&#8221; global_colors_info=&#8221;{}&#8221;][et_pb_text _builder_version=&#8221;4.27.2&#8243; _module_preset=&#8221;default&#8221; text_font=&#8221;|300|||||||&#8221; text_text_color=&#8221;#000000&#8243; text_font_size=&#8221;26px&#8221; text_line_height=&#8221;1.6em&#8221; header_line_height=&#8221;1.4em&#8221; module_alignment=&#8221;center&#8221; text_font_size_tablet=&#8221;24px&#8221; text_font_size_phone=&#8221;20px&#8221; text_font_size_last_edited=&#8221;on|phone&#8221; locked=&#8221;off&#8221; global_colors_info=&#8221;{}&#8221;]<\/p>\n<p>Mosaic Factor est\u00e0 especialitzada en innovaci\u00f3 basada en dades amb un fort enfocament en l\u2019intercanvi de dades i en tots els reptes i oportunitats relacionats en diversos sectors.<\/p>\n<p>[\/et_pb_text][et_pb_text _builder_version=&#8221;4.27.2&#8243; _module_preset=&#8221;default&#8221; text_font_size=&#8221;18px&#8221; text_line_height=&#8221;1.6em&#8221; locked=&#8221;off&#8221; global_colors_info=&#8221;{}&#8221;]<\/p>\n<p>Mosaic Factor treballa en estreta col\u00b7laboraci\u00f3 amb m\u00e9s de 80 entitats ubicades en 15 pa\u00efsos diferents d\u2019arreu d\u2019Europa per oferir innovaci\u00f3.<\/p>\n<p>[\/et_pb_text][et_pb_text _builder_version=&#8221;4.27.2&#8243; _module_preset=&#8221;default&#8221; text_font_size=&#8221;18px&#8221; text_line_height=&#8221;1.6em&#8221; locked=&#8221;off&#8221; global_colors_info=&#8221;{}&#8221;]<\/p>\n<ul>\n<li>Comissi\u00f3 Europea<\/li>\n<li>Govern espanyol<\/li>\n<li>Convocat\u00f2ries internacionals<\/li>\n<\/ul>\n<p>[\/et_pb_text][et_pb_text _builder_version=&#8221;4.27.2&#8243; _module_preset=&#8221;default&#8221; header_2_font=&#8221;|||on|||||&#8221; header_2_text_align=&#8221;center&#8221; header_2_font_size=&#8221;30px&#8221; header_3_font=&#8221;|600||on|||||&#8221; header_3_text_align=&#8221;center&#8221; header_3_font_size=&#8221;36px&#8221; global_colors_info=&#8221;{}&#8221;]<\/p>\n<h2>Els nostres socis<\/h2>\n<p>[\/et_pb_text][et_pb_gallery gallery_ids=&#8221;1737,1513,1572,1555,2628&#8243; posts_number=&#8221;99&#8243; show_title_and_caption=&#8221;off&#8221; show_pagination=&#8221;off&#8221; _builder_version=&#8221;4.27.2&#8243; _module_preset=&#8221;default&#8221; hover_enabled=&#8221;0&#8243; custom_css_free_form=&#8221;selector .et_pb_gallery_items{||  display:flex;||\tflex-flow:wrap;||\talign-items:center;||  justify-content:center;||}||selector img{||  width:auto;||  max-width:100px;||  height:auto;||  margin:0 2em;||}||&#8221; custom_css_gallery_item=&#8221;pointer-events:none;||max-width:fit-content;||margin:0;&#8221; global_colors_info=&#8221;{}&#8221; sticky_enabled=&#8221;0&#8243;][\/et_pb_gallery][\/et_pb_column][et_pb_column type=&#8221;1_3&#8243; module_id=&#8221;sidebar-news&#8221; _builder_version=&#8221;4.27.2&#8243; _module_preset=&#8221;default&#8221; global_colors_info=&#8221;{}&#8221;][et_pb_text _builder_version=&#8221;4.27.2&#8243; _module_preset=&#8221;default&#8221; header_2_font=&#8221;|||on|||||&#8221; header_2_text_color=&#8221;#000000&#8243; header_2_font_size=&#8221;20px&#8221; custom_margin=&#8221;||0.5em||false|false&#8221; locked=&#8221;off&#8221; global_colors_info=&#8221;{}&#8221;]<\/p>\n<h2>\u00daltims projectes<\/h2>\n<p>[\/et_pb_text][et_pb_code _builder_version=&#8221;4.27.2&#8243; _module_preset=&#8221;default&#8221; locked=&#8221;off&#8221; global_colors_info=&#8221;{}&#8221;]<ul><li><a href=\"https:\/\/www.mosaicfactor.com\/ca\/projects\/multimodal-inland-planner\/\">MULTIMODAL INLAND PLANNER<\/a><\/li><li><a href=\"https:\/\/www.mosaicfactor.com\/ca\/projects\/hidden\/\">HIDDEN<\/a><\/li><li><a href=\"https:\/\/www.mosaicfactor.com\/ca\/projects\/twin-loop\/\">TWIN-LOOP<\/a><\/li><li><a href=\"https:\/\/www.mosaicfactor.com\/ca\/projects\/abertis\/\">Abertis<\/a><\/li><li><a href=\"https:\/\/www.mosaicfactor.com\/ca\/projects\/autopista-c-32\/\">Autopista C-32<\/a><\/li><\/ul>[\/et_pb_code][et_pb_text _builder_version=&#8221;4.27.2&#8243; _module_preset=&#8221;default&#8221; header_2_font=&#8221;|||on|||||&#8221; header_2_text_color=&#8221;#000000&#8243; header_2_font_size=&#8221;20px&#8221; custom_margin=&#8221;||0.5em||false|false&#8221; locked=&#8221;off&#8221; global_colors_info=&#8221;{}&#8221;]<\/p>\n<h2>\u00daltimes not\u00edcies<\/h2>\n<p>[\/et_pb_text][et_pb_code _builder_version=&#8221;4.27.2&#8243; _module_preset=&#8221;default&#8221; locked=&#8221;off&#8221; global_colors_info=&#8221;{}&#8221;]<ul><li><a href=\"https:\/\/www.mosaicfactor.com\/ca\/mosaic-factor-suneix-al-bsc-ai-factory\/\">Mosaic Factor s&#8217;uneix al BSC AI Factory<\/a><\/li><li><a href=\"https:\/\/www.mosaicfactor.com\/ca\/bring-your-own-device-overview\/\">Bring Your Own Device overview<\/a><\/li><li><a href=\"https:\/\/www.mosaicfactor.com\/ca\/automated-shunting-as-a-service-platform\/\">Automated Shunting as a Service Platform<\/a><\/li><li><a href=\"https:\/\/www.mosaicfactor.com\/ca\/mobile-world-congress-2026-entrant-a-la-era-iq\/\">Mobile World Congress 2026: Entrant a la era IQ<\/a><\/li><li><a href=\"https:\/\/www.mosaicfactor.com\/ca\/twinops-i-myev-digital-twins-avencos-en-vehicles-electrics-definits-per-programari-a-la-conferencia-rtr\/\">TwinOps i MyEV Digital Twins: vehicles el\u00e8ctrics SDV a la Confer\u00e8ncia RTR<\/a><\/li><\/ul>[\/et_pb_code][\/et_pb_column][\/et_pb_row][\/et_pb_section]<\/p>\n","protected":false},"excerpt":{"rendered":"<p>[et_pb_section fb_built=&#8221;1&#8243; custom_padding_last_edited=&#8221;on|phone&#8221; _builder_version=&#8221;4.27.2&#8243; _module_preset=&#8221;default&#8221; background_image=&#8221;https:\/\/www.mosaicfactor.com\/wp-content\/uploads\/2024\/10\/background-team-mosaic.webp&#8221; width=&#8221;95%&#8221; max_width=&#8221;1600px&#8221; module_alignment=&#8221;center&#8221; custom_margin=&#8221;||1em||false|false&#8221; custom_padding_tablet=&#8221;&#8221; custom_padding_phone=&#8221;0px||0px||true|false&#8221; border_radii=&#8221;on|10px|10px|10px|10px&#8221; locked=&#8221;off&#8221; global_colors_info=&#8221;{}&#8221;][et_pb_row _builder_version=&#8221;4.27.2&#8243; _module_preset=&#8221;default&#8221; width_tablet=&#8221;&#8221; width_phone=&#8221;90%&#8221; width_last_edited=&#8221;on|phone&#8221; global_colors_info=&#8221;{}&#8221;][et_pb_column type=&#8221;4_4&#8243; _builder_version=&#8221;4.27.2&#8243; _module_preset=&#8221;default&#8221; global_colors_info=&#8221;{}&#8221;][et_pb_text _builder_version=&#8221;4.27.2&#8243; _module_preset=&#8221;default&#8221; text_font=&#8221;|||on|||||&#8221; text_text_color=&#8221;#FFFFFF&#8221; text_font_size=&#8221;20px&#8221; text_line_height=&#8221;1.4em&#8221; custom_margin=&#8221;||0.5em||false|false&#8221; global_colors_info=&#8221;{}&#8221;] Investigaci\u00f3 [\/et_pb_text][et_pb_text _builder_version=&#8221;4.27.2&#8243; _module_preset=&#8221;default&#8221; header_text_color=&#8221;#FFFFFF&#8221; header_font_size=&#8221;50px&#8221; header_line_height=&#8221;1.4em&#8221; max_width=&#8221;70%&#8221; max_width_tablet=&#8221;70%&#8221; max_width_phone=&#8221;100%&#8221; max_width_last_edited=&#8221;on|phone&#8221; header_font_size_tablet=&#8221;50px&#8221; header_font_size_phone=&#8221;30px&#8221; header_font_size_last_edited=&#8221;on|phone&#8221; global_colors_info=&#8221;{}&#8221;] Research Mosaic Factor [\/et_pb_text][\/et_pb_column][\/et_pb_row][\/et_pb_section][et_pb_section fb_built=&#8221;1&#8243; _builder_version=&#8221;4.27.2&#8243; _module_preset=&#8221;default&#8221; [&hellip;]<\/p>\n","protected":false},"author":1,"featured_media":5348,"parent":0,"menu_order":0,"comment_status":"closed","ping_status":"closed","template":"","meta":{"_acf_changed":false,"_et_pb_use_builder":"on","_et_pb_old_content":"","_et_gb_content_width":"","inline_featured_image":false,"footnotes":""},"class_list":["post-5347","page","type-page","status-publish","has-post-thumbnail","hentry"],"acf":[],"yoast_head":"<!-- This site is optimized with the Yoast SEO plugin v27.4 - https:\/\/yoast.com\/product\/yoast-seo-wordpress\/ -->\n<title>Mosaic Factor | El teu partner en IA + Big Data | Innovaci\u00f3<\/title>\n<meta name=\"description\" content=\"Mosaic Factor est\u00e0 especialitzada en innovaci\u00f3 basada en dades amb un fort enfocament en l\u2019intercanvi de dades i els reptes i oportunitats relacionats en diversos sectors.\" \/>\n<meta name=\"robots\" content=\"index, follow, max-snippet:-1, max-image-preview:large, max-video-preview:-1\" \/>\n<link rel=\"canonical\" href=\"https:\/\/www.mosaicfactor.com\/ca\/research\/\" \/>\n<meta property=\"og:locale\" content=\"ca_ES\" \/>\n<meta property=\"og:type\" content=\"article\" \/>\n<meta property=\"og:title\" content=\"Mosaic Factor | El teu partner en IA + Big Data | Innovaci\u00f3\" \/>\n<meta property=\"og:description\" content=\"Mosaic Factor est\u00e0 especialitzada en innovaci\u00f3 basada en dades amb un fort enfocament en l\u2019intercanvi de dades i els reptes i oportunitats relacionats en diversos sectors.\" \/>\n<meta property=\"og:url\" content=\"https:\/\/www.mosaicfactor.com\/ca\/research\/\" \/>\n<meta property=\"og:site_name\" content=\"Mosaic Factor\" \/>\n<meta property=\"article:modified_time\" content=\"2025-10-15T10:44:36+00:00\" \/>\n<meta property=\"og:image\" content=\"https:\/\/www.mosaicfactor.com\/wp-content\/uploads\/2024\/10\/background-team-mosaic.webp\" \/>\n\t<meta property=\"og:image:width\" content=\"1841\" \/>\n\t<meta property=\"og:image:height\" content=\"506\" \/>\n\t<meta property=\"og:image:type\" content=\"image\/webp\" \/>\n<meta name=\"twitter:card\" content=\"summary_large_image\" \/>\n<meta name=\"twitter:site\" content=\"@mosaicfactor\" \/>\n<meta name=\"twitter:label1\" content=\"Temps estimat de lectura\" \/>\n\t<meta name=\"twitter:data1\" content=\"3 minuts\" \/>\n<script type=\"application\/ld+json\" class=\"yoast-schema-graph\">{\"@context\":\"https:\\\/\\\/schema.org\",\"@graph\":[{\"@type\":\"WebPage\",\"@id\":\"https:\\\/\\\/www.mosaicfactor.com\\\/ca\\\/research\\\/\",\"url\":\"https:\\\/\\\/www.mosaicfactor.com\\\/ca\\\/research\\\/\",\"name\":\"Mosaic Factor | El teu partner en IA + Big Data | Innovaci\u00f3\",\"isPartOf\":{\"@id\":\"https:\\\/\\\/www.mosaicfactor.com\\\/ca\\\/#website\"},\"primaryImageOfPage\":{\"@id\":\"https:\\\/\\\/www.mosaicfactor.com\\\/ca\\\/research\\\/#primaryimage\"},\"image\":{\"@id\":\"https:\\\/\\\/www.mosaicfactor.com\\\/ca\\\/research\\\/#primaryimage\"},\"thumbnailUrl\":\"https:\\\/\\\/www.mosaicfactor.com\\\/wp-content\\\/uploads\\\/2024\\\/10\\\/background-team-mosaic.webp\",\"datePublished\":\"2024-11-09T17:26:42+00:00\",\"dateModified\":\"2025-10-15T10:44:36+00:00\",\"description\":\"Mosaic Factor est\u00e0 especialitzada en innovaci\u00f3 basada en dades amb un fort enfocament en l\u2019intercanvi de dades i els reptes i oportunitats relacionats en diversos sectors.\",\"breadcrumb\":{\"@id\":\"https:\\\/\\\/www.mosaicfactor.com\\\/ca\\\/research\\\/#breadcrumb\"},\"inLanguage\":\"ca\",\"potentialAction\":[{\"@type\":\"ReadAction\",\"target\":[\"https:\\\/\\\/www.mosaicfactor.com\\\/ca\\\/research\\\/\"]}]},{\"@type\":\"ImageObject\",\"inLanguage\":\"ca\",\"@id\":\"https:\\\/\\\/www.mosaicfactor.com\\\/ca\\\/research\\\/#primaryimage\",\"url\":\"https:\\\/\\\/www.mosaicfactor.com\\\/wp-content\\\/uploads\\\/2024\\\/10\\\/background-team-mosaic.webp\",\"contentUrl\":\"https:\\\/\\\/www.mosaicfactor.com\\\/wp-content\\\/uploads\\\/2024\\\/10\\\/background-team-mosaic.webp\",\"width\":1841,\"height\":506},{\"@type\":\"BreadcrumbList\",\"@id\":\"https:\\\/\\\/www.mosaicfactor.com\\\/ca\\\/research\\\/#breadcrumb\",\"itemListElement\":[{\"@type\":\"ListItem\",\"position\":1,\"name\":\"Portada\",\"item\":\"https:\\\/\\\/www.mosaicfactor.com\\\/ca\\\/\"},{\"@type\":\"ListItem\",\"position\":2,\"name\":\"Research\"}]},{\"@type\":\"WebSite\",\"@id\":\"https:\\\/\\\/www.mosaicfactor.com\\\/ca\\\/#website\",\"url\":\"https:\\\/\\\/www.mosaicfactor.com\\\/ca\\\/\",\"name\":\"Mosaic Factor\",\"description\":\"Solving problems with big data\",\"publisher\":{\"@id\":\"https:\\\/\\\/www.mosaicfactor.com\\\/ca\\\/#organization\"},\"potentialAction\":[{\"@type\":\"SearchAction\",\"target\":{\"@type\":\"EntryPoint\",\"urlTemplate\":\"https:\\\/\\\/www.mosaicfactor.com\\\/ca\\\/?s={search_term_string}\"},\"query-input\":{\"@type\":\"PropertyValueSpecification\",\"valueRequired\":true,\"valueName\":\"search_term_string\"}}],\"inLanguage\":\"ca\"},{\"@type\":\"Organization\",\"@id\":\"https:\\\/\\\/www.mosaicfactor.com\\\/ca\\\/#organization\",\"name\":\"Mosaic Factor SL\",\"url\":\"https:\\\/\\\/www.mosaicfactor.com\\\/ca\\\/\",\"logo\":{\"@type\":\"ImageObject\",\"inLanguage\":\"ca\",\"@id\":\"https:\\\/\\\/www.mosaicfactor.com\\\/ca\\\/#\\\/schema\\\/logo\\\/image\\\/\",\"url\":\"https:\\\/\\\/www.mosaicfactor.com\\\/wp-content\\\/uploads\\\/2024\\\/10\\\/logo-header-color-mosaic.webp\",\"contentUrl\":\"https:\\\/\\\/www.mosaicfactor.com\\\/wp-content\\\/uploads\\\/2024\\\/10\\\/logo-header-color-mosaic.webp\",\"width\":475,\"height\":114,\"caption\":\"Mosaic Factor SL\"},\"image\":{\"@id\":\"https:\\\/\\\/www.mosaicfactor.com\\\/ca\\\/#\\\/schema\\\/logo\\\/image\\\/\"},\"sameAs\":[\"https:\\\/\\\/x.com\\\/mosaicfactor\"]}]}<\/script>\n<!-- \/ Yoast SEO plugin. -->","yoast_head_json":{"title":"Mosaic Factor | El teu partner en IA + Big Data | Innovaci\u00f3","description":"Mosaic Factor est\u00e0 especialitzada en innovaci\u00f3 basada en dades amb un fort enfocament en l\u2019intercanvi de dades i els reptes i oportunitats relacionats en diversos sectors.","robots":{"index":"index","follow":"follow","max-snippet":"max-snippet:-1","max-image-preview":"max-image-preview:large","max-video-preview":"max-video-preview:-1"},"canonical":"https:\/\/www.mosaicfactor.com\/ca\/research\/","og_locale":"ca_ES","og_type":"article","og_title":"Mosaic Factor | El teu partner en IA + Big Data | Innovaci\u00f3","og_description":"Mosaic Factor est\u00e0 especialitzada en innovaci\u00f3 basada en dades amb un fort enfocament en l\u2019intercanvi de dades i els reptes i oportunitats relacionats en diversos sectors.","og_url":"https:\/\/www.mosaicfactor.com\/ca\/research\/","og_site_name":"Mosaic Factor","article_modified_time":"2025-10-15T10:44:36+00:00","og_image":[{"width":1841,"height":506,"url":"https:\/\/www.mosaicfactor.com\/wp-content\/uploads\/2024\/10\/background-team-mosaic.webp","type":"image\/webp"}],"twitter_card":"summary_large_image","twitter_site":"@mosaicfactor","twitter_misc":{"Temps estimat de lectura":"3 minuts"},"schema":{"@context":"https:\/\/schema.org","@graph":[{"@type":"WebPage","@id":"https:\/\/www.mosaicfactor.com\/ca\/research\/","url":"https:\/\/www.mosaicfactor.com\/ca\/research\/","name":"Mosaic Factor | El teu partner en IA + Big Data | Innovaci\u00f3","isPartOf":{"@id":"https:\/\/www.mosaicfactor.com\/ca\/#website"},"primaryImageOfPage":{"@id":"https:\/\/www.mosaicfactor.com\/ca\/research\/#primaryimage"},"image":{"@id":"https:\/\/www.mosaicfactor.com\/ca\/research\/#primaryimage"},"thumbnailUrl":"https:\/\/www.mosaicfactor.com\/wp-content\/uploads\/2024\/10\/background-team-mosaic.webp","datePublished":"2024-11-09T17:26:42+00:00","dateModified":"2025-10-15T10:44:36+00:00","description":"Mosaic Factor est\u00e0 especialitzada en innovaci\u00f3 basada en dades amb un fort enfocament en l\u2019intercanvi de dades i els reptes i oportunitats relacionats en diversos sectors.","breadcrumb":{"@id":"https:\/\/www.mosaicfactor.com\/ca\/research\/#breadcrumb"},"inLanguage":"ca","potentialAction":[{"@type":"ReadAction","target":["https:\/\/www.mosaicfactor.com\/ca\/research\/"]}]},{"@type":"ImageObject","inLanguage":"ca","@id":"https:\/\/www.mosaicfactor.com\/ca\/research\/#primaryimage","url":"https:\/\/www.mosaicfactor.com\/wp-content\/uploads\/2024\/10\/background-team-mosaic.webp","contentUrl":"https:\/\/www.mosaicfactor.com\/wp-content\/uploads\/2024\/10\/background-team-mosaic.webp","width":1841,"height":506},{"@type":"BreadcrumbList","@id":"https:\/\/www.mosaicfactor.com\/ca\/research\/#breadcrumb","itemListElement":[{"@type":"ListItem","position":1,"name":"Portada","item":"https:\/\/www.mosaicfactor.com\/ca\/"},{"@type":"ListItem","position":2,"name":"Research"}]},{"@type":"WebSite","@id":"https:\/\/www.mosaicfactor.com\/ca\/#website","url":"https:\/\/www.mosaicfactor.com\/ca\/","name":"Mosaic Factor","description":"Solving problems with big data","publisher":{"@id":"https:\/\/www.mosaicfactor.com\/ca\/#organization"},"potentialAction":[{"@type":"SearchAction","target":{"@type":"EntryPoint","urlTemplate":"https:\/\/www.mosaicfactor.com\/ca\/?s={search_term_string}"},"query-input":{"@type":"PropertyValueSpecification","valueRequired":true,"valueName":"search_term_string"}}],"inLanguage":"ca"},{"@type":"Organization","@id":"https:\/\/www.mosaicfactor.com\/ca\/#organization","name":"Mosaic Factor SL","url":"https:\/\/www.mosaicfactor.com\/ca\/","logo":{"@type":"ImageObject","inLanguage":"ca","@id":"https:\/\/www.mosaicfactor.com\/ca\/#\/schema\/logo\/image\/","url":"https:\/\/www.mosaicfactor.com\/wp-content\/uploads\/2024\/10\/logo-header-color-mosaic.webp","contentUrl":"https:\/\/www.mosaicfactor.com\/wp-content\/uploads\/2024\/10\/logo-header-color-mosaic.webp","width":475,"height":114,"caption":"Mosaic Factor SL"},"image":{"@id":"https:\/\/www.mosaicfactor.com\/ca\/#\/schema\/logo\/image\/"},"sameAs":["https:\/\/x.com\/mosaicfactor"]}]}},"_links":{"self":[{"href":"https:\/\/www.mosaicfactor.com\/ca\/wp-json\/wp\/v2\/pages\/5347","targetHints":{"allow":["GET"]}}],"collection":[{"href":"https:\/\/www.mosaicfactor.com\/ca\/wp-json\/wp\/v2\/pages"}],"about":[{"href":"https:\/\/www.mosaicfactor.com\/ca\/wp-json\/wp\/v2\/types\/page"}],"author":[{"embeddable":true,"href":"https:\/\/www.mosaicfactor.com\/ca\/wp-json\/wp\/v2\/users\/1"}],"replies":[{"embeddable":true,"href":"https:\/\/www.mosaicfactor.com\/ca\/wp-json\/wp\/v2\/comments?post=5347"}],"version-history":[{"count":10,"href":"https:\/\/www.mosaicfactor.com\/ca\/wp-json\/wp\/v2\/pages\/5347\/revisions"}],"predecessor-version":[{"id":5652,"href":"https:\/\/www.mosaicfactor.com\/ca\/wp-json\/wp\/v2\/pages\/5347\/revisions\/5652"}],"wp:featuredmedia":[{"embeddable":true,"href":"https:\/\/www.mosaicfactor.com\/ca\/wp-json\/wp\/v2\/media\/5348"}],"wp:attachment":[{"href":"https:\/\/www.mosaicfactor.com\/ca\/wp-json\/wp\/v2\/media?parent=5347"}],"curies":[{"name":"wp","href":"https:\/\/api.w.org\/{rel}","templated":true}]}}