{"id":5355,"date":"2024-11-06T15:49:14","date_gmt":"2024-11-06T14:49:14","guid":{"rendered":"https:\/\/www.mosaicfactor.com\/pla-digualtat\/"},"modified":"2025-10-14T13:50:59","modified_gmt":"2025-10-14T11:50:59","slug":"pla-digualtat","status":"publish","type":"page","link":"https:\/\/www.mosaicfactor.com\/ca\/pla-digualtat\/","title":{"rendered":"Pla d\u2019Igualtat"},"content":{"rendered":"<p>[et_pb_section fb_built=&#8221;1&#8243; custom_padding_last_edited=&#8221;on|phone&#8221; _builder_version=&#8221;4.27.2&#8243; _module_preset=&#8221;default&#8221; background_image=&#8221;https:\/\/www.mosaicfactor.com\/wp-content\/uploads\/2024\/10\/background-team-mosaic.webp&#8221; width=&#8221;95%&#8221; max_width=&#8221;1600px&#8221; module_alignment=&#8221;center&#8221; custom_margin=&#8221;||1em||false|false&#8221; custom_padding_tablet=&#8221;&#8221; custom_padding_phone=&#8221;0px||0px||true|false&#8221; border_radii=&#8221;on|10px|10px|10px|10px&#8221; locked=&#8221;off&#8221; global_colors_info=&#8221;{}&#8221;][et_pb_row _builder_version=&#8221;4.27.2&#8243; _module_preset=&#8221;default&#8221; width_tablet=&#8221;&#8221; width_phone=&#8221;90%&#8221; width_last_edited=&#8221;on|phone&#8221; global_colors_info=&#8221;{}&#8221;][et_pb_column type=&#8221;4_4&#8243; _builder_version=&#8221;4.27.2&#8243; _module_preset=&#8221;default&#8221; global_colors_info=&#8221;{}&#8221;][et_pb_text _builder_version=&#8221;4.27.2&#8243; _module_preset=&#8221;default&#8221; text_font=&#8221;|||on|||||&#8221; text_text_color=&#8221;#FFFFFF&#8221; text_font_size=&#8221;20px&#8221; text_line_height=&#8221;1.4em&#8221; custom_margin=&#8221;||0.5em||false|false&#8221; global_colors_info=&#8221;{}&#8221;]<\/p>\n<p>Pla d\u2019Igualtat<\/p>\n<p>[\/et_pb_text][et_pb_text _builder_version=&#8221;4.27.2&#8243; _module_preset=&#8221;default&#8221; header_text_color=&#8221;#FFFFFF&#8221; header_font_size=&#8221;50px&#8221; header_line_height=&#8221;1.4em&#8221; max_width=&#8221;70%&#8221; max_width_tablet=&#8221;70%&#8221; max_width_phone=&#8221;100%&#8221; max_width_last_edited=&#8221;on|phone&#8221; header_font_size_tablet=&#8221;50px&#8221; header_font_size_phone=&#8221;30px&#8221; header_font_size_last_edited=&#8221;on|phone&#8221; global_colors_info=&#8221;{}&#8221;]<\/p>\n<h1>Mosaic Factor \u00e9s una empresa que ofereix igualtat d\u2019oportunitats<\/h1>\n<p>[\/et_pb_text][\/et_pb_column][\/et_pb_row][\/et_pb_section][et_pb_section fb_built=&#8221;1&#8243; _builder_version=&#8221;4.27.2&#8243; _module_preset=&#8221;default&#8221; custom_margin=&#8221;0px||2em||false|false&#8221; custom_padding=&#8221;0px||0px||true|false&#8221; locked=&#8221;off&#8221; global_colors_info=&#8221;{}&#8221;][et_pb_row _builder_version=&#8221;4.27.2&#8243; _module_preset=&#8221;default&#8221; global_colors_info=&#8221;{}&#8221;][et_pb_column type=&#8221;4_4&#8243; _builder_version=&#8221;4.27.2&#8243; _module_preset=&#8221;default&#8221; global_colors_info=&#8221;{}&#8221;][et_pb_text _builder_version=&#8221;4.27.2&#8243; _module_preset=&#8221;default&#8221; text_font=&#8221;|300|||||||&#8221; text_text_color=&#8221;#000000&#8243; text_font_size=&#8221;26px&#8221; text_line_height=&#8221;1.6em&#8221; header_line_height=&#8221;1.4em&#8221; module_alignment=&#8221;center&#8221; text_font_size_tablet=&#8221;24px&#8221; text_font_size_phone=&#8221;20px&#8221; text_font_size_last_edited=&#8221;on|phone&#8221; locked=&#8221;off&#8221; global_colors_info=&#8221;{}&#8221;]<\/p>\n<p>Mosaic Factor, en el seu esfor\u00e7 per salvaguardar la dignitat de tots els seus treballadors i treballadores que la integren, es compromet a crear i mantenir un entorn respectu\u00f3s amb la dignitat i la llibertat personal.<\/p>\n<p>[\/et_pb_text][\/et_pb_column][\/et_pb_row][et_pb_row _builder_version=&#8221;4.27.2&#8243; _module_preset=&#8221;default&#8221; global_colors_info=&#8221;{}&#8221;][et_pb_column type=&#8221;4_4&#8243; _builder_version=&#8221;4.27.2&#8243; _module_preset=&#8221;default&#8221; global_colors_info=&#8221;{}&#8221;][et_pb_text _builder_version=&#8221;4.27.2&#8243; _module_preset=&#8221;default&#8221; text_font_size=&#8221;18px&#8221; text_line_height=&#8221;1.6em&#8221; locked=&#8221;off&#8221; global_colors_info=&#8221;{}&#8221;]<\/p>\n<p>El comprom\u00eds i la sensibilitat amb la igualtat entre els diferents g\u00e8neres s\u00f3n molt presents en els debats, per\u00f2 encara existeixen manifestacions de desigualtat en la nostra societat. A nivell laboral inclouen:<\/p>\n<p>[\/et_pb_text][\/et_pb_column][\/et_pb_row][et_pb_row column_structure=&#8221;1_2,1_2&#8243; _builder_version=&#8221;4.27.2&#8243; _module_preset=&#8221;default&#8221; global_colors_info=&#8221;{}&#8221;][et_pb_column type=&#8221;1_2&#8243; _builder_version=&#8221;4.27.2&#8243; _module_preset=&#8221;default&#8221; global_colors_info=&#8221;{}&#8221;][et_pb_text _builder_version=&#8221;4.27.2&#8243; _module_preset=&#8221;default&#8221; text_font_size=&#8221;18px&#8221; text_line_height=&#8221;1.6em&#8221; ul_line_height=&#8221;1.6em&#8221; locked=&#8221;off&#8221; global_colors_info=&#8221;{}&#8221;]<\/p>\n<ul>\n<li>Les desigualtats que pateixen les dones en l\u2019\u00e0mbit laboral s\u00f3n sist\u00e8mices i persistents, i es reflecteixen de diferents formes, entre elles, la discriminaci\u00f3 salarial i les difer\u00e8ncies retributives.<\/li>\n<\/ul>\n<p>[\/et_pb_text][\/et_pb_column][et_pb_column type=&#8221;1_2&#8243; _builder_version=&#8221;4.27.2&#8243; _module_preset=&#8221;default&#8221; global_colors_info=&#8221;{}&#8221;][et_pb_text _builder_version=&#8221;4.27.2&#8243; _module_preset=&#8221;default&#8221; text_font_size=&#8221;18px&#8221; text_line_height=&#8221;1.6em&#8221; locked=&#8221;off&#8221; global_colors_info=&#8221;{}&#8221;]<\/p>\n<ul>\n<li>La pres\u00e8ncia de qualsevol sup\u00f2sit d\u2019assetjament en l\u2019entorn laboral. Aquest fenomen, a m\u00e9s, atenta contra un nombre significatiu de drets fonamentals b\u00e0sics de la persona: la llibertat, la intimitat i la dignitat, la no discriminaci\u00f3 per ra\u00f3 de sexe, la seguretat, la salut i la integritat f\u00edsica i moral.<\/li>\n<\/ul>\n<p>[\/et_pb_text][\/et_pb_column][\/et_pb_row][et_pb_row _builder_version=&#8221;4.27.2&#8243; _module_preset=&#8221;default&#8221; global_colors_info=&#8221;{}&#8221;][et_pb_column type=&#8221;4_4&#8243; _builder_version=&#8221;4.27.2&#8243; _module_preset=&#8221;default&#8221; global_colors_info=&#8221;{}&#8221;][et_pb_text _builder_version=&#8221;4.27.2&#8243; _module_preset=&#8221;default&#8221; text_font_size=&#8221;18px&#8221; text_line_height=&#8221;1.6em&#8221; locked=&#8221;off&#8221; global_colors_info=&#8221;{}&#8221;]<\/p>\n<p>Per aix\u00f2, el nostre comprom\u00eds a Mosaic Factor \u00e9s vetllar per l\u2019aplicaci\u00f3 real del nostre <strong>Pla d\u2019Igualtat<\/strong> (pla certificat pel nostre partner de compliment normatiu, Conversia).<\/p>\n<p>[\/et_pb_text][et_pb_text _builder_version=&#8221;4.27.2&#8243; _module_preset=&#8221;default&#8221; text_font=&#8221;|300|||||||&#8221; text_text_color=&#8221;#000000&#8243; text_font_size=&#8221;26px&#8221; text_line_height=&#8221;1.6em&#8221; link_font=&#8221;||||on||||&#8221; link_text_color=&#8221;#000000&#8243; ol_line_height=&#8221;1.6em&#8221; header_line_height=&#8221;1.4em&#8221; max_width=&#8221;1100px&#8221; module_alignment=&#8221;center&#8221; text_font_size_tablet=&#8221;24px&#8221; text_font_size_phone=&#8221;20px&#8221; text_font_size_last_edited=&#8221;on|phone&#8221; custom_css_main_element=&#8221;    text-indent: -1em;&#8221; locked=&#8221;off&#8221; global_colors_info=&#8221;{}&#8221;]<\/p>\n<ol>\n<li>Pots revisar el nostre <a href=\"https:\/\/www.mosaicfactor.com\/wp-content\/uploads\/2024\/11\/AboutUs-GEP-Protocolo-Prevencion-Acoso.pdf\"><strong>protocol de prevenci\u00f3<\/strong><\/a> de l\u2019assetjament laboral i sexual per <em>ra\u00f3 de g\u00e8nere<\/em><\/li>\n<li>Aix\u00ed com accedir a les nostres <em>mesures per a la igualtat<\/em>, <a href=\"https:\/\/www.mosaicfactor.com\/wp-content\/uploads\/2024\/11\/AboutUs-GEP-Pautas-Registro-Salarial.pdf\"><strong>incloent el nostre document de registre salarial<\/strong><\/a><\/li>\n<\/ol>\n<p>[\/et_pb_text][\/et_pb_column][\/et_pb_row][\/et_pb_section][et_pb_section fb_built=&#8221;1&#8243; admin_label=&#8221;section&#8221; _builder_version=&#8221;4.27.2&#8243; _module_preset=&#8221;default&#8221; custom_margin=&#8221;0px||0px||true|false&#8221; custom_padding=&#8221;0px||0px||true|false&#8221; saved_tabs=&#8221;all&#8221; locked=&#8221;off&#8221; global_colors_info=&#8221;{}&#8221;][et_pb_row column_structure=&#8221;1_4,3_4&#8243; custom_padding_last_edited=&#8221;on|phone&#8221; _builder_version=&#8221;4.27.2&#8243; _module_preset=&#8221;default&#8221; background_image=&#8221;https:\/\/www.mosaicfactor.com\/wp-content\/uploads\/2024\/10\/background-form-mosaic.webp&#8221; width=&#8221;95%&#8221; custom_padding=&#8221;|3em||3em|false|true&#8221; custom_padding_tablet=&#8221;&#8221; custom_padding_phone=&#8221;|1em||1em|false|true&#8221; border_radii=&#8221;on|10px|10px|10px|10px&#8221; global_colors_info=&#8221;{}&#8221;][et_pb_column type=&#8221;1_4&#8243; _builder_version=&#8221;4.27.2&#8243; _module_preset=&#8221;default&#8221; global_colors_info=&#8221;{}&#8221;][et_pb_text _builder_version=&#8221;4.27.2&#8243; _module_preset=&#8221;default&#8221; header_3_font=&#8221;|600||on|||||&#8221; header_3_text_align=&#8221;left&#8221; header_3_text_color=&#8221;#FFFFFF&#8221; header_3_font_size=&#8221;30px&#8221; header_3_line_height=&#8221;1.2em&#8221; custom_margin=&#8221;||0.5em||false|false&#8221; header_3_font_size_tablet=&#8221;&#8221; header_3_font_size_phone=&#8221;26px&#8221; header_3_font_size_last_edited=&#8221;on|phone&#8221; global_colors_info=&#8221;{}&#8221;]<\/p>\n<h3>Tens alguna pregunta?<\/h3>\n<p>[\/et_pb_text][et_pb_text _builder_version=&#8221;4.27.2&#8243; _module_preset=&#8221;default&#8221; text_font=&#8221;|300|||||||&#8221; text_text_color=&#8221;#FFFFFF&#8221; text_font_size=&#8221;20px&#8221; text_line_height=&#8221;1.4em&#8221; global_colors_info=&#8221;{}&#8221;]<\/p>\n<p><strong>Sempre estem preparats per ajudar-te<\/strong> i respondre a les teves preguntes.<\/p>\n<p>[\/et_pb_text][\/et_pb_column][et_pb_column type=&#8221;3_4&#8243; _builder_version=&#8221;4.27.2&#8243; _module_preset=&#8221;default&#8221; global_colors_info=&#8221;{}&#8221;][et_pb_code _builder_version=&#8221;4.27.2&#8243; _module_preset=&#8221;default&#8221; global_colors_info=&#8221;{}&#8221;]<pee>\n<div class=\"wpcf7 no-js\" id=\"wpcf7-f5393-o1\" lang=\"es-ES\" dir=\"ltr\" data-wpcf7-id=\"5393\">\n<div class=\"screen-reader-response\"><p role=\"status\" aria-live=\"polite\" aria-atomic=\"true\"><\/p> <ul><\/ul><\/div>\n<form action=\"\/ca\/wp-json\/wp\/v2\/pages\/5355#wpcf7-f5393-o1\" method=\"post\" class=\"wpcf7-form init\" aria-label=\"Formulario de contacto\" novalidate=\"novalidate\" data-status=\"init\">\n<div style=\"display: none;\">\n<input type=\"hidden\" name=\"_wpcf7\" value=\"5393\" \/>\n<input type=\"hidden\" name=\"_wpcf7_version\" value=\"6.0.2\" \/>\n<input type=\"hidden\" name=\"_wpcf7_locale\" value=\"es_ES\" \/>\n<input type=\"hidden\" name=\"_wpcf7_unit_tag\" value=\"wpcf7-f5393-o1\" \/>\n<input type=\"hidden\" name=\"_wpcf7_container_post\" value=\"0\" \/>\n<input type=\"hidden\" name=\"_wpcf7_posted_data_hash\" value=\"\" \/>\n<\/div>\n<div class=\"form-izq\">\n\t<p><span class=\"wpcf7-form-control-wrap\" data-name=\"nombre\"><input size=\"40\" maxlength=\"400\" class=\"wpcf7-form-control wpcf7-text wpcf7-validates-as-required\" autocomplete=\"name\" aria-required=\"true\" aria-invalid=\"false\" placeholder=\"Nom complet *\" value=\"\" type=\"text\" name=\"nombre\" \/><\/span><br \/>\n<span class=\"wpcf7-form-control-wrap\" data-name=\"correo\"><input size=\"40\" maxlength=\"400\" class=\"wpcf7-form-control wpcf7-email wpcf7-validates-as-required wpcf7-text wpcf7-validates-as-email\" autocomplete=\"email\" aria-required=\"true\" aria-invalid=\"false\" placeholder=\"Correu electr\u00f2nic *\" value=\"\" type=\"email\" name=\"correo\" \/><\/span><br \/>\n<span class=\"wpcf7-form-control-wrap\" data-name=\"telefono\"><input size=\"40\" maxlength=\"400\" class=\"wpcf7-form-control wpcf7-tel wpcf7-validates-as-required wpcf7-text wpcf7-validates-as-tel\" autocomplete=\"phone\" aria-required=\"true\" aria-invalid=\"false\" placeholder=\"Tel\u00e8fon *\" value=\"\" type=\"tel\" name=\"telefono\" \/><\/span><br \/>\n<span class=\"wpcf7-form-control-wrap\" data-name=\"company\"><input size=\"40\" maxlength=\"400\" class=\"wpcf7-form-control wpcf7-text\" autocomplete=\"company\" aria-invalid=\"false\" placeholder=\"Empresa\" value=\"\" type=\"text\" name=\"company\" \/><\/span><br \/>\n<span class=\"wpcf7-form-control-wrap\" data-name=\"website\"><input size=\"40\" maxlength=\"400\" class=\"wpcf7-form-control wpcf7-text\" autocomplete=\"website\" aria-invalid=\"false\" placeholder=\"Web\" value=\"\" type=\"text\" name=\"website\" \/><\/span>\n\t<\/p>\n<\/div>\n<div class=\"form-dch\">\n\t<p><span class=\"wpcf7-form-control-wrap\" data-name=\"mensaje\"><textarea cols=\"40\" rows=\"10\" maxlength=\"2000\" class=\"wpcf7-form-control wpcf7-textarea wpcf7-validates-as-required\" aria-required=\"true\" aria-invalid=\"false\" placeholder=\"Missatge *\" name=\"mensaje\"><\/textarea><\/span>\n\t<\/p>\n\t<p>*Els camps marcats amb un asterisc s\u00f3n obligatoris.\n\t<\/p>\n\t<p><span id=\"wpcf7-69fdf38949a48-wrapper\" class=\"wpcf7-form-control-wrap email-wrap\" style=\"display:none !important; visibility:hidden !important;\"><label for=\"wpcf7-69fdf38949a48-field\" class=\"hp-message\">Por favor, deja este campo vac\u00edo.<\/label><input id=\"wpcf7-69fdf38949a48-field\"  class=\"wpcf7-form-control wpcf7-text\" type=\"text\" name=\"email\" value=\"\" size=\"40\" tabindex=\"-1\" autocomplete=\"new-password\" \/><\/span>\n\t<\/p>\n\t<div class=\"privacidad\">\n\t\t<p><label><span class=\"wpcf7-form-control-wrap\" data-name=\"privacidad\"><span class=\"wpcf7-form-control wpcf7-acceptance\"><span class=\"wpcf7-list-item\"><input type=\"checkbox\" name=\"privacidad\" value=\"1\" aria-invalid=\"false\" \/><\/span><\/span><\/span> He llegit i accepto la pol\u00edtica de privacitat.<\/label>\n\t\t<\/p>\n\t\t<div class=\"btn-submit\">\n\t\t\t<p><input class=\"wpcf7-form-control wpcf7-submit has-spinner\" type=\"submit\" value=\"Enviar\" \/>\n\t\t\t<\/p>\n\t\t<\/div>\n\t<\/div>\n<\/div><div class=\"wpcf7-response-output\" aria-hidden=\"true\"><\/div>\n<\/form>\n<\/div>\n<\/pee>[\/et_pb_code][\/et_pb_column][\/et_pb_row][\/et_pb_section]<\/p>\n","protected":false},"excerpt":{"rendered":"<p>Pla d\u2019IgualtatMosaic Factor \u00e9s una empresa que ofereix igualtat d\u2019oportunitatsMosaic Factor, en el seu esfor\u00e7 per salvaguardar la dignitat de tots els seus treballadors i treballadores que la integren, es compromet a crear i mantenir un entorn respectu\u00f3s amb la dignitat i la llibertat personal.El comprom\u00eds i la sensibilitat amb la igualtat entre els diferents [&hellip;]<\/p>\n","protected":false},"author":1,"featured_media":5348,"parent":0,"menu_order":0,"comment_status":"closed","ping_status":"closed","template":"","meta":{"_acf_changed":false,"_et_pb_use_builder":"on","_et_pb_old_content":"","_et_gb_content_width":"","inline_featured_image":false,"footnotes":""},"class_list":["post-5355","page","type-page","status-publish","has-post-thumbnail","hentry"],"acf":[],"yoast_head":"<!-- This site is optimized with the Yoast SEO plugin v27.5 - https:\/\/yoast.com\/product\/yoast-seo-wordpress\/ -->\n<title>Pla d\u2019Igualtat - Mosaic Factor<\/title>\n<meta name=\"robots\" content=\"index, follow, max-snippet:-1, max-image-preview:large, max-video-preview:-1\" \/>\n<link rel=\"canonical\" href=\"https:\/\/www.mosaicfactor.com\/ca\/pla-digualtat\/\" \/>\n<meta property=\"og:locale\" content=\"ca_ES\" \/>\n<meta property=\"og:type\" content=\"article\" \/>\n<meta property=\"og:title\" content=\"Pla d\u2019Igualtat - Mosaic Factor\" \/>\n<meta property=\"og:description\" content=\"Pla d\u2019IgualtatMosaic Factor \u00e9s una empresa que ofereix igualtat d\u2019oportunitatsMosaic Factor, en el seu esfor\u00e7 per salvaguardar la dignitat de tots els seus treballadors i treballadores que la integren, es compromet a crear i mantenir un entorn respectu\u00f3s amb la dignitat i la llibertat personal.El comprom\u00eds i la sensibilitat amb la igualtat entre els diferents [&hellip;]\" \/>\n<meta property=\"og:url\" content=\"https:\/\/www.mosaicfactor.com\/ca\/pla-digualtat\/\" \/>\n<meta property=\"og:site_name\" content=\"Mosaic Factor\" \/>\n<meta property=\"article:modified_time\" content=\"2025-10-14T11:50:59+00:00\" \/>\n<meta property=\"og:image\" content=\"https:\/\/www.mosaicfactor.com\/wp-content\/uploads\/2024\/10\/background-team-mosaic.webp\" \/>\n\t<meta property=\"og:image:width\" content=\"1841\" \/>\n\t<meta property=\"og:image:height\" content=\"506\" \/>\n\t<meta property=\"og:image:type\" content=\"image\/webp\" \/>\n<meta name=\"twitter:card\" content=\"summary_large_image\" \/>\n<meta name=\"twitter:site\" content=\"@mosaicfactor\" \/>\n<meta name=\"twitter:label1\" content=\"Temps estimat de lectura\" \/>\n\t<meta name=\"twitter:data1\" content=\"5 minuts\" \/>\n<script type=\"application\/ld+json\" class=\"yoast-schema-graph\">{\"@context\":\"https:\\\/\\\/schema.org\",\"@graph\":[{\"@type\":\"WebPage\",\"@id\":\"https:\\\/\\\/www.mosaicfactor.com\\\/ca\\\/pla-digualtat\\\/\",\"url\":\"https:\\\/\\\/www.mosaicfactor.com\\\/ca\\\/pla-digualtat\\\/\",\"name\":\"Pla d\u2019Igualtat - Mosaic Factor\",\"isPartOf\":{\"@id\":\"https:\\\/\\\/www.mosaicfactor.com\\\/ca\\\/#website\"},\"primaryImageOfPage\":{\"@id\":\"https:\\\/\\\/www.mosaicfactor.com\\\/ca\\\/pla-digualtat\\\/#primaryimage\"},\"image\":{\"@id\":\"https:\\\/\\\/www.mosaicfactor.com\\\/ca\\\/pla-digualtat\\\/#primaryimage\"},\"thumbnailUrl\":\"https:\\\/\\\/www.mosaicfactor.com\\\/wp-content\\\/uploads\\\/2024\\\/10\\\/background-team-mosaic.webp\",\"datePublished\":\"2024-11-06T14:49:14+00:00\",\"dateModified\":\"2025-10-14T11:50:59+00:00\",\"breadcrumb\":{\"@id\":\"https:\\\/\\\/www.mosaicfactor.com\\\/ca\\\/pla-digualtat\\\/#breadcrumb\"},\"inLanguage\":\"ca\",\"potentialAction\":[{\"@type\":\"ReadAction\",\"target\":[\"https:\\\/\\\/www.mosaicfactor.com\\\/ca\\\/pla-digualtat\\\/\"]}]},{\"@type\":\"ImageObject\",\"inLanguage\":\"ca\",\"@id\":\"https:\\\/\\\/www.mosaicfactor.com\\\/ca\\\/pla-digualtat\\\/#primaryimage\",\"url\":\"https:\\\/\\\/www.mosaicfactor.com\\\/wp-content\\\/uploads\\\/2024\\\/10\\\/background-team-mosaic.webp\",\"contentUrl\":\"https:\\\/\\\/www.mosaicfactor.com\\\/wp-content\\\/uploads\\\/2024\\\/10\\\/background-team-mosaic.webp\",\"width\":1841,\"height\":506},{\"@type\":\"BreadcrumbList\",\"@id\":\"https:\\\/\\\/www.mosaicfactor.com\\\/ca\\\/pla-digualtat\\\/#breadcrumb\",\"itemListElement\":[{\"@type\":\"ListItem\",\"position\":1,\"name\":\"Portada\",\"item\":\"https:\\\/\\\/www.mosaicfactor.com\\\/ca\\\/\"},{\"@type\":\"ListItem\",\"position\":2,\"name\":\"Pla d\u2019Igualtat\"}]},{\"@type\":\"WebSite\",\"@id\":\"https:\\\/\\\/www.mosaicfactor.com\\\/ca\\\/#website\",\"url\":\"https:\\\/\\\/www.mosaicfactor.com\\\/ca\\\/\",\"name\":\"Mosaic Factor\",\"description\":\"Solving problems with big data\",\"publisher\":{\"@id\":\"https:\\\/\\\/www.mosaicfactor.com\\\/ca\\\/#organization\"},\"potentialAction\":[{\"@type\":\"SearchAction\",\"target\":{\"@type\":\"EntryPoint\",\"urlTemplate\":\"https:\\\/\\\/www.mosaicfactor.com\\\/ca\\\/?s={search_term_string}\"},\"query-input\":{\"@type\":\"PropertyValueSpecification\",\"valueRequired\":true,\"valueName\":\"search_term_string\"}}],\"inLanguage\":\"ca\"},{\"@type\":\"Organization\",\"@id\":\"https:\\\/\\\/www.mosaicfactor.com\\\/ca\\\/#organization\",\"name\":\"Mosaic Factor SL\",\"url\":\"https:\\\/\\\/www.mosaicfactor.com\\\/ca\\\/\",\"logo\":{\"@type\":\"ImageObject\",\"inLanguage\":\"ca\",\"@id\":\"https:\\\/\\\/www.mosaicfactor.com\\\/ca\\\/#\\\/schema\\\/logo\\\/image\\\/\",\"url\":\"https:\\\/\\\/www.mosaicfactor.com\\\/wp-content\\\/uploads\\\/2024\\\/10\\\/logo-header-color-mosaic.webp\",\"contentUrl\":\"https:\\\/\\\/www.mosaicfactor.com\\\/wp-content\\\/uploads\\\/2024\\\/10\\\/logo-header-color-mosaic.webp\",\"width\":475,\"height\":114,\"caption\":\"Mosaic Factor SL\"},\"image\":{\"@id\":\"https:\\\/\\\/www.mosaicfactor.com\\\/ca\\\/#\\\/schema\\\/logo\\\/image\\\/\"},\"sameAs\":[\"https:\\\/\\\/x.com\\\/mosaicfactor\"]}]}<\/script>\n<!-- \/ Yoast SEO plugin. -->","yoast_head_json":{"title":"Pla d\u2019Igualtat - Mosaic Factor","robots":{"index":"index","follow":"follow","max-snippet":"max-snippet:-1","max-image-preview":"max-image-preview:large","max-video-preview":"max-video-preview:-1"},"canonical":"https:\/\/www.mosaicfactor.com\/ca\/pla-digualtat\/","og_locale":"ca_ES","og_type":"article","og_title":"Pla d\u2019Igualtat - Mosaic Factor","og_description":"Pla d\u2019IgualtatMosaic Factor \u00e9s una empresa que ofereix igualtat d\u2019oportunitatsMosaic Factor, en el seu esfor\u00e7 per salvaguardar la dignitat de tots els seus treballadors i treballadores que la integren, es compromet a crear i mantenir un entorn respectu\u00f3s amb la dignitat i la llibertat personal.El comprom\u00eds i la sensibilitat amb la igualtat entre els diferents [&hellip;]","og_url":"https:\/\/www.mosaicfactor.com\/ca\/pla-digualtat\/","og_site_name":"Mosaic Factor","article_modified_time":"2025-10-14T11:50:59+00:00","og_image":[{"width":1841,"height":506,"url":"https:\/\/www.mosaicfactor.com\/wp-content\/uploads\/2024\/10\/background-team-mosaic.webp","type":"image\/webp"}],"twitter_card":"summary_large_image","twitter_site":"@mosaicfactor","twitter_misc":{"Temps estimat de lectura":"5 minuts"},"schema":{"@context":"https:\/\/schema.org","@graph":[{"@type":"WebPage","@id":"https:\/\/www.mosaicfactor.com\/ca\/pla-digualtat\/","url":"https:\/\/www.mosaicfactor.com\/ca\/pla-digualtat\/","name":"Pla d\u2019Igualtat - Mosaic Factor","isPartOf":{"@id":"https:\/\/www.mosaicfactor.com\/ca\/#website"},"primaryImageOfPage":{"@id":"https:\/\/www.mosaicfactor.com\/ca\/pla-digualtat\/#primaryimage"},"image":{"@id":"https:\/\/www.mosaicfactor.com\/ca\/pla-digualtat\/#primaryimage"},"thumbnailUrl":"https:\/\/www.mosaicfactor.com\/wp-content\/uploads\/2024\/10\/background-team-mosaic.webp","datePublished":"2024-11-06T14:49:14+00:00","dateModified":"2025-10-14T11:50:59+00:00","breadcrumb":{"@id":"https:\/\/www.mosaicfactor.com\/ca\/pla-digualtat\/#breadcrumb"},"inLanguage":"ca","potentialAction":[{"@type":"ReadAction","target":["https:\/\/www.mosaicfactor.com\/ca\/pla-digualtat\/"]}]},{"@type":"ImageObject","inLanguage":"ca","@id":"https:\/\/www.mosaicfactor.com\/ca\/pla-digualtat\/#primaryimage","url":"https:\/\/www.mosaicfactor.com\/wp-content\/uploads\/2024\/10\/background-team-mosaic.webp","contentUrl":"https:\/\/www.mosaicfactor.com\/wp-content\/uploads\/2024\/10\/background-team-mosaic.webp","width":1841,"height":506},{"@type":"BreadcrumbList","@id":"https:\/\/www.mosaicfactor.com\/ca\/pla-digualtat\/#breadcrumb","itemListElement":[{"@type":"ListItem","position":1,"name":"Portada","item":"https:\/\/www.mosaicfactor.com\/ca\/"},{"@type":"ListItem","position":2,"name":"Pla d\u2019Igualtat"}]},{"@type":"WebSite","@id":"https:\/\/www.mosaicfactor.com\/ca\/#website","url":"https:\/\/www.mosaicfactor.com\/ca\/","name":"Mosaic Factor","description":"Solving problems with big data","publisher":{"@id":"https:\/\/www.mosaicfactor.com\/ca\/#organization"},"potentialAction":[{"@type":"SearchAction","target":{"@type":"EntryPoint","urlTemplate":"https:\/\/www.mosaicfactor.com\/ca\/?s={search_term_string}"},"query-input":{"@type":"PropertyValueSpecification","valueRequired":true,"valueName":"search_term_string"}}],"inLanguage":"ca"},{"@type":"Organization","@id":"https:\/\/www.mosaicfactor.com\/ca\/#organization","name":"Mosaic Factor SL","url":"https:\/\/www.mosaicfactor.com\/ca\/","logo":{"@type":"ImageObject","inLanguage":"ca","@id":"https:\/\/www.mosaicfactor.com\/ca\/#\/schema\/logo\/image\/","url":"https:\/\/www.mosaicfactor.com\/wp-content\/uploads\/2024\/10\/logo-header-color-mosaic.webp","contentUrl":"https:\/\/www.mosaicfactor.com\/wp-content\/uploads\/2024\/10\/logo-header-color-mosaic.webp","width":475,"height":114,"caption":"Mosaic Factor SL"},"image":{"@id":"https:\/\/www.mosaicfactor.com\/ca\/#\/schema\/logo\/image\/"},"sameAs":["https:\/\/x.com\/mosaicfactor"]}]}},"_links":{"self":[{"href":"https:\/\/www.mosaicfactor.com\/ca\/wp-json\/wp\/v2\/pages\/5355","targetHints":{"allow":["GET"]}}],"collection":[{"href":"https:\/\/www.mosaicfactor.com\/ca\/wp-json\/wp\/v2\/pages"}],"about":[{"href":"https:\/\/www.mosaicfactor.com\/ca\/wp-json\/wp\/v2\/types\/page"}],"author":[{"embeddable":true,"href":"https:\/\/www.mosaicfactor.com\/ca\/wp-json\/wp\/v2\/users\/1"}],"replies":[{"embeddable":true,"href":"https:\/\/www.mosaicfactor.com\/ca\/wp-json\/wp\/v2\/comments?post=5355"}],"version-history":[{"count":8,"href":"https:\/\/www.mosaicfactor.com\/ca\/wp-json\/wp\/v2\/pages\/5355\/revisions"}],"predecessor-version":[{"id":5449,"href":"https:\/\/www.mosaicfactor.com\/ca\/wp-json\/wp\/v2\/pages\/5355\/revisions\/5449"}],"wp:featuredmedia":[{"embeddable":true,"href":"https:\/\/www.mosaicfactor.com\/ca\/wp-json\/wp\/v2\/media\/5348"}],"wp:attachment":[{"href":"https:\/\/www.mosaicfactor.com\/ca\/wp-json\/wp\/v2\/media?parent=5355"}],"curies":[{"name":"wp","href":"https:\/\/api.w.org\/{rel}","templated":true}]}}