{"id":5697,"date":"2024-11-11T09:55:16","date_gmt":"2024-11-11T08:55:16","guid":{"rendered":"https:\/\/www.mosaicfactor.com\/politica-de-cookies\/"},"modified":"2025-10-22T11:58:14","modified_gmt":"2025-10-22T09:58:14","slug":"politica-de-cookies","status":"publish","type":"page","link":"https:\/\/www.mosaicfactor.com\/ca\/politica-de-cookies\/","title":{"rendered":"Pol\u00edtica de cookies"},"content":{"rendered":"<p>[et_pb_section fb_built=&#8221;1&#8243; custom_padding_last_edited=&#8221;on|phone&#8221; _builder_version=&#8221;4.27.2&#8243; _module_preset=&#8221;default&#8221; background_image=&#8221;https:\/\/www.mosaicfactor.com\/wp-content\/uploads\/2024\/10\/background-contact-mosaic.webp&#8221; width=&#8221;95%&#8221; max_width=&#8221;1600px&#8221; module_alignment=&#8221;center&#8221; custom_margin=&#8221;||1em||false|false&#8221; custom_margin_tablet=&#8221;||2em||false|false&#8221; custom_margin_phone=&#8221;||4em||false|false&#8221; custom_margin_last_edited=&#8221;on|phone&#8221; custom_padding_tablet=&#8221;&#8221; custom_padding_phone=&#8221;0px||0px||true|false&#8221; border_radii=&#8221;on|10px|10px|10px|10px&#8221; locked=&#8221;off&#8221; global_colors_info=&#8221;{}&#8221;][et_pb_row custom_padding_last_edited=&#8221;off|phone&#8221; _builder_version=&#8221;4.27.2&#8243; _module_preset=&#8221;default&#8221; width_tablet=&#8221;&#8221; width_phone=&#8221;90%&#8221; width_last_edited=&#8221;on|phone&#8221; custom_padding_phone=&#8221;1em||1em||true|false&#8221; global_colors_info=&#8221;{}&#8221;][et_pb_column type=&#8221;4_4&#8243; _builder_version=&#8221;4.27.2&#8243; _module_preset=&#8221;default&#8221; global_colors_info=&#8221;{}&#8221;][et_pb_text _builder_version=&#8221;4.27.2&#8243; _module_preset=&#8221;default&#8221; header_text_color=&#8221;#FFFFFF&#8221; header_font_size=&#8221;50px&#8221; header_line_height=&#8221;1.4em&#8221; max_width=&#8221;70%&#8221; custom_margin=&#8221;||0px||false|false&#8221; header_font_size_tablet=&#8221;50px&#8221; header_font_size_phone=&#8221;30px&#8221; header_font_size_last_edited=&#8221;on|phone&#8221; global_colors_info=&#8221;{}&#8221;]<\/p>\n<h1><strong>Pol\u00edtica de Cookies<\/strong><\/h1>\n<p>[\/et_pb_text][\/et_pb_column][\/et_pb_row][\/et_pb_section][et_pb_section fb_built=&#8221;1&#8243; _builder_version=&#8221;4.27.2&#8243; _module_preset=&#8221;default&#8221; custom_padding=&#8221;2em||2em||true|false&#8221; locked=&#8221;off&#8221; global_colors_info=&#8221;{}&#8221;][et_pb_row custom_padding_last_edited=&#8221;on|phone&#8221; _builder_version=&#8221;4.27.2&#8243; _module_preset=&#8221;default&#8221; width=&#8221;95%&#8221; custom_padding=&#8221;|3em||3em|false|true&#8221; custom_padding_tablet=&#8221;|3em||3em|false|true&#8221; custom_padding_phone=&#8221;|1em||1em|false|true&#8221; global_colors_info=&#8221;{}&#8221;][et_pb_column type=&#8221;4_4&#8243; _builder_version=&#8221;4.27.2&#8243; _module_preset=&#8221;default&#8221; global_colors_info=&#8221;{}&#8221;][et_pb_text _builder_version=&#8221;4.27.2&#8243; _module_preset=&#8221;default&#8221; text_font_size=&#8221;16px&#8221; global_colors_info=&#8221;{}&#8221;]<\/p>\n<h2>Qu\u00e8 s\u00f3n les cookies<\/h2>\n<p>Com \u00e9s habitual en gaireb\u00e9 tots els llocs web professionals, aquesta web fa servir cookies, que s\u00f3n fitxers petits que es descarreguen al teu ordinador, per millorar la teva experi\u00e8ncia. Aquesta p\u00e0gina descriu quina informaci\u00f3 recullen, com l&#8217;utilitzem i per qu\u00e8 de vegades necessitem emmagatzemar aquestes cookies. Tamb\u00e9 explicarem com pots evitar que les cookies s&#8217;emmagatzemin. Encara que aix\u00f2 pot empitjorar l&#8217;experi\u00e8ncia o &#8216;trencar&#8217; certs elements de la funcionalitat del site.<\/p>\n<h2>Com utilitzem les cookies<\/h2>\n<p>Fem servir cookies per una varietat de motius detallats a continuaci\u00f3. Malauradament, en la majoria dels casos, no hi ha opcions est\u00e0ndard del sector per desactivar les galetes sense desactivar completament la funcionalitat i les caracter\u00edstiques que afegeixen a aquest lloc. Es recomana que deixeu activades totes les galetes si no esteu segurs de si les necessiteu o no, en cas que s&#8217;utilitzin per oferir un servei que feu servir.<\/p>\n<h2>Deshabilitar les cookies<\/h2>\n<p>Podeu evitar l&#8217;habilitaci\u00f3 de cookies ajustant la configuraci\u00f3 del vostre navegador (consulteu l&#8217;ajuda del navegador per saber com fer-ho). Tingueu en compte que desactivar les galetes afectar\u00e0 la funcionalitat d&#8217;aquest i molts altres llocs web que visiteu. Desactivar les galetes normalment tamb\u00e9 comportar\u00e0 la desactivaci\u00f3 de certes funcionalitats i caracter\u00edstiques d&#8217;aquest lloc. Per tant, es recomana que no desactiveu les galetes.<\/p>\n<h2>Les cookies que fem servir<\/h2>\n<p>Cookies de prefer\u00e8ncies del website: per oferir-te una bona experi\u00e8ncia en aquest site, proporcionem la funcionalitat per establir les teves prefer\u00e8ncies sobre com funciona aquest lloc quan l&#8217;utilitzes. Per recordar les teves prefer\u00e8ncies, necessitem configurar cookies perqu\u00e8 aquesta informaci\u00f3 es pugui recuperar sempre que interactu\u00efs amb una p\u00e0gina que estigui afectada per les teves prefer\u00e8ncies.<\/p>\n<p>[\/et_pb_text][et_pb_text _builder_version=&#8221;4.27.2&#8243; _module_preset=&#8221;default&#8221; text_font_size=&#8221;16px&#8221; global_colors_info=&#8221;{}&#8221;]<\/p>\n<p>&nbsp;<\/p>\n<table dir=\"ltr\" border=\"1\" cellspacing=\"0\" cellpadding=\"0\" data-sheets-root=\"1\" data-sheets-baot=\"1\">\n<colgroup>\n<col width=\"286\" \/>\n<col width=\"214\" \/>\n<col width=\"301\" \/>\n<col width=\"179\" \/>\n<col width=\"151\" \/>\n<col width=\"145\" \/><\/colgroup>\n<tbody>\n<tr>\n<td style=\"width: 328.559px;\">Nom<\/td>\n<td style=\"width: 170.564px;\">Domini<\/td>\n<td style=\"width: 200.92px;\">Descripci\u00f3<\/td>\n<td style=\"width: 116.788px;\">Termini<\/td>\n<td style=\"width: 114.444px;\">Tipus<\/td>\n<td style=\"width: 111.172px;\">Servei<\/td>\n<\/tr>\n<tr>\n<td style=\"width: 328.559px;\">_ga_*<\/td>\n<td style=\"width: 170.564px;\">.mosaicfactor.com<\/td>\n<td style=\"width: 200.92px;\">Google Analytics estableix aquesta cookie per emmagatzemar i comptar les visites de p\u00e0gina.<\/td>\n<td style=\"width: 116.788px;\">1 any 1 mes 4 dies<\/td>\n<td style=\"width: 114.444px;\">Analytics<\/td>\n<td style=\"width: 111.172px;\" colspan=\"1\" rowspan=\"2\">\n<div>Google Analytics<\/div>\n<\/td>\n<\/tr>\n<tr>\n<td style=\"width: 328.559px;\">_ga<\/td>\n<td style=\"width: 170.564px;\">.mosaicfactor.com<\/td>\n<td style=\"width: 200.92px;\">La cookie _ga, instal\u00b7lada per Google Analytics, calcula dades de visitants, sessions i campanyes i tamb\u00e9 fa un seguiment de l&#8217;\u00fas del lloc per al informe d&#8217;anal\u00edtica del lloc. La cookie emmagatzema informaci\u00f3 de manera an\u00f2nima i assigna un n\u00famero generat aleat\u00f2riament per recon\u00e8ixer els visitants \u00fanics.<\/td>\n<td style=\"width: 116.788px;\">1 any 1 mes 4 dies<\/td>\n<td style=\"width: 114.444px;\">Anal\u00edtica<\/td>\n<\/tr>\n<tr>\n<td style=\"width: 328.559px;\">cmplz_banner-status<\/td>\n<td style=\"width: 170.564px;\">*.mosaicfactor.com<\/td>\n<td style=\"width: 200.92px;\">\n<p>Complianz fa servir aquesta cookie per desar la configuraci\u00f3 de cookies escollida<\/p>\n<p>&nbsp;<\/p>\n<\/td>\n<td style=\"width: 116.788px;\">1any<\/td>\n<td style=\"width: 114.444px;\">Funcional<\/td>\n<td style=\"width: 111.172px;\" colspan=\"1\" rowspan=\"7\">\n<div>Complianz Plugin<\/div>\n<\/td>\n<\/tr>\n<tr>\n<td style=\"width: 328.559px;\">cmplz_preferences<\/td>\n<td style=\"width: 170.564px;\">*.mosaicfactor.com<\/td>\n<td style=\"width: 200.92px;\">Complianz fa servir aquesta cookie per desar la configuraci\u00f3 de cookies escollida.<\/td>\n<td style=\"width: 116.788px;\">1any<\/td>\n<td style=\"width: 114.444px;\">Funcional<\/td>\n<\/tr>\n<tr>\n<td style=\"width: 328.559px;\">cmplz_statistics<\/td>\n<td style=\"width: 170.564px;\">*.mosaicfactor.com<\/td>\n<td style=\"width: 200.92px;\">Complianz utilitza aquesta galeta per instal\u00b7lar o no instal\u00b7lar cookies estad\u00edstiques segons la decisi\u00f3 de l&#8217;usuari.<\/td>\n<td style=\"width: 116.788px;\">1any<\/td>\n<td style=\"width: 114.444px;\">Funcional<\/td>\n<\/tr>\n<tr>\n<td style=\"width: 328.559px;\">cmplz_marketing<\/td>\n<td style=\"width: 170.564px;\">*.mosaicfactor.com<\/td>\n<td style=\"width: 200.92px;\">Complianz utilitza aquesta galeta per instal\u00b7lar o no instal\u00b7lar cookies de marketing segons la decisi\u00f3 de l&#8217;usuari.<\/td>\n<td style=\"width: 116.788px;\">1any<\/td>\n<td style=\"width: 114.444px;\">Funcional<\/td>\n<\/tr>\n<tr>\n<td style=\"width: 328.559px;\">cmplz_functional<\/td>\n<td style=\"width: 170.564px;\">*.mosaicfactor.com<\/td>\n<td style=\"width: 200.92px;\">Complianz utilitza aquesta galeta per instal\u00b7lar o no instal\u00b7lar cookies funcionals segons la decisi\u00f3 de l&#8217;usuari..<\/td>\n<td style=\"width: 116.788px;\">1any<\/td>\n<td style=\"width: 114.444px;\">Funcional<\/td>\n<\/tr>\n<tr>\n<td style=\"width: 328.559px;\">cmplz_policy_id<\/td>\n<td style=\"width: 170.564px;\">*.mosaicfactor.com<\/td>\n<td style=\"width: 200.92px;\">Complianz utilitza aquesta cookie per desar la ID de l&#8217;av\u00eds de galetes acceptat.<\/td>\n<td style=\"width: 116.788px;\">1any<\/td>\n<td style=\"width: 114.444px;\">Funcional<\/td>\n<\/tr>\n<tr>\n<td style=\"width: 328.559px;\">cmplz_consented_services<\/td>\n<td style=\"width: 170.564px;\">*.mosaicfactor.com<\/td>\n<td style=\"width: 200.92px;\">Complianz utilitza aquesta cookie per emmagatzemar les prefer\u00e8ncies de consentiment per a altres serveis al lloc web.<\/td>\n<td style=\"width: 116.788px;\">1any<\/td>\n<td style=\"width: 114.444px;\">Funcional<\/td>\n<\/tr>\n<tr>\n<td style=\"width: 328.559px;\">wp-wpml_current_language<\/td>\n<td style=\"width: 170.564px;\">*.mosaicfactor.com<\/td>\n<td style=\"width: 200.92px;\">WPML utilitza aquesta cookie per canviar l&#8217;idioma en qu\u00e8 es mostra el lloc web.<\/td>\n<td style=\"width: 116.788px;\">sessi\u00f3<\/td>\n<td style=\"width: 114.444px;\">Funcional<\/td>\n<td style=\"width: 111.172px;\">WPML Plugin<\/td>\n<\/tr>\n<tr>\n<td style=\"width: 328.559px;\">et_bloom_optin_optin_6_custom_form_imp<\/td>\n<td style=\"width: 170.564px;\">*.mosaicfactor.com<\/td>\n<td style=\"width: 200.92px;\">Divi forms utilitza aquesta cookie per fer un seguiment de l&#8217;estat d&#8217;acceptaci\u00f3 de la pol\u00edtica de privadesa.<\/td>\n<td style=\"width: 116.788px;\">1any<\/td>\n<td style=\"width: 114.444px;\">Funcional<\/td>\n<td style=\"width: 111.172px;\">Divi Forms<\/td>\n<\/tr>\n<tr>\n<td style=\"width: 328.559px;\">cerber_groove<\/td>\n<td style=\"width: 170.564px;\">*.mosaicfactor.com<\/td>\n<td style=\"width: 200.92px;\">Proporciona protecci\u00f3 contra els pirates inform\u00e0tics.<\/td>\n<td style=\"width: 116.788px;\">1any<\/td>\n<td style=\"width: 114.444px;\">Seguretat<\/td>\n<td style=\"width: 111.172px;\">WP Cerber<\/td>\n<\/tr>\n<tr>\n<td style=\"width: 328.559px;\">cerber_groove_x_*<\/td>\n<td style=\"width: 170.564px;\">*.mosaicfactor.com<\/td>\n<td style=\"width: 200.92px;\">Proporciona protecci\u00f3 contra els pirates inform\u00e0tics<\/td>\n<td style=\"width: 116.788px;\">2 setmanes<\/td>\n<td style=\"width: 114.444px;\">Seguretat<\/td>\n<td style=\"width: 111.172px;\">WP Cerber<\/td>\n<\/tr>\n<\/tbody>\n<\/table>\n<p>&nbsp;<\/p>\n<p>[\/et_pb_text][et_pb_text _builder_version=&#8221;4.27.2&#8243; _module_preset=&#8221;default&#8221; text_font_size=&#8221;16px&#8221; global_colors_info=&#8221;{}&#8221;]<\/p>\n<h2>Cookies de tercers<\/h2>\n<p>En alguns casos especials, tamb\u00e9 fem servir cookies proporcionades per tercers de confian\u00e7a. La secci\u00f3 seg\u00fcent detalla quines cookies de tercers podr\u00edeu trobar a trav\u00e9s d\u2019aquest site.<\/p>\n<ul>\n<li>Aquesta web utilitza Google Analytics, que \u00e9s una de les solucions d\u2019anal\u00edtica m\u00e9s esteses i fiables a la xarxa, per ajudar-nos a entendre com utilitzeu el site i maneres en qu\u00e8 podem millorar la vostra experi\u00e8ncia. Aquestes cookies poden fer un seguiment de coses com el temps que passeu al lloc i les p\u00e0gines que visiteu, de manera que puguem continuar produint contingut atractiu. Per a m\u00e9s informaci\u00f3 sobre les cookies de Google Analytics, consulteu la p\u00e0gina oficial de Google Analytics.<\/li>\n<li>Tamb\u00e9 fem servir botons i\/o complements de xarxes socials en aquest lloc que us permeten connectar amb la vostra xarxa social de diverses maneres. Perqu\u00e8 aquests funcionin, els seg\u00fcents websites de xarxes socials, incl\u00f2s Twitter, establiran cookies a trav\u00e9s de la nostra web que poden ser utilitzades per millorar el teu perfil o contribuir a les dades que conserven per a diversos prop\u00f2sits descrits en la seva pol\u00edtica de privacitat respectiva.<\/li>\n<\/ul>\n<p>[\/et_pb_text][\/et_pb_column][\/et_pb_row][\/et_pb_section]<\/p>\n","protected":false},"excerpt":{"rendered":"<p>Pol\u00edtica de CookiesQu\u00e8 s\u00f3n les cookies Com \u00e9s habitual en gaireb\u00e9 tots els llocs web professionals, aquesta web fa servir cookies, que s\u00f3n fitxers petits que es descarreguen al teu ordinador, per millorar la teva experi\u00e8ncia. Aquesta p\u00e0gina descriu quina informaci\u00f3 recullen, com l&#8217;utilitzem i per qu\u00e8 de vegades necessitem emmagatzemar aquestes cookies. Tamb\u00e9 explicarem [&hellip;]<\/p>\n","protected":false},"author":1,"featured_media":5344,"parent":0,"menu_order":0,"comment_status":"closed","ping_status":"closed","template":"","meta":{"_acf_changed":false,"_et_pb_use_builder":"on","_et_pb_old_content":"","_et_gb_content_width":"","inline_featured_image":false,"footnotes":""},"class_list":["post-5697","page","type-page","status-publish","has-post-thumbnail","hentry"],"acf":[],"yoast_head":"<!-- This site is optimized with the Yoast SEO plugin v27.4 - https:\/\/yoast.com\/product\/yoast-seo-wordpress\/ -->\n<title>Pol\u00edtica de cookies - Mosaic Factor<\/title>\n<meta name=\"robots\" content=\"index, follow, max-snippet:-1, max-image-preview:large, max-video-preview:-1\" \/>\n<link rel=\"canonical\" href=\"https:\/\/www.mosaicfactor.com\/ca\/politica-de-cookies\/\" \/>\n<meta property=\"og:locale\" content=\"ca_ES\" \/>\n<meta property=\"og:type\" content=\"article\" \/>\n<meta property=\"og:title\" content=\"Pol\u00edtica de cookies - Mosaic Factor\" \/>\n<meta property=\"og:description\" content=\"Pol\u00edtica de CookiesQu\u00e8 s\u00f3n les cookies Com \u00e9s habitual en gaireb\u00e9 tots els llocs web professionals, aquesta web fa servir cookies, que s\u00f3n fitxers petits que es descarreguen al teu ordinador, per millorar la teva experi\u00e8ncia. Aquesta p\u00e0gina descriu quina informaci\u00f3 recullen, com l&#039;utilitzem i per qu\u00e8 de vegades necessitem emmagatzemar aquestes cookies. Tamb\u00e9 explicarem [&hellip;]\" \/>\n<meta property=\"og:url\" content=\"https:\/\/www.mosaicfactor.com\/ca\/politica-de-cookies\/\" \/>\n<meta property=\"og:site_name\" content=\"Mosaic Factor\" \/>\n<meta property=\"article:modified_time\" content=\"2025-10-22T09:58:14+00:00\" \/>\n<meta property=\"og:image\" content=\"https:\/\/www.mosaicfactor.com\/wp-content\/uploads\/2024\/10\/background-contact-mosaic.webp\" \/>\n\t<meta property=\"og:image:width\" content=\"1842\" \/>\n\t<meta property=\"og:image:height\" content=\"509\" \/>\n\t<meta property=\"og:image:type\" content=\"image\/webp\" \/>\n<meta name=\"twitter:card\" content=\"summary_large_image\" \/>\n<meta name=\"twitter:site\" content=\"@mosaicfactor\" \/>\n<meta name=\"twitter:label1\" content=\"Temps estimat de lectura\" \/>\n\t<meta name=\"twitter:data1\" content=\"6 minuts\" \/>\n<script type=\"application\/ld+json\" class=\"yoast-schema-graph\">{\"@context\":\"https:\\\/\\\/schema.org\",\"@graph\":[{\"@type\":\"WebPage\",\"@id\":\"https:\\\/\\\/www.mosaicfactor.com\\\/ca\\\/politica-de-cookies\\\/\",\"url\":\"https:\\\/\\\/www.mosaicfactor.com\\\/ca\\\/politica-de-cookies\\\/\",\"name\":\"Pol\u00edtica de cookies - Mosaic Factor\",\"isPartOf\":{\"@id\":\"https:\\\/\\\/www.mosaicfactor.com\\\/ca\\\/#website\"},\"primaryImageOfPage\":{\"@id\":\"https:\\\/\\\/www.mosaicfactor.com\\\/ca\\\/politica-de-cookies\\\/#primaryimage\"},\"image\":{\"@id\":\"https:\\\/\\\/www.mosaicfactor.com\\\/ca\\\/politica-de-cookies\\\/#primaryimage\"},\"thumbnailUrl\":\"https:\\\/\\\/www.mosaicfactor.com\\\/wp-content\\\/uploads\\\/2024\\\/10\\\/background-contact-mosaic.webp\",\"datePublished\":\"2024-11-11T08:55:16+00:00\",\"dateModified\":\"2025-10-22T09:58:14+00:00\",\"breadcrumb\":{\"@id\":\"https:\\\/\\\/www.mosaicfactor.com\\\/ca\\\/politica-de-cookies\\\/#breadcrumb\"},\"inLanguage\":\"ca\",\"potentialAction\":[{\"@type\":\"ReadAction\",\"target\":[\"https:\\\/\\\/www.mosaicfactor.com\\\/ca\\\/politica-de-cookies\\\/\"]}]},{\"@type\":\"ImageObject\",\"inLanguage\":\"ca\",\"@id\":\"https:\\\/\\\/www.mosaicfactor.com\\\/ca\\\/politica-de-cookies\\\/#primaryimage\",\"url\":\"https:\\\/\\\/www.mosaicfactor.com\\\/wp-content\\\/uploads\\\/2024\\\/10\\\/background-contact-mosaic.webp\",\"contentUrl\":\"https:\\\/\\\/www.mosaicfactor.com\\\/wp-content\\\/uploads\\\/2024\\\/10\\\/background-contact-mosaic.webp\",\"width\":1842,\"height\":509},{\"@type\":\"BreadcrumbList\",\"@id\":\"https:\\\/\\\/www.mosaicfactor.com\\\/ca\\\/politica-de-cookies\\\/#breadcrumb\",\"itemListElement\":[{\"@type\":\"ListItem\",\"position\":1,\"name\":\"Portada\",\"item\":\"https:\\\/\\\/www.mosaicfactor.com\\\/ca\\\/\"},{\"@type\":\"ListItem\",\"position\":2,\"name\":\"Pol\u00edtica de cookies\"}]},{\"@type\":\"WebSite\",\"@id\":\"https:\\\/\\\/www.mosaicfactor.com\\\/ca\\\/#website\",\"url\":\"https:\\\/\\\/www.mosaicfactor.com\\\/ca\\\/\",\"name\":\"Mosaic Factor\",\"description\":\"Solving problems with big data\",\"publisher\":{\"@id\":\"https:\\\/\\\/www.mosaicfactor.com\\\/ca\\\/#organization\"},\"potentialAction\":[{\"@type\":\"SearchAction\",\"target\":{\"@type\":\"EntryPoint\",\"urlTemplate\":\"https:\\\/\\\/www.mosaicfactor.com\\\/ca\\\/?s={search_term_string}\"},\"query-input\":{\"@type\":\"PropertyValueSpecification\",\"valueRequired\":true,\"valueName\":\"search_term_string\"}}],\"inLanguage\":\"ca\"},{\"@type\":\"Organization\",\"@id\":\"https:\\\/\\\/www.mosaicfactor.com\\\/ca\\\/#organization\",\"name\":\"Mosaic Factor SL\",\"url\":\"https:\\\/\\\/www.mosaicfactor.com\\\/ca\\\/\",\"logo\":{\"@type\":\"ImageObject\",\"inLanguage\":\"ca\",\"@id\":\"https:\\\/\\\/www.mosaicfactor.com\\\/ca\\\/#\\\/schema\\\/logo\\\/image\\\/\",\"url\":\"https:\\\/\\\/www.mosaicfactor.com\\\/wp-content\\\/uploads\\\/2024\\\/10\\\/logo-header-color-mosaic.webp\",\"contentUrl\":\"https:\\\/\\\/www.mosaicfactor.com\\\/wp-content\\\/uploads\\\/2024\\\/10\\\/logo-header-color-mosaic.webp\",\"width\":475,\"height\":114,\"caption\":\"Mosaic Factor SL\"},\"image\":{\"@id\":\"https:\\\/\\\/www.mosaicfactor.com\\\/ca\\\/#\\\/schema\\\/logo\\\/image\\\/\"},\"sameAs\":[\"https:\\\/\\\/x.com\\\/mosaicfactor\"]}]}<\/script>\n<!-- \/ Yoast SEO plugin. -->","yoast_head_json":{"title":"Pol\u00edtica de cookies - Mosaic Factor","robots":{"index":"index","follow":"follow","max-snippet":"max-snippet:-1","max-image-preview":"max-image-preview:large","max-video-preview":"max-video-preview:-1"},"canonical":"https:\/\/www.mosaicfactor.com\/ca\/politica-de-cookies\/","og_locale":"ca_ES","og_type":"article","og_title":"Pol\u00edtica de cookies - Mosaic Factor","og_description":"Pol\u00edtica de CookiesQu\u00e8 s\u00f3n les cookies Com \u00e9s habitual en gaireb\u00e9 tots els llocs web professionals, aquesta web fa servir cookies, que s\u00f3n fitxers petits que es descarreguen al teu ordinador, per millorar la teva experi\u00e8ncia. Aquesta p\u00e0gina descriu quina informaci\u00f3 recullen, com l'utilitzem i per qu\u00e8 de vegades necessitem emmagatzemar aquestes cookies. Tamb\u00e9 explicarem [&hellip;]","og_url":"https:\/\/www.mosaicfactor.com\/ca\/politica-de-cookies\/","og_site_name":"Mosaic Factor","article_modified_time":"2025-10-22T09:58:14+00:00","og_image":[{"width":1842,"height":509,"url":"https:\/\/www.mosaicfactor.com\/wp-content\/uploads\/2024\/10\/background-contact-mosaic.webp","type":"image\/webp"}],"twitter_card":"summary_large_image","twitter_site":"@mosaicfactor","twitter_misc":{"Temps estimat de lectura":"6 minuts"},"schema":{"@context":"https:\/\/schema.org","@graph":[{"@type":"WebPage","@id":"https:\/\/www.mosaicfactor.com\/ca\/politica-de-cookies\/","url":"https:\/\/www.mosaicfactor.com\/ca\/politica-de-cookies\/","name":"Pol\u00edtica de cookies - Mosaic Factor","isPartOf":{"@id":"https:\/\/www.mosaicfactor.com\/ca\/#website"},"primaryImageOfPage":{"@id":"https:\/\/www.mosaicfactor.com\/ca\/politica-de-cookies\/#primaryimage"},"image":{"@id":"https:\/\/www.mosaicfactor.com\/ca\/politica-de-cookies\/#primaryimage"},"thumbnailUrl":"https:\/\/www.mosaicfactor.com\/wp-content\/uploads\/2024\/10\/background-contact-mosaic.webp","datePublished":"2024-11-11T08:55:16+00:00","dateModified":"2025-10-22T09:58:14+00:00","breadcrumb":{"@id":"https:\/\/www.mosaicfactor.com\/ca\/politica-de-cookies\/#breadcrumb"},"inLanguage":"ca","potentialAction":[{"@type":"ReadAction","target":["https:\/\/www.mosaicfactor.com\/ca\/politica-de-cookies\/"]}]},{"@type":"ImageObject","inLanguage":"ca","@id":"https:\/\/www.mosaicfactor.com\/ca\/politica-de-cookies\/#primaryimage","url":"https:\/\/www.mosaicfactor.com\/wp-content\/uploads\/2024\/10\/background-contact-mosaic.webp","contentUrl":"https:\/\/www.mosaicfactor.com\/wp-content\/uploads\/2024\/10\/background-contact-mosaic.webp","width":1842,"height":509},{"@type":"BreadcrumbList","@id":"https:\/\/www.mosaicfactor.com\/ca\/politica-de-cookies\/#breadcrumb","itemListElement":[{"@type":"ListItem","position":1,"name":"Portada","item":"https:\/\/www.mosaicfactor.com\/ca\/"},{"@type":"ListItem","position":2,"name":"Pol\u00edtica de cookies"}]},{"@type":"WebSite","@id":"https:\/\/www.mosaicfactor.com\/ca\/#website","url":"https:\/\/www.mosaicfactor.com\/ca\/","name":"Mosaic Factor","description":"Solving problems with big data","publisher":{"@id":"https:\/\/www.mosaicfactor.com\/ca\/#organization"},"potentialAction":[{"@type":"SearchAction","target":{"@type":"EntryPoint","urlTemplate":"https:\/\/www.mosaicfactor.com\/ca\/?s={search_term_string}"},"query-input":{"@type":"PropertyValueSpecification","valueRequired":true,"valueName":"search_term_string"}}],"inLanguage":"ca"},{"@type":"Organization","@id":"https:\/\/www.mosaicfactor.com\/ca\/#organization","name":"Mosaic Factor SL","url":"https:\/\/www.mosaicfactor.com\/ca\/","logo":{"@type":"ImageObject","inLanguage":"ca","@id":"https:\/\/www.mosaicfactor.com\/ca\/#\/schema\/logo\/image\/","url":"https:\/\/www.mosaicfactor.com\/wp-content\/uploads\/2024\/10\/logo-header-color-mosaic.webp","contentUrl":"https:\/\/www.mosaicfactor.com\/wp-content\/uploads\/2024\/10\/logo-header-color-mosaic.webp","width":475,"height":114,"caption":"Mosaic Factor SL"},"image":{"@id":"https:\/\/www.mosaicfactor.com\/ca\/#\/schema\/logo\/image\/"},"sameAs":["https:\/\/x.com\/mosaicfactor"]}]}},"_links":{"self":[{"href":"https:\/\/www.mosaicfactor.com\/ca\/wp-json\/wp\/v2\/pages\/5697","targetHints":{"allow":["GET"]}}],"collection":[{"href":"https:\/\/www.mosaicfactor.com\/ca\/wp-json\/wp\/v2\/pages"}],"about":[{"href":"https:\/\/www.mosaicfactor.com\/ca\/wp-json\/wp\/v2\/types\/page"}],"author":[{"embeddable":true,"href":"https:\/\/www.mosaicfactor.com\/ca\/wp-json\/wp\/v2\/users\/1"}],"replies":[{"embeddable":true,"href":"https:\/\/www.mosaicfactor.com\/ca\/wp-json\/wp\/v2\/comments?post=5697"}],"version-history":[{"count":2,"href":"https:\/\/www.mosaicfactor.com\/ca\/wp-json\/wp\/v2\/pages\/5697\/revisions"}],"predecessor-version":[{"id":5699,"href":"https:\/\/www.mosaicfactor.com\/ca\/wp-json\/wp\/v2\/pages\/5697\/revisions\/5699"}],"wp:featuredmedia":[{"embeddable":true,"href":"https:\/\/www.mosaicfactor.com\/ca\/wp-json\/wp\/v2\/media\/5344"}],"wp:attachment":[{"href":"https:\/\/www.mosaicfactor.com\/ca\/wp-json\/wp\/v2\/media?parent=5697"}],"curies":[{"name":"wp","href":"https:\/\/api.w.org\/{rel}","templated":true}]}}