{"id":5707,"date":"2024-08-29T11:33:25","date_gmt":"2024-08-29T09:33:25","guid":{"rendered":"https:\/\/www.mosaicfactor.com\/politica-de-privacitat\/"},"modified":"2025-10-24T10:07:40","modified_gmt":"2025-10-24T08:07:40","slug":"politica-de-privacitat","status":"publish","type":"page","link":"https:\/\/www.mosaicfactor.com\/ca\/politica-de-privacitat\/","title":{"rendered":"Pol\u00edtica de Privacitat"},"content":{"rendered":"<p>[et_pb_section fb_built=&#8221;1&#8243; custom_padding_last_edited=&#8221;on|phone&#8221; _builder_version=&#8221;4.27.2&#8243; _module_preset=&#8221;default&#8221; background_image=&#8221;https:\/\/www.mosaicfactor.com\/wp-content\/uploads\/2024\/10\/background-contact-mosaic.webp&#8221; width=&#8221;95%&#8221; max_width=&#8221;1600px&#8221; module_alignment=&#8221;center&#8221; custom_margin=&#8221;||1em||false|false&#8221; custom_margin_tablet=&#8221;||2em||false|false&#8221; custom_margin_phone=&#8221;||4em||false|false&#8221; custom_margin_last_edited=&#8221;on|phone&#8221; custom_padding_tablet=&#8221;&#8221; custom_padding_phone=&#8221;0px||0px||true|false&#8221; border_radii=&#8221;on|10px|10px|10px|10px&#8221; locked=&#8221;off&#8221; global_colors_info=&#8221;{}&#8221;][et_pb_row custom_padding_last_edited=&#8221;off|phone&#8221; _builder_version=&#8221;4.27.2&#8243; _module_preset=&#8221;default&#8221; width_tablet=&#8221;&#8221; width_phone=&#8221;90%&#8221; width_last_edited=&#8221;on|phone&#8221; custom_padding_phone=&#8221;1em||1em||true|false&#8221; global_colors_info=&#8221;{}&#8221;][et_pb_column type=&#8221;4_4&#8243; _builder_version=&#8221;4.27.2&#8243; _module_preset=&#8221;default&#8221; global_colors_info=&#8221;{}&#8221;][et_pb_text _builder_version=&#8221;4.27.2&#8243; _module_preset=&#8221;default&#8221; header_text_color=&#8221;#FFFFFF&#8221; header_font_size=&#8221;50px&#8221; header_line_height=&#8221;1.4em&#8221; max_width=&#8221;70%&#8221; custom_margin=&#8221;||0px||false|false&#8221; header_font_size_tablet=&#8221;50px&#8221; header_font_size_phone=&#8221;30px&#8221; header_font_size_last_edited=&#8221;on|phone&#8221; global_colors_info=&#8221;{}&#8221;]<\/p>\n<h1><strong>Pol\u00edtica de Privacitat<\/strong><\/h1>\n<p>[\/et_pb_text][\/et_pb_column][\/et_pb_row][\/et_pb_section][et_pb_section fb_built=&#8221;1&#8243; _builder_version=&#8221;4.27.2&#8243; _module_preset=&#8221;default&#8221; custom_padding=&#8221;2em||2em||true|false&#8221; locked=&#8221;off&#8221; global_colors_info=&#8221;{}&#8221;][et_pb_row custom_padding_last_edited=&#8221;on|phone&#8221; _builder_version=&#8221;4.27.2&#8243; _module_preset=&#8221;default&#8221; width=&#8221;95%&#8221; custom_padding=&#8221;|3em||3em|false|true&#8221; custom_padding_tablet=&#8221;|3em||3em|false|true&#8221; custom_padding_phone=&#8221;|1em||1em|false|true&#8221; global_colors_info=&#8221;{}&#8221;][et_pb_column type=&#8221;4_4&#8243; _builder_version=&#8221;4.27.2&#8243; _module_preset=&#8221;default&#8221; global_colors_info=&#8221;{}&#8221;][et_pb_text _builder_version=&#8221;4.27.4&#8243; _module_preset=&#8221;default&#8221; text_font_size=&#8221;16px&#8221; hover_enabled=&#8221;0&#8243; global_colors_info=&#8221;{}&#8221; sticky_enabled=&#8221;0&#8243;]<\/p>\n<p>Aquesta pol\u00edtica de privadesa explicar\u00e0 com Mosaic Factor utilitza les dades personals que recopilem de vost\u00e8 quan fa servir el nostre lloc web.<\/p>\n<h2><strong>Quines dades recopilem?<\/strong><\/h2>\n<p>Mosaic Factor recopila les seg\u00fcents dades:<\/p>\n<p><u>Dades personals adquirides autom\u00e0ticament quan visiteu la web<\/u><\/p>\n<ul>\n<li>Informaci\u00f3 de navegaci\u00f3 web. Mosaic Factor recull autom\u00e0ticament dades del vostre dispositiu (ordinador, tauleta, tel\u00e8fon m\u00f2bil o altres dispositius m\u00f2bils) i la connexi\u00f3 que utilitzeu, incloent, per exemple, l\u2019adre\u00e7a IP, la data i hora d\u2019acc\u00e9s, informaci\u00f3 de maquinari i programari, informaci\u00f3 sobre esdeveniments del dispositiu, identificadors \u00fanics i dades de fallada.<\/li>\n<li>Dades d\u2019\u00fas de la web. Mosaic Factor recull informaci\u00f3 sobre com heu utilitzat el lloc, incloent, per exemple, les p\u00e0gines del lloc o altres continguts mostrats, cerques, enlla\u00e7os a aplicacions de tercers en les quals heu fet clic.<\/li>\n<\/ul>\n<h2><strong>Com recopilem les teves dades?<\/strong><\/h2>\n<p>Proporcioneu directament la major part de les dades que recopilem a Mosaic Factor. Recopilem i processem dades quan:<\/p>\n<ul>\n<li>Utilitzes o visualitzes el nostre web mitjan\u00e7ant les cookies del navegador<\/li>\n<li>Completes volunt\u00e0riament un formulari o proporciones comentaris en qualsevol dels nostres f\u00f2rums o per correu electr\u00f2nic.<\/li>\n<\/ul>\n<h2><strong>Com fem servir les teves dades?<\/strong><\/h2>\n<p>Mosaic Factor recopila les teves dades per tal que puguem:<\/p>\n<ul>\n<li>Mantenir el site funcionant i oferint al subjecte de les dades el servei requerit, aix\u00ed com millorar els serveis i el lloc i mantenir-lo segur;<\/li>\n<li>Evitar, detectar i mitigar el frau, les vulneracions de seguretat i les activitats potencialment prohibides o il\u00b7legals.<\/li>\n<\/ul>\n<h2><strong>Com emmagatzemem les vostres dades?<\/strong><\/h2>\n<p>Mosaic Factor processa les dades personals per mitjans automatitzats exclusivament amb els fins per als quals van ser recollides (vegeu m\u00e9s amunt). Mosaic Factor mantindr\u00e0 les vostres dades durant un per\u00edode necessari per a Mosaic Factor per tal de proporcionar al titular de les dades els serveis del Lloc i per mantenir el funcionament del Lloc.<\/p>\n<p>Mosaic Factor no revelar\u00e0 ni compartir\u00e0 les vostres dades personals amb tercers per a fins comercials, de m\u00e0rqueting o promocionals propis, tret que hagu\u00e9ssim obtingut el vostre consentiment. No compartirem cap dada sobre vosaltres amb tercers sense el vostre consentiment expl\u00edcit.<\/p>\n<p>Un cop expirat el per\u00edode d\u2019emmagatzematge, les dades del titular de les dades seran eliminades o anonimitzades de manera permanent.<\/p>\n<h2><strong>Quins s\u00f3n els teus drets de protecci\u00f3 de dades?<\/strong><\/h2>\n<p>Mosaic Factor vol assegurar-se que coneixeu completament tots els vostres drets de protecci\u00f3 de dades. Cada usuari t\u00e9 dret als seg\u00fcents drets:<\/p>\n<p><strong>El dret a la rectificaci\u00f3<\/strong> \u2013 Teniu dret a sol\u00b7licitar que Mosaic Factor corregeixi qualsevol informaci\u00f3 que considereu inexacta. Tamb\u00e9 teniu dret a sol\u00b7licitar que Mosaic Factor completi la informaci\u00f3 que considereu incompleta.<\/p>\n<p><strong>El dret a l&#8217;esborrament<\/strong> \u2013 Teniu dret a sol\u00b7licitar que Mosaic Factor esborri les vostres dades personals, sota certes condicions.<\/p>\n<p><strong>El dret a restringir el tractament<\/strong> \u2013 Teniu dret a sol\u00b7licitar que Mosaic Factor restringeixi el tractament de les vostres dades personals, sota certes condicions.<\/p>\n<p><strong>El dret a oposar-se al tractament<\/strong> \u2013 Teniu dret a oposar-vos al tractament de les vostres dades personals per part de Mosaic Factor, sota certes condicions.<\/p>\n<p><strong>El dret a la portabilitat de les dades<\/strong> \u2013 Teniu dret a sol\u00b7licitar que Mosaic Factor transfereixi les dades que hem recollit a una altra organitzaci\u00f3, o directament a vosaltres, sota certes condicions.<\/p>\n<p>[\/et_pb_text][\/et_pb_column][\/et_pb_row][\/et_pb_section]<\/p>\n","protected":false},"excerpt":{"rendered":"<p>Pol\u00edtica de PrivacitatAquesta pol\u00edtica de privadesa explicar\u00e0 com Mosaic Factor utilitza les dades personals que recopilem de vost\u00e8 quan fa servir el nostre lloc web. Quines dades recopilem? Mosaic Factor recopila les seg\u00fcents dades: Dades personals adquirides autom\u00e0ticament quan visiteu la web Informaci\u00f3 de navegaci\u00f3 web. Mosaic Factor recull autom\u00e0ticament dades del vostre dispositiu (ordinador, [&hellip;]<\/p>\n","protected":false},"author":1,"featured_media":5344,"parent":0,"menu_order":0,"comment_status":"closed","ping_status":"closed","template":"","meta":{"_acf_changed":false,"_et_pb_use_builder":"on","_et_pb_old_content":"","_et_gb_content_width":"","inline_featured_image":false,"footnotes":""},"class_list":["post-5707","page","type-page","status-publish","has-post-thumbnail","hentry"],"acf":[],"yoast_head":"<!-- This site is optimized with the Yoast SEO plugin v27.5 - https:\/\/yoast.com\/product\/yoast-seo-wordpress\/ -->\n<title>Pol\u00edtica de Privacitat - Mosaic Factor<\/title>\n<meta name=\"description\" content=\"La nostra pol\u00edtica de privadesa i com utilitzem les dades de la teva navegaci\u00f3. Llegeix els teus drets sobre l&#039;\u00fas de les teves dades personals.\" \/>\n<meta name=\"robots\" content=\"index, follow, max-snippet:-1, max-image-preview:large, max-video-preview:-1\" \/>\n<link rel=\"canonical\" href=\"https:\/\/www.mosaicfactor.com\/ca\/politica-de-privacitat\/\" \/>\n<meta property=\"og:locale\" content=\"ca_ES\" \/>\n<meta property=\"og:type\" content=\"article\" \/>\n<meta property=\"og:title\" content=\"Pol\u00edtica de Privacitat - Mosaic Factor\" \/>\n<meta property=\"og:description\" content=\"La nostra pol\u00edtica de privadesa i com utilitzem les dades de la teva navegaci\u00f3. Llegeix els teus drets sobre l&#039;\u00fas de les teves dades personals.\" \/>\n<meta property=\"og:url\" content=\"https:\/\/www.mosaicfactor.com\/ca\/politica-de-privacitat\/\" \/>\n<meta property=\"og:site_name\" content=\"Mosaic Factor\" \/>\n<meta property=\"article:modified_time\" content=\"2025-10-24T08:07:40+00:00\" \/>\n<meta property=\"og:image\" content=\"https:\/\/www.mosaicfactor.com\/wp-content\/uploads\/2024\/10\/background-contact-mosaic.webp\" \/>\n\t<meta property=\"og:image:width\" content=\"1842\" \/>\n\t<meta property=\"og:image:height\" content=\"509\" \/>\n\t<meta property=\"og:image:type\" content=\"image\/webp\" \/>\n<meta name=\"twitter:card\" content=\"summary_large_image\" \/>\n<meta name=\"twitter:site\" content=\"@mosaicfactor\" \/>\n<meta name=\"twitter:label1\" content=\"Temps estimat de lectura\" \/>\n\t<meta name=\"twitter:data1\" content=\"4 minuts\" \/>\n<script type=\"application\/ld+json\" class=\"yoast-schema-graph\">{\"@context\":\"https:\\\/\\\/schema.org\",\"@graph\":[{\"@type\":\"WebPage\",\"@id\":\"https:\\\/\\\/www.mosaicfactor.com\\\/ca\\\/politica-de-privacitat\\\/\",\"url\":\"https:\\\/\\\/www.mosaicfactor.com\\\/ca\\\/politica-de-privacitat\\\/\",\"name\":\"Pol\u00edtica de Privacitat - Mosaic Factor\",\"isPartOf\":{\"@id\":\"https:\\\/\\\/www.mosaicfactor.com\\\/ca\\\/#website\"},\"primaryImageOfPage\":{\"@id\":\"https:\\\/\\\/www.mosaicfactor.com\\\/ca\\\/politica-de-privacitat\\\/#primaryimage\"},\"image\":{\"@id\":\"https:\\\/\\\/www.mosaicfactor.com\\\/ca\\\/politica-de-privacitat\\\/#primaryimage\"},\"thumbnailUrl\":\"https:\\\/\\\/www.mosaicfactor.com\\\/wp-content\\\/uploads\\\/2024\\\/10\\\/background-contact-mosaic.webp\",\"datePublished\":\"2024-08-29T09:33:25+00:00\",\"dateModified\":\"2025-10-24T08:07:40+00:00\",\"description\":\"La nostra pol\u00edtica de privadesa i com utilitzem les dades de la teva navegaci\u00f3. Llegeix els teus drets sobre l'\u00fas de les teves dades personals.\",\"breadcrumb\":{\"@id\":\"https:\\\/\\\/www.mosaicfactor.com\\\/ca\\\/politica-de-privacitat\\\/#breadcrumb\"},\"inLanguage\":\"ca\",\"potentialAction\":[{\"@type\":\"ReadAction\",\"target\":[\"https:\\\/\\\/www.mosaicfactor.com\\\/ca\\\/politica-de-privacitat\\\/\"]}]},{\"@type\":\"ImageObject\",\"inLanguage\":\"ca\",\"@id\":\"https:\\\/\\\/www.mosaicfactor.com\\\/ca\\\/politica-de-privacitat\\\/#primaryimage\",\"url\":\"https:\\\/\\\/www.mosaicfactor.com\\\/wp-content\\\/uploads\\\/2024\\\/10\\\/background-contact-mosaic.webp\",\"contentUrl\":\"https:\\\/\\\/www.mosaicfactor.com\\\/wp-content\\\/uploads\\\/2024\\\/10\\\/background-contact-mosaic.webp\",\"width\":1842,\"height\":509},{\"@type\":\"BreadcrumbList\",\"@id\":\"https:\\\/\\\/www.mosaicfactor.com\\\/ca\\\/politica-de-privacitat\\\/#breadcrumb\",\"itemListElement\":[{\"@type\":\"ListItem\",\"position\":1,\"name\":\"Portada\",\"item\":\"https:\\\/\\\/www.mosaicfactor.com\\\/ca\\\/\"},{\"@type\":\"ListItem\",\"position\":2,\"name\":\"Pol\u00edtica de Privacitat\"}]},{\"@type\":\"WebSite\",\"@id\":\"https:\\\/\\\/www.mosaicfactor.com\\\/ca\\\/#website\",\"url\":\"https:\\\/\\\/www.mosaicfactor.com\\\/ca\\\/\",\"name\":\"Mosaic Factor\",\"description\":\"Solving problems with big data\",\"publisher\":{\"@id\":\"https:\\\/\\\/www.mosaicfactor.com\\\/ca\\\/#organization\"},\"potentialAction\":[{\"@type\":\"SearchAction\",\"target\":{\"@type\":\"EntryPoint\",\"urlTemplate\":\"https:\\\/\\\/www.mosaicfactor.com\\\/ca\\\/?s={search_term_string}\"},\"query-input\":{\"@type\":\"PropertyValueSpecification\",\"valueRequired\":true,\"valueName\":\"search_term_string\"}}],\"inLanguage\":\"ca\"},{\"@type\":\"Organization\",\"@id\":\"https:\\\/\\\/www.mosaicfactor.com\\\/ca\\\/#organization\",\"name\":\"Mosaic Factor SL\",\"url\":\"https:\\\/\\\/www.mosaicfactor.com\\\/ca\\\/\",\"logo\":{\"@type\":\"ImageObject\",\"inLanguage\":\"ca\",\"@id\":\"https:\\\/\\\/www.mosaicfactor.com\\\/ca\\\/#\\\/schema\\\/logo\\\/image\\\/\",\"url\":\"https:\\\/\\\/www.mosaicfactor.com\\\/wp-content\\\/uploads\\\/2024\\\/10\\\/logo-header-color-mosaic.webp\",\"contentUrl\":\"https:\\\/\\\/www.mosaicfactor.com\\\/wp-content\\\/uploads\\\/2024\\\/10\\\/logo-header-color-mosaic.webp\",\"width\":475,\"height\":114,\"caption\":\"Mosaic Factor SL\"},\"image\":{\"@id\":\"https:\\\/\\\/www.mosaicfactor.com\\\/ca\\\/#\\\/schema\\\/logo\\\/image\\\/\"},\"sameAs\":[\"https:\\\/\\\/x.com\\\/mosaicfactor\"]}]}<\/script>\n<!-- \/ Yoast SEO plugin. -->","yoast_head_json":{"title":"Pol\u00edtica de Privacitat - Mosaic Factor","description":"La nostra pol\u00edtica de privadesa i com utilitzem les dades de la teva navegaci\u00f3. Llegeix els teus drets sobre l'\u00fas de les teves dades personals.","robots":{"index":"index","follow":"follow","max-snippet":"max-snippet:-1","max-image-preview":"max-image-preview:large","max-video-preview":"max-video-preview:-1"},"canonical":"https:\/\/www.mosaicfactor.com\/ca\/politica-de-privacitat\/","og_locale":"ca_ES","og_type":"article","og_title":"Pol\u00edtica de Privacitat - Mosaic Factor","og_description":"La nostra pol\u00edtica de privadesa i com utilitzem les dades de la teva navegaci\u00f3. Llegeix els teus drets sobre l'\u00fas de les teves dades personals.","og_url":"https:\/\/www.mosaicfactor.com\/ca\/politica-de-privacitat\/","og_site_name":"Mosaic Factor","article_modified_time":"2025-10-24T08:07:40+00:00","og_image":[{"width":1842,"height":509,"url":"https:\/\/www.mosaicfactor.com\/wp-content\/uploads\/2024\/10\/background-contact-mosaic.webp","type":"image\/webp"}],"twitter_card":"summary_large_image","twitter_site":"@mosaicfactor","twitter_misc":{"Temps estimat de lectura":"4 minuts"},"schema":{"@context":"https:\/\/schema.org","@graph":[{"@type":"WebPage","@id":"https:\/\/www.mosaicfactor.com\/ca\/politica-de-privacitat\/","url":"https:\/\/www.mosaicfactor.com\/ca\/politica-de-privacitat\/","name":"Pol\u00edtica de Privacitat - Mosaic Factor","isPartOf":{"@id":"https:\/\/www.mosaicfactor.com\/ca\/#website"},"primaryImageOfPage":{"@id":"https:\/\/www.mosaicfactor.com\/ca\/politica-de-privacitat\/#primaryimage"},"image":{"@id":"https:\/\/www.mosaicfactor.com\/ca\/politica-de-privacitat\/#primaryimage"},"thumbnailUrl":"https:\/\/www.mosaicfactor.com\/wp-content\/uploads\/2024\/10\/background-contact-mosaic.webp","datePublished":"2024-08-29T09:33:25+00:00","dateModified":"2025-10-24T08:07:40+00:00","description":"La nostra pol\u00edtica de privadesa i com utilitzem les dades de la teva navegaci\u00f3. Llegeix els teus drets sobre l'\u00fas de les teves dades personals.","breadcrumb":{"@id":"https:\/\/www.mosaicfactor.com\/ca\/politica-de-privacitat\/#breadcrumb"},"inLanguage":"ca","potentialAction":[{"@type":"ReadAction","target":["https:\/\/www.mosaicfactor.com\/ca\/politica-de-privacitat\/"]}]},{"@type":"ImageObject","inLanguage":"ca","@id":"https:\/\/www.mosaicfactor.com\/ca\/politica-de-privacitat\/#primaryimage","url":"https:\/\/www.mosaicfactor.com\/wp-content\/uploads\/2024\/10\/background-contact-mosaic.webp","contentUrl":"https:\/\/www.mosaicfactor.com\/wp-content\/uploads\/2024\/10\/background-contact-mosaic.webp","width":1842,"height":509},{"@type":"BreadcrumbList","@id":"https:\/\/www.mosaicfactor.com\/ca\/politica-de-privacitat\/#breadcrumb","itemListElement":[{"@type":"ListItem","position":1,"name":"Portada","item":"https:\/\/www.mosaicfactor.com\/ca\/"},{"@type":"ListItem","position":2,"name":"Pol\u00edtica de Privacitat"}]},{"@type":"WebSite","@id":"https:\/\/www.mosaicfactor.com\/ca\/#website","url":"https:\/\/www.mosaicfactor.com\/ca\/","name":"Mosaic Factor","description":"Solving problems with big data","publisher":{"@id":"https:\/\/www.mosaicfactor.com\/ca\/#organization"},"potentialAction":[{"@type":"SearchAction","target":{"@type":"EntryPoint","urlTemplate":"https:\/\/www.mosaicfactor.com\/ca\/?s={search_term_string}"},"query-input":{"@type":"PropertyValueSpecification","valueRequired":true,"valueName":"search_term_string"}}],"inLanguage":"ca"},{"@type":"Organization","@id":"https:\/\/www.mosaicfactor.com\/ca\/#organization","name":"Mosaic Factor SL","url":"https:\/\/www.mosaicfactor.com\/ca\/","logo":{"@type":"ImageObject","inLanguage":"ca","@id":"https:\/\/www.mosaicfactor.com\/ca\/#\/schema\/logo\/image\/","url":"https:\/\/www.mosaicfactor.com\/wp-content\/uploads\/2024\/10\/logo-header-color-mosaic.webp","contentUrl":"https:\/\/www.mosaicfactor.com\/wp-content\/uploads\/2024\/10\/logo-header-color-mosaic.webp","width":475,"height":114,"caption":"Mosaic Factor SL"},"image":{"@id":"https:\/\/www.mosaicfactor.com\/ca\/#\/schema\/logo\/image\/"},"sameAs":["https:\/\/x.com\/mosaicfactor"]}]}},"_links":{"self":[{"href":"https:\/\/www.mosaicfactor.com\/ca\/wp-json\/wp\/v2\/pages\/5707","targetHints":{"allow":["GET"]}}],"collection":[{"href":"https:\/\/www.mosaicfactor.com\/ca\/wp-json\/wp\/v2\/pages"}],"about":[{"href":"https:\/\/www.mosaicfactor.com\/ca\/wp-json\/wp\/v2\/types\/page"}],"author":[{"embeddable":true,"href":"https:\/\/www.mosaicfactor.com\/ca\/wp-json\/wp\/v2\/users\/1"}],"replies":[{"embeddable":true,"href":"https:\/\/www.mosaicfactor.com\/ca\/wp-json\/wp\/v2\/comments?post=5707"}],"version-history":[{"count":7,"href":"https:\/\/www.mosaicfactor.com\/ca\/wp-json\/wp\/v2\/pages\/5707\/revisions"}],"predecessor-version":[{"id":5719,"href":"https:\/\/www.mosaicfactor.com\/ca\/wp-json\/wp\/v2\/pages\/5707\/revisions\/5719"}],"wp:featuredmedia":[{"embeddable":true,"href":"https:\/\/www.mosaicfactor.com\/ca\/wp-json\/wp\/v2\/media\/5344"}],"wp:attachment":[{"href":"https:\/\/www.mosaicfactor.com\/ca\/wp-json\/wp\/v2\/media?parent=5707"}],"curies":[{"name":"wp","href":"https:\/\/api.w.org\/{rel}","templated":true}]}}