{"id":2576,"date":"2024-11-09T18:50:03","date_gmt":"2024-11-09T17:50:03","guid":{"rendered":"https:\/\/www.mosaicfactor.com\/aviso-legal\/"},"modified":"2025-11-05T14:19:25","modified_gmt":"2025-11-05T13:19:25","slug":"aviso-legal","status":"publish","type":"page","link":"https:\/\/www.mosaicfactor.com\/es\/aviso-legal\/","title":{"rendered":"Aviso Legal"},"content":{"rendered":"<p>[et_pb_section fb_built=\u00bb1&#8243; custom_padding_last_edited=\u00bbon|phone\u00bb _builder_version=\u00bb4.27.2&#8243; _module_preset=\u00bbdefault\u00bb background_image=\u00bbhttps:\/\/www.mosaicfactor.com\/wp-content\/uploads\/2024\/10\/background-contact-mosaic.webp\u00bb width=\u00bb95%\u00bb max_width=\u00bb1600px\u00bb module_alignment=\u00bbcenter\u00bb custom_margin=\u00bb||1em||false|false\u00bb custom_margin_tablet=\u00bb||2em||false|false\u00bb custom_margin_phone=\u00bb||4em||false|false\u00bb custom_margin_last_edited=\u00bbon|phone\u00bb custom_padding_tablet=\u00bb\u00bb custom_padding_phone=\u00bb0px||0px||true|false\u00bb border_radii=\u00bbon|10px|10px|10px|10px\u00bb locked=\u00bboff\u00bb global_colors_info=\u00bb{}\u00bb][et_pb_row custom_padding_last_edited=\u00bboff|phone\u00bb _builder_version=\u00bb4.27.2&#8243; _module_preset=\u00bbdefault\u00bb width_tablet=\u00bb\u00bb width_phone=\u00bb90%\u00bb width_last_edited=\u00bbon|phone\u00bb custom_padding_phone=\u00bb1em||1em||true|false\u00bb global_colors_info=\u00bb{}\u00bb][et_pb_column type=\u00bb4_4&#8243; _builder_version=\u00bb4.27.2&#8243; _module_preset=\u00bbdefault\u00bb global_colors_info=\u00bb{}\u00bb][et_pb_text _builder_version=\u00bb4.27.4&#8243; _module_preset=\u00bbdefault\u00bb header_text_color=\u00bb#FFFFFF\u00bb header_font_size=\u00bb50px\u00bb header_line_height=\u00bb1.4em\u00bb max_width=\u00bb70%\u00bb custom_margin=\u00bb||0px||false|false\u00bb header_font_size_tablet=\u00bb50px\u00bb header_font_size_phone=\u00bb30px\u00bb header_font_size_last_edited=\u00bbon|phone\u00bb global_colors_info=\u00bb{}\u00bb]<\/p>\n<h1><strong>Aviso legal<\/strong><\/h1>\n<p>[\/et_pb_text][\/et_pb_column][\/et_pb_row][\/et_pb_section][et_pb_section fb_built=\u00bb1&#8243; _builder_version=\u00bb4.27.2&#8243; _module_preset=\u00bbdefault\u00bb custom_padding=\u00bb2em||2em||true|false\u00bb locked=\u00bboff\u00bb global_colors_info=\u00bb{}\u00bb][et_pb_row custom_padding_last_edited=\u00bbon|phone\u00bb _builder_version=\u00bb4.27.2&#8243; _module_preset=\u00bbdefault\u00bb width=\u00bb95%\u00bb custom_padding=\u00bb|3em||3em|false|true\u00bb custom_padding_tablet=\u00bb|3em||3em|false|true\u00bb custom_padding_phone=\u00bb|1em||1em|false|true\u00bb global_colors_info=\u00bb{}\u00bb][et_pb_column type=\u00bb4_4&#8243; _builder_version=\u00bb4.27.2&#8243; _module_preset=\u00bbdefault\u00bb global_colors_info=\u00bb{}\u00bb][et_pb_text _builder_version=\u00bb4.27.4&#8243; _module_preset=\u00bbdefault\u00bb text_font_size=\u00bb16px\u00bb global_colors_info=\u00bb{}\u00bb]<\/p>\n<h2>INFORMACI\u00d3N GENERAL<\/h2>\n<p>De conformidad con el Art\u00edculo 10 de la Ley 34\/2002, de 11 de julio, de Servicios de la Sociedad de la Informaci\u00f3n y del Comercio Electr\u00f3nico, proporcionamos la siguiente informaci\u00f3n:<\/p>\n<p>Mosaic Factor S.L. est\u00e1 domiciliada en Calle Sancho de \u00c1vila 19, 5 &#8211; 1, 08018 Barcelona, con NIF B66786724. Registrada en el Registro Mercantil de Barcelona, Volumen 4539, P\u00e1gina 171, Hoja B-486283, Entrada 1.<\/p>\n<p>La web mosaicfactor.com contiene informaci\u00f3n sobre los productos y servicios de Mosaic Factor S.L.<\/p>\n<p>Su principal objetivo es proporcionar a los clientes y al p\u00fablico en general informaci\u00f3n relacionada con la empresa y los productos y servicios que ofrece.<\/p>\n<h2><\/h2>\n<h2>POL\u00cdTICA DE PRIVACIDAD<\/h2>\n<p>En cumplimiento con la Ley Org\u00e1nica 15\/1999, de 13 de diciembre, de Protecci\u00f3n de Datos de Car\u00e1cter Personal (LOPD), se informa a los usuarios que todos los datos proporcionados ser\u00e1n incluidos en un fichero creado y mantenido bajo la responsabilidad de Mosaic Factor S.L.<\/p>\n<p>Sus datos personales siempre ser\u00e1n tratados de manera confidencial y solo se utilizar\u00e1n para gestionar los servicios ofrecidos, responder a sus solicitudes, realizar tareas administrativas y enviar informaci\u00f3n t\u00e9cnica, comercial o publicitaria por medios ordinarios o electr\u00f3nicos.Para ejercer sus derechos de oposici\u00f3n, rectificaci\u00f3n o cancelaci\u00f3n, por favor comun\u00edquese con la sede de la empresa en calle Sancho de \u00c1vila 19, 5 &#8211; 1, 08018 Barcelona, envie un correo electr\u00f3nico a <a href=\"mailto:info@mosaicfactor.com\">info@mosaicfactor.com<\/a>, o llame al <a href=\"tel:+34677600963\">+34677600963<\/a>.<\/p>\n<h2><\/h2>\n<h2>T\u00c9RMINOS DE USO<\/h2>\n<p>Los t\u00e9rminos de acceso y uso de este sitio web se rigen por la legislaci\u00f3n vigente y el principio de buena fe, comprometi\u00e9ndose los usuarios a hacer un uso adecuado del sitio web. No se permiten conductas que contravengan la ley, los derechos o intereses de terceros.<\/p>\n<p>Ser usuario del sitio web mosaicfactor.com implica que usted reconoce haber le\u00eddo y aceptado estos t\u00e9rminos y la normativa legal aplicable en la materia. Si, por cualquier motivo, no est\u00e1 de acuerdo con estas condiciones, por favor, no contin\u00fae utilizando este sitio web.<\/p>\n<p>Cualquier tipo de notificaci\u00f3n y\/o reclamaci\u00f3n solo ser\u00e1 v\u00e1lida si se realiza por escrito y\/o mediante correo certificado.<\/p>\n<p>&nbsp;<\/p>\n<h2>RESPONSABILIDAD<\/h2>\n<p>Mosaic Factor S.L. no es responsable de la informaci\u00f3n y el contenido almacenado en foros, redes sociales o cualquier otro medio que permita a terceros publicar contenido de manera independiente en el sitio web del proveedor.<\/p>\n<p>Sin embargo, de conformidad con los Art\u00edculos 11 y 16 de la LSSI-CE, Mosaic Factor S.L. se compromete a la eliminaci\u00f3n o bloqueo de cualquier contenido que pueda afectar o contravenir la legislaci\u00f3n nacional o internacional, los derechos de terceros o la moral y el orden p\u00fablico.<\/p>\n<p>La empresa tampoco es responsable de los da\u00f1os ocasionados por fallos de software o configuraciones incorrectas en el ordenador del usuario de Internet. Se excluye toda responsabilidad por problemas t\u00e9cnicos o fallos que puedan ocurrir al conectarse a Internet. Adem\u00e1s, no se garantiza la ausencia de interrupciones o errores en el acceso al sitio web.Mosaic Factor S.L. tambi\u00e9n se reserva el derecho de actualizar, modificar o eliminar la informaci\u00f3n contenida en su sitio web, as\u00ed como su configuraci\u00f3n o presentaci\u00f3n, en cualquier momento sin asumir ninguna responsabilidad por ella.<\/p>\n<h2><\/h2>\n<h2>PROPIEDAD INTELECTUAL E INDUSTRIAL<\/h2>\n<p>Mosaic Factor S.L. posee todos los derechos sobre el software de publicaci\u00f3n digital y mantiene los derechos de propiedad industrial e intelectual sobre el contenido incluido, excepto por los derechos sobre productos y servicios que son de dominio p\u00fablico y no son propiedad de esta empresa.<\/p>\n<p>Ning\u00fan material publicado en este sitio web puede ser reproducido, copiado o publicado sin el consentimiento por escrito de Mosaic Factor S.L.<\/p>\n<p>Toda la informaci\u00f3n recibida en el sitio web, como comentarios, sugerencias o ideas, se considerar\u00e1 cedida a Mosaic Factor S.L. de manera gratuita. La informaci\u00f3n que no pueda ser tratada de esta manera no debe ser enviada.<\/p>\n<p>Todos los productos y servicios en estas p\u00e1ginas que no son propiedad de Mosaic Factor S.L. son marcas registradas de sus respectivos propietarios y son reconocidas como tal por nuestra empresa. Solo aparecen en el sitio web de Mosaic Factor S.L. con fines de promoci\u00f3n y recopilaci\u00f3n de informaci\u00f3n. Estos propietarios pueden solicitar la modificaci\u00f3n o eliminaci\u00f3n de la informaci\u00f3n que les pertenezca.<\/p>\n<div id=\"t_outputoptions\" class=\"t_outputoptions t_outputhelperoptions\">\n<div id=\"tta_outctrl\" class=\"t_secOptions                            \">\n<div id=\"infobubble_item_11_3CCB2\" class=\"infobubble_item infobubble_tooltip\" data-bubbleid=\"infobubble_11_3CCB2\" aria-haspopup=\"true\">\n<div class=\"tta_playc\">\n<div id=\"tta_playicontgt\" class=\"t_option\" role=\"button\" aria-label=\"Escuchar traducci\u00f3n\" tabindex=\"0\"><\/div>\n<\/div>\n<\/div>\n<div class=\"t_copyText\">\n<div id=\"infobubble_item_12_3CEDA\" class=\"infobubble_item infobubble_tooltip\" data-bubbleid=\"infobubble_12_3CEDA\" aria-haspopup=\"true\">\n<div id=\"tta_copyIcon\" class=\"t_option\" role=\"button\" aria-label=\"Copiar\" tabindex=\"0\"><\/div>\n<\/div>\n<\/div>\n<\/div>\n<\/div>\n<h2>LEY APLICABLE Y JURISDICCI\u00d3N<\/h2>\n<p>Estas condiciones generales se rigen por la ley espa\u00f1ola. Para cualquier disputa que pueda surgir relacionada con el sitio web o la actividad que en \u00e9l se lleve a cabo, ser\u00e1n competentes los Tribunales de Barcelona, y el usuario renuncia expresamente a cualquier otra jurisdicci\u00f3n que pudiera corresponder.[\/et_pb_text][\/et_pb_column][\/et_pb_row][\/et_pb_section]<\/p>\n","protected":false},"excerpt":{"rendered":"<p>Aviso legalINFORMACI\u00d3N GENERAL De conformidad con el Art\u00edculo 10 de la Ley 34\/2002, de 11 de julio, de Servicios de la Sociedad de la Informaci\u00f3n y del Comercio Electr\u00f3nico, proporcionamos la siguiente informaci\u00f3n: Mosaic Factor S.L. est\u00e1 domiciliada en Calle Sancho de \u00c1vila 19, 5 &#8211; 1, 08018 Barcelona, con NIF B66786724. Registrada en el [&hellip;]<\/p>\n","protected":false},"author":1,"featured_media":544,"parent":0,"menu_order":0,"comment_status":"closed","ping_status":"closed","template":"","meta":{"_acf_changed":false,"_et_pb_use_builder":"on","_et_pb_old_content":"","_et_gb_content_width":"","inline_featured_image":false,"footnotes":""},"class_list":["post-2576","page","type-page","status-publish","has-post-thumbnail","hentry"],"acf":[],"yoast_head":"<!-- This site is optimized with the Yoast SEO plugin v27.4 - https:\/\/yoast.com\/product\/yoast-seo-wordpress\/ -->\n<title>Aviso Legal - Mosaic Factor<\/title>\n<meta name=\"description\" content=\"Aviso legal de nuestro sitio web. Por favor, lea nuestra pol\u00edtica de privacidad, derechos de autor e informaci\u00f3n legal sobre Mosaic Factor.\" \/>\n<meta name=\"robots\" content=\"index, follow, max-snippet:-1, max-image-preview:large, max-video-preview:-1\" \/>\n<link rel=\"canonical\" href=\"https:\/\/www.mosaicfactor.com\/es\/aviso-legal\/\" \/>\n<meta property=\"og:locale\" content=\"es_ES\" \/>\n<meta property=\"og:type\" content=\"article\" \/>\n<meta property=\"og:title\" content=\"Aviso Legal - Mosaic Factor\" \/>\n<meta property=\"og:description\" content=\"Aviso legal de nuestro sitio web. Por favor, lea nuestra pol\u00edtica de privacidad, derechos de autor e informaci\u00f3n legal sobre Mosaic Factor.\" \/>\n<meta property=\"og:url\" content=\"https:\/\/www.mosaicfactor.com\/es\/aviso-legal\/\" \/>\n<meta property=\"og:site_name\" content=\"Mosaic Factor\" \/>\n<meta property=\"article:modified_time\" content=\"2025-11-05T13:19:25+00:00\" \/>\n<meta property=\"og:image\" content=\"https:\/\/www.mosaicfactor.com\/wp-content\/uploads\/2024\/10\/background-contact-mosaic.webp\" \/>\n\t<meta property=\"og:image:width\" content=\"1842\" \/>\n\t<meta property=\"og:image:height\" content=\"509\" \/>\n\t<meta property=\"og:image:type\" content=\"image\/webp\" \/>\n<meta name=\"twitter:card\" content=\"summary_large_image\" \/>\n<meta name=\"twitter:site\" content=\"@mosaicfactor\" \/>\n<meta name=\"twitter:label1\" content=\"Tiempo de lectura\" \/>\n\t<meta name=\"twitter:data1\" content=\"4 minutos\" \/>\n<script type=\"application\/ld+json\" class=\"yoast-schema-graph\">{\"@context\":\"https:\\\/\\\/schema.org\",\"@graph\":[{\"@type\":\"WebPage\",\"@id\":\"https:\\\/\\\/www.mosaicfactor.com\\\/es\\\/aviso-legal\\\/\",\"url\":\"https:\\\/\\\/www.mosaicfactor.com\\\/es\\\/aviso-legal\\\/\",\"name\":\"Aviso Legal - Mosaic Factor\",\"isPartOf\":{\"@id\":\"https:\\\/\\\/www.mosaicfactor.com\\\/es\\\/#website\"},\"primaryImageOfPage\":{\"@id\":\"https:\\\/\\\/www.mosaicfactor.com\\\/es\\\/aviso-legal\\\/#primaryimage\"},\"image\":{\"@id\":\"https:\\\/\\\/www.mosaicfactor.com\\\/es\\\/aviso-legal\\\/#primaryimage\"},\"thumbnailUrl\":\"https:\\\/\\\/www.mosaicfactor.com\\\/wp-content\\\/uploads\\\/2024\\\/10\\\/background-contact-mosaic.webp\",\"datePublished\":\"2024-11-09T17:50:03+00:00\",\"dateModified\":\"2025-11-05T13:19:25+00:00\",\"description\":\"Aviso legal de nuestro sitio web. Por favor, lea nuestra pol\u00edtica de privacidad, derechos de autor e informaci\u00f3n legal sobre Mosaic Factor.\",\"breadcrumb\":{\"@id\":\"https:\\\/\\\/www.mosaicfactor.com\\\/es\\\/aviso-legal\\\/#breadcrumb\"},\"inLanguage\":\"es\",\"potentialAction\":[{\"@type\":\"ReadAction\",\"target\":[\"https:\\\/\\\/www.mosaicfactor.com\\\/es\\\/aviso-legal\\\/\"]}]},{\"@type\":\"ImageObject\",\"inLanguage\":\"es\",\"@id\":\"https:\\\/\\\/www.mosaicfactor.com\\\/es\\\/aviso-legal\\\/#primaryimage\",\"url\":\"https:\\\/\\\/www.mosaicfactor.com\\\/wp-content\\\/uploads\\\/2024\\\/10\\\/background-contact-mosaic.webp\",\"contentUrl\":\"https:\\\/\\\/www.mosaicfactor.com\\\/wp-content\\\/uploads\\\/2024\\\/10\\\/background-contact-mosaic.webp\",\"width\":1842,\"height\":509,\"caption\":\"contact-mosaic\"},{\"@type\":\"BreadcrumbList\",\"@id\":\"https:\\\/\\\/www.mosaicfactor.com\\\/es\\\/aviso-legal\\\/#breadcrumb\",\"itemListElement\":[{\"@type\":\"ListItem\",\"position\":1,\"name\":\"Portada\",\"item\":\"https:\\\/\\\/www.mosaicfactor.com\\\/es\\\/\"},{\"@type\":\"ListItem\",\"position\":2,\"name\":\"Aviso Legal\"}]},{\"@type\":\"WebSite\",\"@id\":\"https:\\\/\\\/www.mosaicfactor.com\\\/es\\\/#website\",\"url\":\"https:\\\/\\\/www.mosaicfactor.com\\\/es\\\/\",\"name\":\"Mosaic Factor\",\"description\":\"Solving problems with big data\",\"publisher\":{\"@id\":\"https:\\\/\\\/www.mosaicfactor.com\\\/es\\\/#organization\"},\"potentialAction\":[{\"@type\":\"SearchAction\",\"target\":{\"@type\":\"EntryPoint\",\"urlTemplate\":\"https:\\\/\\\/www.mosaicfactor.com\\\/es\\\/?s={search_term_string}\"},\"query-input\":{\"@type\":\"PropertyValueSpecification\",\"valueRequired\":true,\"valueName\":\"search_term_string\"}}],\"inLanguage\":\"es\"},{\"@type\":\"Organization\",\"@id\":\"https:\\\/\\\/www.mosaicfactor.com\\\/es\\\/#organization\",\"name\":\"Mosaic Factor SL\",\"url\":\"https:\\\/\\\/www.mosaicfactor.com\\\/es\\\/\",\"logo\":{\"@type\":\"ImageObject\",\"inLanguage\":\"es\",\"@id\":\"https:\\\/\\\/www.mosaicfactor.com\\\/es\\\/#\\\/schema\\\/logo\\\/image\\\/\",\"url\":\"https:\\\/\\\/www.mosaicfactor.com\\\/wp-content\\\/uploads\\\/2024\\\/10\\\/logo-header-color-mosaic.webp\",\"contentUrl\":\"https:\\\/\\\/www.mosaicfactor.com\\\/wp-content\\\/uploads\\\/2024\\\/10\\\/logo-header-color-mosaic.webp\",\"width\":475,\"height\":114,\"caption\":\"Mosaic Factor SL\"},\"image\":{\"@id\":\"https:\\\/\\\/www.mosaicfactor.com\\\/es\\\/#\\\/schema\\\/logo\\\/image\\\/\"},\"sameAs\":[\"https:\\\/\\\/x.com\\\/mosaicfactor\"]}]}<\/script>\n<!-- \/ Yoast SEO plugin. -->","yoast_head_json":{"title":"Aviso Legal - Mosaic Factor","description":"Aviso legal de nuestro sitio web. Por favor, lea nuestra pol\u00edtica de privacidad, derechos de autor e informaci\u00f3n legal sobre Mosaic Factor.","robots":{"index":"index","follow":"follow","max-snippet":"max-snippet:-1","max-image-preview":"max-image-preview:large","max-video-preview":"max-video-preview:-1"},"canonical":"https:\/\/www.mosaicfactor.com\/es\/aviso-legal\/","og_locale":"es_ES","og_type":"article","og_title":"Aviso Legal - Mosaic Factor","og_description":"Aviso legal de nuestro sitio web. Por favor, lea nuestra pol\u00edtica de privacidad, derechos de autor e informaci\u00f3n legal sobre Mosaic Factor.","og_url":"https:\/\/www.mosaicfactor.com\/es\/aviso-legal\/","og_site_name":"Mosaic Factor","article_modified_time":"2025-11-05T13:19:25+00:00","og_image":[{"width":1842,"height":509,"url":"https:\/\/www.mosaicfactor.com\/wp-content\/uploads\/2024\/10\/background-contact-mosaic.webp","type":"image\/webp"}],"twitter_card":"summary_large_image","twitter_site":"@mosaicfactor","twitter_misc":{"Tiempo de lectura":"4 minutos"},"schema":{"@context":"https:\/\/schema.org","@graph":[{"@type":"WebPage","@id":"https:\/\/www.mosaicfactor.com\/es\/aviso-legal\/","url":"https:\/\/www.mosaicfactor.com\/es\/aviso-legal\/","name":"Aviso Legal - Mosaic Factor","isPartOf":{"@id":"https:\/\/www.mosaicfactor.com\/es\/#website"},"primaryImageOfPage":{"@id":"https:\/\/www.mosaicfactor.com\/es\/aviso-legal\/#primaryimage"},"image":{"@id":"https:\/\/www.mosaicfactor.com\/es\/aviso-legal\/#primaryimage"},"thumbnailUrl":"https:\/\/www.mosaicfactor.com\/wp-content\/uploads\/2024\/10\/background-contact-mosaic.webp","datePublished":"2024-11-09T17:50:03+00:00","dateModified":"2025-11-05T13:19:25+00:00","description":"Aviso legal de nuestro sitio web. Por favor, lea nuestra pol\u00edtica de privacidad, derechos de autor e informaci\u00f3n legal sobre Mosaic Factor.","breadcrumb":{"@id":"https:\/\/www.mosaicfactor.com\/es\/aviso-legal\/#breadcrumb"},"inLanguage":"es","potentialAction":[{"@type":"ReadAction","target":["https:\/\/www.mosaicfactor.com\/es\/aviso-legal\/"]}]},{"@type":"ImageObject","inLanguage":"es","@id":"https:\/\/www.mosaicfactor.com\/es\/aviso-legal\/#primaryimage","url":"https:\/\/www.mosaicfactor.com\/wp-content\/uploads\/2024\/10\/background-contact-mosaic.webp","contentUrl":"https:\/\/www.mosaicfactor.com\/wp-content\/uploads\/2024\/10\/background-contact-mosaic.webp","width":1842,"height":509,"caption":"contact-mosaic"},{"@type":"BreadcrumbList","@id":"https:\/\/www.mosaicfactor.com\/es\/aviso-legal\/#breadcrumb","itemListElement":[{"@type":"ListItem","position":1,"name":"Portada","item":"https:\/\/www.mosaicfactor.com\/es\/"},{"@type":"ListItem","position":2,"name":"Aviso Legal"}]},{"@type":"WebSite","@id":"https:\/\/www.mosaicfactor.com\/es\/#website","url":"https:\/\/www.mosaicfactor.com\/es\/","name":"Mosaic Factor","description":"Solving problems with big data","publisher":{"@id":"https:\/\/www.mosaicfactor.com\/es\/#organization"},"potentialAction":[{"@type":"SearchAction","target":{"@type":"EntryPoint","urlTemplate":"https:\/\/www.mosaicfactor.com\/es\/?s={search_term_string}"},"query-input":{"@type":"PropertyValueSpecification","valueRequired":true,"valueName":"search_term_string"}}],"inLanguage":"es"},{"@type":"Organization","@id":"https:\/\/www.mosaicfactor.com\/es\/#organization","name":"Mosaic Factor SL","url":"https:\/\/www.mosaicfactor.com\/es\/","logo":{"@type":"ImageObject","inLanguage":"es","@id":"https:\/\/www.mosaicfactor.com\/es\/#\/schema\/logo\/image\/","url":"https:\/\/www.mosaicfactor.com\/wp-content\/uploads\/2024\/10\/logo-header-color-mosaic.webp","contentUrl":"https:\/\/www.mosaicfactor.com\/wp-content\/uploads\/2024\/10\/logo-header-color-mosaic.webp","width":475,"height":114,"caption":"Mosaic Factor SL"},"image":{"@id":"https:\/\/www.mosaicfactor.com\/es\/#\/schema\/logo\/image\/"},"sameAs":["https:\/\/x.com\/mosaicfactor"]}]}},"_links":{"self":[{"href":"https:\/\/www.mosaicfactor.com\/es\/wp-json\/wp\/v2\/pages\/2576","targetHints":{"allow":["GET"]}}],"collection":[{"href":"https:\/\/www.mosaicfactor.com\/es\/wp-json\/wp\/v2\/pages"}],"about":[{"href":"https:\/\/www.mosaicfactor.com\/es\/wp-json\/wp\/v2\/types\/page"}],"author":[{"embeddable":true,"href":"https:\/\/www.mosaicfactor.com\/es\/wp-json\/wp\/v2\/users\/1"}],"replies":[{"embeddable":true,"href":"https:\/\/www.mosaicfactor.com\/es\/wp-json\/wp\/v2\/comments?post=2576"}],"version-history":[{"count":15,"href":"https:\/\/www.mosaicfactor.com\/es\/wp-json\/wp\/v2\/pages\/2576\/revisions"}],"predecessor-version":[{"id":5752,"href":"https:\/\/www.mosaicfactor.com\/es\/wp-json\/wp\/v2\/pages\/2576\/revisions\/5752"}],"wp:featuredmedia":[{"embeddable":true,"href":"https:\/\/www.mosaicfactor.com\/es\/wp-json\/wp\/v2\/media\/544"}],"wp:attachment":[{"href":"https:\/\/www.mosaicfactor.com\/es\/wp-json\/wp\/v2\/media?parent=2576"}],"curies":[{"name":"wp","href":"https:\/\/api.w.org\/{rel}","templated":true}]}}