{"id":3031,"date":"2024-11-09T18:26:42","date_gmt":"2024-11-09T17:26:42","guid":{"rendered":"https:\/\/www.mosaicfactor.com\/research-es\/"},"modified":"2024-12-12T10:03:08","modified_gmt":"2024-12-12T09:03:08","slug":"investigacion","status":"publish","type":"page","link":"https:\/\/www.mosaicfactor.com\/es\/investigacion\/","title":{"rendered":"Research &#8211; ES"},"content":{"rendered":"<p>[et_pb_section fb_built=\u00bb1&#8243; custom_padding_last_edited=\u00bbon|phone\u00bb _builder_version=\u00bb4.27.2&#8243; _module_preset=\u00bbdefault\u00bb background_image=\u00bbhttps:\/\/www.mosaicfactor.com\/wp-content\/uploads\/2024\/10\/background-team-mosaic.webp\u00bb width=\u00bb95%\u00bb max_width=\u00bb1600px\u00bb module_alignment=\u00bbcenter\u00bb custom_margin=\u00bb||1em||false|false\u00bb custom_padding_tablet=\u00bb\u00bb custom_padding_phone=\u00bb0px||0px||true|false\u00bb border_radii=\u00bbon|10px|10px|10px|10px\u00bb locked=\u00bboff\u00bb global_colors_info=\u00bb{}\u00bb][et_pb_row _builder_version=\u00bb4.27.2&#8243; _module_preset=\u00bbdefault\u00bb width_tablet=\u00bb\u00bb width_phone=\u00bb90%\u00bb width_last_edited=\u00bbon|phone\u00bb global_colors_info=\u00bb{}\u00bb][et_pb_column type=\u00bb4_4&#8243; _builder_version=\u00bb4.27.2&#8243; _module_preset=\u00bbdefault\u00bb global_colors_info=\u00bb{}\u00bb][et_pb_text _builder_version=\u00bb4.27.2&#8243; _module_preset=\u00bbdefault\u00bb text_font=\u00bb|||on|||||\u00bb text_text_color=\u00bb#FFFFFF\u00bb text_font_size=\u00bb20px\u00bb text_line_height=\u00bb1.4em\u00bb custom_margin=\u00bb||0.5em||false|false\u00bb global_colors_info=\u00bb{}\u00bb]<\/p>\n<p>Investigaci\u00f3n<\/p>\n<p>[\/et_pb_text][et_pb_text _builder_version=\u00bb4.27.2&#8243; _module_preset=\u00bbdefault\u00bb header_text_color=\u00bb#FFFFFF\u00bb header_font_size=\u00bb50px\u00bb header_line_height=\u00bb1.4em\u00bb max_width=\u00bb70%\u00bb max_width_tablet=\u00bb70%\u00bb max_width_phone=\u00bb100%\u00bb max_width_last_edited=\u00bbon|phone\u00bb header_font_size_tablet=\u00bb50px\u00bb header_font_size_phone=\u00bb30px\u00bb header_font_size_last_edited=\u00bbon|phone\u00bb global_colors_info=\u00bb{}\u00bb]<\/p>\n<h1>Research Mosaic Factor<\/h1>\n<p>[\/et_pb_text][\/et_pb_column][\/et_pb_row][\/et_pb_section][et_pb_section fb_built=\u00bb1&#8243; _builder_version=\u00bb4.27.2&#8243; _module_preset=\u00bbdefault\u00bb custom_margin=\u00bb0px||2em||false|false\u00bb custom_padding=\u00bb0px||0px||true|false\u00bb locked=\u00bboff\u00bb global_colors_info=\u00bb{}\u00bb][et_pb_row column_structure=\u00bb2_3,1_3&#8243; _builder_version=\u00bb4.27.2&#8243; _module_preset=\u00bbdefault\u00bb width=\u00bb90%\u00bb global_colors_info=\u00bb{}\u00bb][et_pb_column type=\u00bb2_3&#8243; _builder_version=\u00bb4.27.2&#8243; _module_preset=\u00bbdefault\u00bb global_colors_info=\u00bb{}\u00bb][et_pb_text _builder_version=\u00bb4.27.2&#8243; _module_preset=\u00bbdefault\u00bb text_font=\u00bb|300|||||||\u00bb text_text_color=\u00bb#000000&#8243; text_font_size=\u00bb26px\u00bb text_line_height=\u00bb1.6em\u00bb header_line_height=\u00bb1.4em\u00bb module_alignment=\u00bbcenter\u00bb text_font_size_tablet=\u00bb24px\u00bb text_font_size_phone=\u00bb20px\u00bb text_font_size_last_edited=\u00bbon|phone\u00bb locked=\u00bboff\u00bb global_colors_info=\u00bb{}\u00bb]<\/p>\n<p>Mosaic Factor est\u00e1 especializada en innovaci\u00f3n basada en datos con un fuerte enfoque en el intercambio de datos y todos los desaf\u00edos y oportunidades relacionados en varios sectores.<\/p>\n<p>[\/et_pb_text][et_pb_text _builder_version=\u00bb4.27.2&#8243; _module_preset=\u00bbdefault\u00bb text_font_size=\u00bb18px\u00bb text_line_height=\u00bb1.6em\u00bb locked=\u00bboff\u00bb global_colors_info=\u00bb{}\u00bb]<\/p>\n<p>Mosaic Factor trabaja en estrecha colaboraci\u00f3n con m\u00e1s de 80 entidades ubicadas en 15 pa\u00edses diferentes en toda Europa para ofrecer innovaci\u00f3n.<\/p>\n<p>[\/et_pb_text][et_pb_text _builder_version=\u00bb4.27.2&#8243; _module_preset=\u00bbdefault\u00bb text_font_size=\u00bb18px\u00bb text_line_height=\u00bb1.6em\u00bb locked=\u00bboff\u00bb global_colors_info=\u00bb{}\u00bb]<\/p>\n<ul>\n<li>Comisi\u00f3n Europea<\/li>\n<li>Gobierno espa\u00f1ol <\/li>\n<li>Convocatorias internacionales<\/li>\n<\/ul>\n<p>[\/et_pb_text][et_pb_text _builder_version=\u00bb4.27.2&#8243; _module_preset=\u00bbdefault\u00bb header_2_font=\u00bb|||on|||||\u00bb header_2_text_align=\u00bbcenter\u00bb header_2_font_size=\u00bb30px\u00bb header_3_font=\u00bb|600||on|||||\u00bb header_3_text_align=\u00bbcenter\u00bb header_3_font_size=\u00bb36px\u00bb global_colors_info=\u00bb{}\u00bb]<\/p>\n<h2>Nuestros Socios<\/h2>\n<p>[\/et_pb_text][et_pb_gallery gallery_ids=\u00bb1737,1513,1572,1555,2628&#8243; posts_number=\u00bb99&#8243; show_title_and_caption=\u00bboff\u00bb show_pagination=\u00bboff\u00bb _builder_version=\u00bb4.27.2&#8243; _module_preset=\u00bbdefault\u00bb hover_enabled=\u00bb0&#8243; custom_css_free_form=\u00bbselector .et_pb_gallery_items{||  display:flex;||\tflex-flow:wrap;||\talign-items:center;||  justify-content:center;||}||selector img{||  width:auto;||  max-width:100px;||  height:auto;||  margin:0 2em;||}||\u00bb custom_css_gallery_item=\u00bbpointer-events:none;||max-width:fit-content;||margin:0;\u00bb global_colors_info=\u00bb{}\u00bb sticky_enabled=\u00bb0&#8243;][\/et_pb_gallery][\/et_pb_column][et_pb_column type=\u00bb1_3&#8243; module_id=\u00bbsidebar-news\u00bb _builder_version=\u00bb4.27.2&#8243; _module_preset=\u00bbdefault\u00bb global_colors_info=\u00bb{}\u00bb][et_pb_text _builder_version=\u00bb4.27.2&#8243; _module_preset=\u00bbdefault\u00bb header_2_font=\u00bb|||on|||||\u00bb header_2_text_color=\u00bb#000000&#8243; header_2_font_size=\u00bb20px\u00bb custom_margin=\u00bb||0.5em||false|false\u00bb locked=\u00bboff\u00bb global_colors_info=\u00bb{}\u00bb]<\/p>\n<h2>\u00daltimos proyectos<\/h2>\n<p>[\/et_pb_text][et_pb_code _builder_version=\u00bb4.27.2&#8243; _module_preset=\u00bbdefault\u00bb locked=\u00bboff\u00bb global_colors_info=\u00bb{}\u00bb]<ul><li><a href=\"https:\/\/www.mosaicfactor.com\/es\/projects\/multimodal-inland-planner\/\">MULTIMODAL INLAND PLANNER<\/a><\/li><li><a href=\"https:\/\/www.mosaicfactor.com\/es\/projects\/hidden\/\">HIDDEN<\/a><\/li><li><a href=\"https:\/\/www.mosaicfactor.com\/es\/projects\/twin-loop\/\">TWIN-LOOP<\/a><\/li><li><a href=\"https:\/\/www.mosaicfactor.com\/es\/projects\/abertis\/\">Abertis<\/a><\/li><li><a href=\"https:\/\/www.mosaicfactor.com\/es\/projects\/c-32-behaviour-change\/\">Autopista C-32<\/a><\/li><\/ul>[\/et_pb_code][et_pb_text _builder_version=\u00bb4.27.2&#8243; _module_preset=\u00bbdefault\u00bb header_2_font=\u00bb|||on|||||\u00bb header_2_text_color=\u00bb#000000&#8243; header_2_font_size=\u00bb20px\u00bb custom_margin=\u00bb||0.5em||false|false\u00bb locked=\u00bboff\u00bb global_colors_info=\u00bb{}\u00bb]<\/p>\n<h2>\u00daltimas noticias<\/h2>\n<p>[\/et_pb_text][et_pb_code _builder_version=\u00bb4.27.2&#8243; _module_preset=\u00bbdefault\u00bb locked=\u00bboff\u00bb global_colors_info=\u00bb{}\u00bb]<ul><li><a href=\"https:\/\/www.mosaicfactor.com\/es\/bring-your-own-device-overview\/\">Bring Your Own Device overview<\/a><\/li><li><a href=\"https:\/\/www.mosaicfactor.com\/es\/automated-shunting-as-a-service-platform\/\">Automated Shunting as a Service Platform<\/a><\/li><li><a href=\"https:\/\/www.mosaicfactor.com\/es\/mobile-world-congress-2026-entrando-en-la-era-iq\/\">Mobile World Congress 2026: Entrando en la era IQ<\/a><\/li><li><a href=\"https:\/\/www.mosaicfactor.com\/es\/twinops-y-gemelos-digitales-myev-impulsando-los-vehiculos-electricos-definidos-por-software-en-la-conferencia-rtr\/\">TwinOps y Gemelos Digitales MyEV: Impulsando los veh\u00edculos el\u00e9ctricos SDV en la Conferencia RTR<\/a><\/li><li><a href=\"https:\/\/www.mosaicfactor.com\/es\/impulsando-una-ia-fiable-en-la-movilidad-autonoma-perspectivas-de-ecava\/\">Impulsando una IA fiable en la movilidad aut\u00f3noma: reuni\u00f3n ECAVA<\/a><\/li><\/ul>[\/et_pb_code][\/et_pb_column][\/et_pb_row][\/et_pb_section]<\/p>\n","protected":false},"excerpt":{"rendered":"<p>[et_pb_section fb_built=\u00bb1&#8243; custom_padding_last_edited=\u00bbon|phone\u00bb _builder_version=\u00bb4.27.2&#8243; _module_preset=\u00bbdefault\u00bb background_image=\u00bbhttps:\/\/www.mosaicfactor.com\/wp-content\/uploads\/2024\/10\/background-team-mosaic.webp\u00bb width=\u00bb95%\u00bb max_width=\u00bb1600px\u00bb module_alignment=\u00bbcenter\u00bb custom_margin=\u00bb||1em||false|false\u00bb custom_padding_tablet=\u00bb\u00bb custom_padding_phone=\u00bb0px||0px||true|false\u00bb border_radii=\u00bbon|10px|10px|10px|10px\u00bb locked=\u00bboff\u00bb global_colors_info=\u00bb{}\u00bb][et_pb_row _builder_version=\u00bb4.27.2&#8243; _module_preset=\u00bbdefault\u00bb width_tablet=\u00bb\u00bb width_phone=\u00bb90%\u00bb width_last_edited=\u00bbon|phone\u00bb global_colors_info=\u00bb{}\u00bb][et_pb_column type=\u00bb4_4&#8243; _builder_version=\u00bb4.27.2&#8243; _module_preset=\u00bbdefault\u00bb global_colors_info=\u00bb{}\u00bb][et_pb_text _builder_version=\u00bb4.27.2&#8243; _module_preset=\u00bbdefault\u00bb text_font=\u00bb|||on|||||\u00bb text_text_color=\u00bb#FFFFFF\u00bb text_font_size=\u00bb20px\u00bb text_line_height=\u00bb1.4em\u00bb custom_margin=\u00bb||0.5em||false|false\u00bb global_colors_info=\u00bb{}\u00bb] Investigaci\u00f3n [\/et_pb_text][et_pb_text _builder_version=\u00bb4.27.2&#8243; _module_preset=\u00bbdefault\u00bb header_text_color=\u00bb#FFFFFF\u00bb header_font_size=\u00bb50px\u00bb header_line_height=\u00bb1.4em\u00bb max_width=\u00bb70%\u00bb max_width_tablet=\u00bb70%\u00bb max_width_phone=\u00bb100%\u00bb max_width_last_edited=\u00bbon|phone\u00bb header_font_size_tablet=\u00bb50px\u00bb header_font_size_phone=\u00bb30px\u00bb header_font_size_last_edited=\u00bbon|phone\u00bb global_colors_info=\u00bb{}\u00bb] Research Mosaic Factor [\/et_pb_text][\/et_pb_column][\/et_pb_row][\/et_pb_section][et_pb_section fb_built=\u00bb1&#8243; _builder_version=\u00bb4.27.2&#8243; _module_preset=\u00bbdefault\u00bb [&hellip;]<\/p>\n","protected":false},"author":1,"featured_media":768,"parent":0,"menu_order":0,"comment_status":"closed","ping_status":"closed","template":"","meta":{"_acf_changed":false,"_et_pb_use_builder":"on","_et_pb_old_content":"","_et_gb_content_width":"","inline_featured_image":false,"footnotes":""},"class_list":["post-3031","page","type-page","status-publish","has-post-thumbnail","hentry"],"acf":[],"yoast_head":"<!-- This site is optimized with the Yoast SEO plugin v27.3 - https:\/\/yoast.com\/product\/yoast-seo-wordpress\/ -->\n<title>Mosaic Factor | Tu partner en IA + Big Data | Innovaci\u00f3n<\/title>\n<meta name=\"description\" content=\"Mosaic Factor se especializa en innovaci\u00f3n basada en datos con un fuerte enfoque en el intercambio de datos y los desaf\u00edos y oportunidades relacionados en varios sectores.\" \/>\n<meta name=\"robots\" content=\"index, follow, max-snippet:-1, max-image-preview:large, max-video-preview:-1\" \/>\n<link rel=\"canonical\" href=\"https:\/\/www.mosaicfactor.com\/es\/investigacion\/\" \/>\n<meta property=\"og:locale\" content=\"es_ES\" \/>\n<meta property=\"og:type\" content=\"article\" \/>\n<meta property=\"og:title\" content=\"Mosaic Factor | Tu partner en IA + Big Data | Innovaci\u00f3n\" \/>\n<meta property=\"og:description\" content=\"Mosaic Factor se especializa en innovaci\u00f3n basada en datos con un fuerte enfoque en el intercambio de datos y los desaf\u00edos y oportunidades relacionados en varios sectores.\" \/>\n<meta property=\"og:url\" content=\"https:\/\/www.mosaicfactor.com\/es\/investigacion\/\" \/>\n<meta property=\"og:site_name\" content=\"Mosaic Factor\" \/>\n<meta property=\"article:modified_time\" content=\"2024-12-12T09:03:08+00:00\" \/>\n<meta property=\"og:image\" content=\"https:\/\/www.mosaicfactor.com\/wp-content\/uploads\/2024\/10\/background-team-mosaic.webp\" \/>\n\t<meta property=\"og:image:width\" content=\"1841\" \/>\n\t<meta property=\"og:image:height\" content=\"506\" \/>\n\t<meta property=\"og:image:type\" content=\"image\/webp\" \/>\n<meta name=\"twitter:card\" content=\"summary_large_image\" \/>\n<meta name=\"twitter:site\" content=\"@mosaicfactor\" \/>\n<meta name=\"twitter:label1\" content=\"Tiempo de lectura\" \/>\n\t<meta name=\"twitter:data1\" content=\"2 minutos\" \/>\n<script type=\"application\/ld+json\" class=\"yoast-schema-graph\">{\"@context\":\"https:\\\/\\\/schema.org\",\"@graph\":[{\"@type\":\"WebPage\",\"@id\":\"https:\\\/\\\/www.mosaicfactor.com\\\/es\\\/investigacion\\\/\",\"url\":\"https:\\\/\\\/www.mosaicfactor.com\\\/es\\\/investigacion\\\/\",\"name\":\"Mosaic Factor | Tu partner en IA + Big Data | Innovaci\u00f3n\",\"isPartOf\":{\"@id\":\"https:\\\/\\\/www.mosaicfactor.com\\\/es\\\/#website\"},\"primaryImageOfPage\":{\"@id\":\"https:\\\/\\\/www.mosaicfactor.com\\\/es\\\/investigacion\\\/#primaryimage\"},\"image\":{\"@id\":\"https:\\\/\\\/www.mosaicfactor.com\\\/es\\\/investigacion\\\/#primaryimage\"},\"thumbnailUrl\":\"https:\\\/\\\/www.mosaicfactor.com\\\/wp-content\\\/uploads\\\/2024\\\/10\\\/background-team-mosaic.webp\",\"datePublished\":\"2024-11-09T17:26:42+00:00\",\"dateModified\":\"2024-12-12T09:03:08+00:00\",\"description\":\"Mosaic Factor se especializa en innovaci\u00f3n basada en datos con un fuerte enfoque en el intercambio de datos y los desaf\u00edos y oportunidades relacionados en varios sectores.\",\"breadcrumb\":{\"@id\":\"https:\\\/\\\/www.mosaicfactor.com\\\/es\\\/investigacion\\\/#breadcrumb\"},\"inLanguage\":\"es\",\"potentialAction\":[{\"@type\":\"ReadAction\",\"target\":[\"https:\\\/\\\/www.mosaicfactor.com\\\/es\\\/investigacion\\\/\"]}]},{\"@type\":\"ImageObject\",\"inLanguage\":\"es\",\"@id\":\"https:\\\/\\\/www.mosaicfactor.com\\\/es\\\/investigacion\\\/#primaryimage\",\"url\":\"https:\\\/\\\/www.mosaicfactor.com\\\/wp-content\\\/uploads\\\/2024\\\/10\\\/background-team-mosaic.webp\",\"contentUrl\":\"https:\\\/\\\/www.mosaicfactor.com\\\/wp-content\\\/uploads\\\/2024\\\/10\\\/background-team-mosaic.webp\",\"width\":1841,\"height\":506,\"caption\":\"team-mosaic\"},{\"@type\":\"BreadcrumbList\",\"@id\":\"https:\\\/\\\/www.mosaicfactor.com\\\/es\\\/investigacion\\\/#breadcrumb\",\"itemListElement\":[{\"@type\":\"ListItem\",\"position\":1,\"name\":\"Portada\",\"item\":\"https:\\\/\\\/www.mosaicfactor.com\\\/es\\\/\"},{\"@type\":\"ListItem\",\"position\":2,\"name\":\"Research &#8211; ES\"}]},{\"@type\":\"WebSite\",\"@id\":\"https:\\\/\\\/www.mosaicfactor.com\\\/es\\\/#website\",\"url\":\"https:\\\/\\\/www.mosaicfactor.com\\\/es\\\/\",\"name\":\"Mosaic Factor\",\"description\":\"Solving problems with big data\",\"publisher\":{\"@id\":\"https:\\\/\\\/www.mosaicfactor.com\\\/es\\\/#organization\"},\"potentialAction\":[{\"@type\":\"SearchAction\",\"target\":{\"@type\":\"EntryPoint\",\"urlTemplate\":\"https:\\\/\\\/www.mosaicfactor.com\\\/es\\\/?s={search_term_string}\"},\"query-input\":{\"@type\":\"PropertyValueSpecification\",\"valueRequired\":true,\"valueName\":\"search_term_string\"}}],\"inLanguage\":\"es\"},{\"@type\":\"Organization\",\"@id\":\"https:\\\/\\\/www.mosaicfactor.com\\\/es\\\/#organization\",\"name\":\"Mosaic Factor SL\",\"url\":\"https:\\\/\\\/www.mosaicfactor.com\\\/es\\\/\",\"logo\":{\"@type\":\"ImageObject\",\"inLanguage\":\"es\",\"@id\":\"https:\\\/\\\/www.mosaicfactor.com\\\/es\\\/#\\\/schema\\\/logo\\\/image\\\/\",\"url\":\"https:\\\/\\\/www.mosaicfactor.com\\\/wp-content\\\/uploads\\\/2024\\\/10\\\/logo-header-color-mosaic.webp\",\"contentUrl\":\"https:\\\/\\\/www.mosaicfactor.com\\\/wp-content\\\/uploads\\\/2024\\\/10\\\/logo-header-color-mosaic.webp\",\"width\":475,\"height\":114,\"caption\":\"Mosaic Factor SL\"},\"image\":{\"@id\":\"https:\\\/\\\/www.mosaicfactor.com\\\/es\\\/#\\\/schema\\\/logo\\\/image\\\/\"},\"sameAs\":[\"https:\\\/\\\/x.com\\\/mosaicfactor\"]}]}<\/script>\n<!-- \/ Yoast SEO plugin. -->","yoast_head_json":{"title":"Mosaic Factor | Tu partner en IA + Big Data | Innovaci\u00f3n","description":"Mosaic Factor se especializa en innovaci\u00f3n basada en datos con un fuerte enfoque en el intercambio de datos y los desaf\u00edos y oportunidades relacionados en varios sectores.","robots":{"index":"index","follow":"follow","max-snippet":"max-snippet:-1","max-image-preview":"max-image-preview:large","max-video-preview":"max-video-preview:-1"},"canonical":"https:\/\/www.mosaicfactor.com\/es\/investigacion\/","og_locale":"es_ES","og_type":"article","og_title":"Mosaic Factor | Tu partner en IA + Big Data | Innovaci\u00f3n","og_description":"Mosaic Factor se especializa en innovaci\u00f3n basada en datos con un fuerte enfoque en el intercambio de datos y los desaf\u00edos y oportunidades relacionados en varios sectores.","og_url":"https:\/\/www.mosaicfactor.com\/es\/investigacion\/","og_site_name":"Mosaic Factor","article_modified_time":"2024-12-12T09:03:08+00:00","og_image":[{"width":1841,"height":506,"url":"https:\/\/www.mosaicfactor.com\/wp-content\/uploads\/2024\/10\/background-team-mosaic.webp","type":"image\/webp"}],"twitter_card":"summary_large_image","twitter_site":"@mosaicfactor","twitter_misc":{"Tiempo de lectura":"2 minutos"},"schema":{"@context":"https:\/\/schema.org","@graph":[{"@type":"WebPage","@id":"https:\/\/www.mosaicfactor.com\/es\/investigacion\/","url":"https:\/\/www.mosaicfactor.com\/es\/investigacion\/","name":"Mosaic Factor | Tu partner en IA + Big Data | Innovaci\u00f3n","isPartOf":{"@id":"https:\/\/www.mosaicfactor.com\/es\/#website"},"primaryImageOfPage":{"@id":"https:\/\/www.mosaicfactor.com\/es\/investigacion\/#primaryimage"},"image":{"@id":"https:\/\/www.mosaicfactor.com\/es\/investigacion\/#primaryimage"},"thumbnailUrl":"https:\/\/www.mosaicfactor.com\/wp-content\/uploads\/2024\/10\/background-team-mosaic.webp","datePublished":"2024-11-09T17:26:42+00:00","dateModified":"2024-12-12T09:03:08+00:00","description":"Mosaic Factor se especializa en innovaci\u00f3n basada en datos con un fuerte enfoque en el intercambio de datos y los desaf\u00edos y oportunidades relacionados en varios sectores.","breadcrumb":{"@id":"https:\/\/www.mosaicfactor.com\/es\/investigacion\/#breadcrumb"},"inLanguage":"es","potentialAction":[{"@type":"ReadAction","target":["https:\/\/www.mosaicfactor.com\/es\/investigacion\/"]}]},{"@type":"ImageObject","inLanguage":"es","@id":"https:\/\/www.mosaicfactor.com\/es\/investigacion\/#primaryimage","url":"https:\/\/www.mosaicfactor.com\/wp-content\/uploads\/2024\/10\/background-team-mosaic.webp","contentUrl":"https:\/\/www.mosaicfactor.com\/wp-content\/uploads\/2024\/10\/background-team-mosaic.webp","width":1841,"height":506,"caption":"team-mosaic"},{"@type":"BreadcrumbList","@id":"https:\/\/www.mosaicfactor.com\/es\/investigacion\/#breadcrumb","itemListElement":[{"@type":"ListItem","position":1,"name":"Portada","item":"https:\/\/www.mosaicfactor.com\/es\/"},{"@type":"ListItem","position":2,"name":"Research &#8211; ES"}]},{"@type":"WebSite","@id":"https:\/\/www.mosaicfactor.com\/es\/#website","url":"https:\/\/www.mosaicfactor.com\/es\/","name":"Mosaic Factor","description":"Solving problems with big data","publisher":{"@id":"https:\/\/www.mosaicfactor.com\/es\/#organization"},"potentialAction":[{"@type":"SearchAction","target":{"@type":"EntryPoint","urlTemplate":"https:\/\/www.mosaicfactor.com\/es\/?s={search_term_string}"},"query-input":{"@type":"PropertyValueSpecification","valueRequired":true,"valueName":"search_term_string"}}],"inLanguage":"es"},{"@type":"Organization","@id":"https:\/\/www.mosaicfactor.com\/es\/#organization","name":"Mosaic Factor SL","url":"https:\/\/www.mosaicfactor.com\/es\/","logo":{"@type":"ImageObject","inLanguage":"es","@id":"https:\/\/www.mosaicfactor.com\/es\/#\/schema\/logo\/image\/","url":"https:\/\/www.mosaicfactor.com\/wp-content\/uploads\/2024\/10\/logo-header-color-mosaic.webp","contentUrl":"https:\/\/www.mosaicfactor.com\/wp-content\/uploads\/2024\/10\/logo-header-color-mosaic.webp","width":475,"height":114,"caption":"Mosaic Factor SL"},"image":{"@id":"https:\/\/www.mosaicfactor.com\/es\/#\/schema\/logo\/image\/"},"sameAs":["https:\/\/x.com\/mosaicfactor"]}]}},"_links":{"self":[{"href":"https:\/\/www.mosaicfactor.com\/es\/wp-json\/wp\/v2\/pages\/3031","targetHints":{"allow":["GET"]}}],"collection":[{"href":"https:\/\/www.mosaicfactor.com\/es\/wp-json\/wp\/v2\/pages"}],"about":[{"href":"https:\/\/www.mosaicfactor.com\/es\/wp-json\/wp\/v2\/types\/page"}],"author":[{"embeddable":true,"href":"https:\/\/www.mosaicfactor.com\/es\/wp-json\/wp\/v2\/users\/1"}],"replies":[{"embeddable":true,"href":"https:\/\/www.mosaicfactor.com\/es\/wp-json\/wp\/v2\/comments?post=3031"}],"version-history":[{"count":6,"href":"https:\/\/www.mosaicfactor.com\/es\/wp-json\/wp\/v2\/pages\/3031\/revisions"}],"predecessor-version":[{"id":3628,"href":"https:\/\/www.mosaicfactor.com\/es\/wp-json\/wp\/v2\/pages\/3031\/revisions\/3628"}],"wp:featuredmedia":[{"embeddable":true,"href":"https:\/\/www.mosaicfactor.com\/es\/wp-json\/wp\/v2\/media\/768"}],"wp:attachment":[{"href":"https:\/\/www.mosaicfactor.com\/es\/wp-json\/wp\/v2\/media?parent=3031"}],"curies":[{"name":"wp","href":"https:\/\/api.w.org\/{rel}","templated":true}]}}