{"id":5700,"date":"2024-11-11T09:55:16","date_gmt":"2024-11-11T08:55:16","guid":{"rendered":"https:\/\/www.mosaicfactor.com\/politica-de-cookies\/"},"modified":"2025-10-22T12:13:35","modified_gmt":"2025-10-22T10:13:35","slug":"politica-de-cookies","status":"publish","type":"page","link":"https:\/\/www.mosaicfactor.com\/es\/politica-de-cookies\/","title":{"rendered":"Pol\u00edtica de Cookies"},"content":{"rendered":"<p>[et_pb_section fb_built=\u00bb1&#8243; custom_padding_last_edited=\u00bbon|phone\u00bb _builder_version=\u00bb4.27.2&#8243; _module_preset=\u00bbdefault\u00bb background_image=\u00bbhttps:\/\/www.mosaicfactor.com\/wp-content\/uploads\/2024\/10\/background-contact-mosaic.webp\u00bb width=\u00bb95%\u00bb max_width=\u00bb1600px\u00bb module_alignment=\u00bbcenter\u00bb custom_margin=\u00bb||1em||false|false\u00bb custom_margin_tablet=\u00bb||2em||false|false\u00bb custom_margin_phone=\u00bb||4em||false|false\u00bb custom_margin_last_edited=\u00bbon|phone\u00bb custom_padding_tablet=\u00bb\u00bb custom_padding_phone=\u00bb0px||0px||true|false\u00bb border_radii=\u00bbon|10px|10px|10px|10px\u00bb locked=\u00bboff\u00bb global_colors_info=\u00bb{}\u00bb][et_pb_row custom_padding_last_edited=\u00bboff|phone\u00bb _builder_version=\u00bb4.27.2&#8243; _module_preset=\u00bbdefault\u00bb width_tablet=\u00bb\u00bb width_phone=\u00bb90%\u00bb width_last_edited=\u00bbon|phone\u00bb custom_padding_phone=\u00bb1em||1em||true|false\u00bb global_colors_info=\u00bb{}\u00bb][et_pb_column type=\u00bb4_4&#8243; _builder_version=\u00bb4.27.2&#8243; _module_preset=\u00bbdefault\u00bb global_colors_info=\u00bb{}\u00bb][et_pb_text _builder_version=\u00bb4.27.2&#8243; _module_preset=\u00bbdefault\u00bb header_text_color=\u00bb#FFFFFF\u00bb header_font_size=\u00bb50px\u00bb header_line_height=\u00bb1.4em\u00bb max_width=\u00bb70%\u00bb custom_margin=\u00bb||0px||false|false\u00bb header_font_size_tablet=\u00bb50px\u00bb header_font_size_phone=\u00bb30px\u00bb header_font_size_last_edited=\u00bbon|phone\u00bb global_colors_info=\u00bb{}\u00bb]<\/p>\n<h1><strong>Pol\u00edtica de Cookies<\/strong><\/h1>\n<p>[\/et_pb_text][\/et_pb_column][\/et_pb_row][\/et_pb_section][et_pb_section fb_built=\u00bb1&#8243; _builder_version=\u00bb4.27.2&#8243; _module_preset=\u00bbdefault\u00bb custom_padding=\u00bb2em||2em||true|false\u00bb locked=\u00bboff\u00bb global_colors_info=\u00bb{}\u00bb][et_pb_row custom_padding_last_edited=\u00bbon|phone\u00bb _builder_version=\u00bb4.27.2&#8243; _module_preset=\u00bbdefault\u00bb width=\u00bb95%\u00bb custom_padding=\u00bb|3em||3em|false|true\u00bb custom_padding_tablet=\u00bb|3em||3em|false|true\u00bb custom_padding_phone=\u00bb|1em||1em|false|true\u00bb global_colors_info=\u00bb{}\u00bb][et_pb_column type=\u00bb4_4&#8243; _builder_version=\u00bb4.27.2&#8243; _module_preset=\u00bbdefault\u00bb global_colors_info=\u00bb{}\u00bb][et_pb_text _builder_version=\u00bb4.27.2&#8243; _module_preset=\u00bbdefault\u00bb text_font_size=\u00bb16px\u00bb global_colors_info=\u00bb{}\u00bb]<\/p>\n<h2>Qu\u00e9 son las cookies<\/h2>\n<p>Como es pr\u00e1ctica com\u00fan en casi todos los sitios web profesionales, esta web utiliza cookies, que son peque\u00f1os archivos que se descargan en tu ordenador, para mejorar tu experiencia. Esta p\u00e1gina describe qu\u00e9 informaci\u00f3n recopilan, c\u00f3mo la usamos y por qu\u00e9 a veces necesitamos almacenar estas cookies. Tambi\u00e9n explicaremos c\u00f3mo puedes evitar que estas cookies se almacenen. Sin embargo, esto puede degradar o &#8216;romper&#8217; ciertos elementos de la funcionalidad del sitio.<\/p>\n<h2>C\u00f3mo usamos las cookies<\/h2>\n<p>Usamos cookies por una variedad de razones detalladas a continuaci\u00f3n. Desafortunadamente, en la mayor\u00eda de los casos, no existen opciones est\u00e1ndar de la industria para desactivar las cookies sin deshabilitar completamente la funcionalidad y las caracter\u00edsticas que agregan a este sitio. Se recomienda que deje activadas todas las cookies si no est\u00e1 seguro de si las necesita o no, en caso de que se utilicen para proporcionar un servicio que usted usa.<\/p>\n<h2>Deshabilitar las cookies<\/h2>\n<p>Puedes evitar la configuraci\u00f3n de cookies ajustando la configuraci\u00f3n de tu navegador (consulta la Ayuda de su navegador para saber c\u00f3mo hacerlo). Ten en cuenta que deshabilitar las cookies afectar\u00e1 la funcionalidad de este y muchos otros sitios web que visites. Deshabilitar las cookies generalmente tambi\u00e9n resultar\u00e1 en la desactivaci\u00f3n de ciertas funcionalidades y caracter\u00edsticas de esta web. Por lo tanto, se recomienda no deshabilitar las cookies.<\/p>\n<h2>Las cookies que usamos<\/h2>\n<p>Cookies de preferencias de la web: Para ofrecerte una buena experiencia en esta web, proporcionamos la funcionalidad de configurar tus preferencias sobre c\u00f3mo funciona cuando lo utilizas. Para recordar tus preferencias, necesitamos establecer cookies para que esta informaci\u00f3n pueda ser llamada cada vez que interact\u00faes con una p\u00e1gina que se vea afectada por tus preferencias.<\/p>\n<p>[\/et_pb_text][et_pb_text _builder_version=\u00bb4.27.2&#8243; _module_preset=\u00bbdefault\u00bb text_font_size=\u00bb16px\u00bb global_colors_info=\u00bb{}\u00bb]<\/p>\n<p>&nbsp;<\/p>\n<table dir=\"ltr\" border=\"1\" cellspacing=\"0\" cellpadding=\"0\" data-sheets-root=\"1\" data-sheets-baot=\"1\">\n<colgroup>\n<col width=\"286\" \/>\n<col width=\"214\" \/>\n<col width=\"301\" \/>\n<col width=\"179\" \/>\n<col width=\"151\" \/>\n<col width=\"145\" \/><\/colgroup>\n<tbody>\n<tr>\n<td style=\"width: 328.559px;\">Nombre<\/td>\n<td style=\"width: 170.564px;\">Dominio<\/td>\n<td style=\"width: 200.92px;\">Descripci\u00f3n<\/td>\n<td style=\"width: 116.788px;\">Termino<\/td>\n<td style=\"width: 114.444px;\">Tipo<\/td>\n<td style=\"width: 111.172px;\">Servicio<\/td>\n<\/tr>\n<tr>\n<td style=\"width: 328.559px;\">_ga_*<\/td>\n<td style=\"width: 170.564px;\">.mosaicfactor.com<\/td>\n<td style=\"width: 200.92px;\">Google Analytics establece esta cookie para almacenar y contar las visitas a la p\u00e1gina.<\/td>\n<td style=\"width: 116.788px;\">1 a\u00f1o 1 mes 4 d\u00edas<\/td>\n<td style=\"width: 114.444px;\">Analytics<\/td>\n<td style=\"width: 111.172px;\" colspan=\"1\" rowspan=\"2\">\n<div>Google Analytics<\/div>\n<\/td>\n<\/tr>\n<tr>\n<td style=\"width: 328.559px;\">_ga<\/td>\n<td style=\"width: 170.564px;\">.mosaicfactor.com<\/td>\n<td style=\"width: 200.92px;\">La cookie _ga, instalada por Google Analytics, calcula los datos de visitantes, sesiones y campa\u00f1as, y tambi\u00e9n realiza un seguimiento del uso del sitio para el informe de an\u00e1lisis del sitio. La cookie almacena informaci\u00f3n de manera an\u00f3nima y asigna un n\u00famero generado aleatoriamente para reconocer a los visitantes \u00fanicos.<\/td>\n<td style=\"width: 116.788px;\">1 a\u00f1o 1 mes 4 d\u00edas<\/td>\n<td style=\"width: 114.444px;\">Analytics<\/td>\n<\/tr>\n<tr>\n<td style=\"width: 328.559px;\">cmplz_banner-status<\/td>\n<td style=\"width: 170.564px;\">*.mosaicfactor.com<\/td>\n<td style=\"width: 200.92px;\">\n<p>Complianz utiliza esta cookie para guardar la configuraci\u00f3n de cookies seleccionada.<\/p>\n<p>&nbsp;<\/p>\n<\/td>\n<td style=\"width: 116.788px;\">1a\u00f1o<\/td>\n<td style=\"width: 114.444px;\">Funcional<\/td>\n<td style=\"width: 111.172px;\" colspan=\"1\" rowspan=\"7\">\n<div>Complianz Plugin<\/div>\n<\/td>\n<\/tr>\n<tr>\n<td style=\"width: 328.559px;\">cmplz_preferences<\/td>\n<td style=\"width: 170.564px;\">*.mosaicfactor.com<\/td>\n<td style=\"width: 200.92px;\">Complianz utiliza esta cookie para guardar la configuraci\u00f3n de cookies seleccionada.<\/td>\n<td style=\"width: 116.788px;\">1a\u00f1o<\/td>\n<td style=\"width: 114.444px;\">Funcional<\/td>\n<\/tr>\n<tr>\n<td style=\"width: 328.559px;\">cmplz_statistics<\/td>\n<td style=\"width: 170.564px;\">*.mosaicfactor.com<\/td>\n<td style=\"width: 200.92px;\">Complianz usa esta cookie para instalar o no instalar cookies estad\u00edsticas seg\u00fan la decisi\u00f3n del usuario.<\/td>\n<td style=\"width: 116.788px;\">1a\u00f1o<\/td>\n<td style=\"width: 114.444px;\">Funcional<\/td>\n<\/tr>\n<tr>\n<td style=\"width: 328.559px;\">cmplz_marketing<\/td>\n<td style=\"width: 170.564px;\">*.mosaicfactor.com<\/td>\n<td style=\"width: 200.92px;\">Complianz usa esta cookie para instalar o no instalar cookies de marketing seg\u00fan la decisi\u00f3n del usuario.<\/td>\n<td style=\"width: 116.788px;\">1a\u00f1o<\/td>\n<td style=\"width: 114.444px;\">Funcional<\/td>\n<\/tr>\n<tr>\n<td style=\"width: 328.559px;\">cmplz_functional<\/td>\n<td style=\"width: 170.564px;\">*.mosaicfactor.com<\/td>\n<td style=\"width: 200.92px;\">Complianz usa esta cookie para instalar o no instalar cookies funcionales seg\u00fan la decisi\u00f3n del usuario.<\/td>\n<td style=\"width: 116.788px;\">1a\u00f1o<\/td>\n<td style=\"width: 114.444px;\">Funcional<\/td>\n<\/tr>\n<tr>\n<td style=\"width: 328.559px;\">cmplz_policy_id<\/td>\n<td style=\"width: 170.564px;\">*.mosaicfactor.com<\/td>\n<td style=\"width: 200.92px;\">Complianz usa esta cookie para almacenar el ID del aviso de cookies aceptado.<\/td>\n<td style=\"width: 116.788px;\">1a\u00f1o<\/td>\n<td style=\"width: 114.444px;\">Funcional<\/td>\n<\/tr>\n<tr>\n<td style=\"width: 328.559px;\">cmplz_consented_services<\/td>\n<td style=\"width: 170.564px;\">*.mosaicfactor.com<\/td>\n<td style=\"width: 200.92px;\">Complianz utiliza esta cookie para almacenar las preferencias de consentimiento para otros servicios en el sitio web.<\/td>\n<td style=\"width: 116.788px;\">1a\u00f1o<\/td>\n<td style=\"width: 114.444px;\">Funcional<\/td>\n<\/tr>\n<tr>\n<td style=\"width: 328.559px;\">wp-wpml_current_language<\/td>\n<td style=\"width: 170.564px;\">*.mosaicfactor.com<\/td>\n<td style=\"width: 200.92px;\">WPML utiliza esta cookie para cambiar el idioma en que se muestra el sitio web.<\/td>\n<td style=\"width: 116.788px;\">sesi\u00f3n<\/td>\n<td style=\"width: 114.444px;\">Funcional<\/td>\n<td style=\"width: 111.172px;\">WPML Plugin<\/td>\n<\/tr>\n<tr>\n<td style=\"width: 328.559px;\">et_bloom_optin_optin_6_custom_form_imp<\/td>\n<td style=\"width: 170.564px;\">*.mosaicfactor.com<\/td>\n<td style=\"width: 200.92px;\">Divi forms utiliza esta cookie para rastrear el estado de aceptaci\u00f3n de la pol\u00edtica de privacidad.<\/td>\n<td style=\"width: 116.788px;\">1a\u00f1o<\/td>\n<td style=\"width: 114.444px;\">Funcional<\/td>\n<td style=\"width: 111.172px;\">Divi Forms<\/td>\n<\/tr>\n<tr>\n<td style=\"width: 328.559px;\">cerber_groove<\/td>\n<td style=\"width: 170.564px;\">*.mosaicfactor.com<\/td>\n<td style=\"width: 200.92px;\">Proporciona protecci\u00f3n contra hackers.<\/td>\n<td style=\"width: 116.788px;\">1a\u00f1o<\/td>\n<td style=\"width: 114.444px;\">Seguridad<\/td>\n<td style=\"width: 111.172px;\">WP Cerber<\/td>\n<\/tr>\n<tr>\n<td style=\"width: 328.559px;\">cerber_groove_x_*<\/td>\n<td style=\"width: 170.564px;\">*.mosaicfactor.com<\/td>\n<td style=\"width: 200.92px;\">Proporciona protecci\u00f3n contra hackers.<\/td>\n<td style=\"width: 116.788px;\">2 semanas<\/td>\n<td style=\"width: 114.444px;\">Seguridad<\/td>\n<td style=\"width: 111.172px;\">WP Cerber<\/td>\n<\/tr>\n<\/tbody>\n<\/table>\n<p>&nbsp;<\/p>\n<p>[\/et_pb_text][et_pb_text _builder_version=\u00bb4.27.2&#8243; _module_preset=\u00bbdefault\u00bb text_font_size=\u00bb16px\u00bb global_colors_info=\u00bb{}\u00bb]<\/p>\n<h2>Cookies de terceros<\/h2>\n<p>En algunos casos especiales, tambi\u00e9n utilizamos cookies proporcionadas por terceros de confianza. La siguiente secci\u00f3n detalla qu\u00e9 cookies de terceros podr\u00edas encontrar a trav\u00e9s de este sitio.<\/p>\n<ul>\n<li>Esta web utiliza Google Analytics, que es una de las soluciones de anal\u00edtica m\u00e1s extendidas y confiables en la web, para ayudarnos a entender c\u00f3mo utilizas el sitio y de qu\u00e9 maneras podemos mejorar tu experiencia. Estas cookies pueden rastrear cosas como el tiempo que pasas en el sitio y las p\u00e1ginas que visitas, para que podamos seguir produciendo contenido interesante. Para obtener m\u00e1s informaci\u00f3n sobre las cookies de Google Analytics, consulta la p\u00e1gina oficial de Google Analytics.<\/li>\n<li>Tambi\u00e9n usamos botones y\/o complementos de redes sociales en este sitio que te permiten conectarte con tu red social de varias maneras. Para que estos funcionen, los siguientes sitios de redes sociales, incluyendo Twitter, establecer\u00e1n cookies a trav\u00e9s de nuestro sitio, las cuales pueden ser utilizadas para mejorar tu perfil en su sitio o contribuir a los datos que poseen para diversos fines descritos en su respectiva pol\u00edtica de privacidad.<\/li>\n<\/ul>\n<p>[\/et_pb_text][\/et_pb_column][\/et_pb_row][\/et_pb_section]<\/p>\n","protected":false},"excerpt":{"rendered":"<p>Pol\u00edtica de CookiesQu\u00e9 son las cookies Como es pr\u00e1ctica com\u00fan en casi todos los sitios web profesionales, esta web utiliza cookies, que son peque\u00f1os archivos que se descargan en tu ordenador, para mejorar tu experiencia. Esta p\u00e1gina describe qu\u00e9 informaci\u00f3n recopilan, c\u00f3mo la usamos y por qu\u00e9 a veces necesitamos almacenar estas cookies. Tambi\u00e9n explicaremos [&hellip;]<\/p>\n","protected":false},"author":1,"featured_media":544,"parent":0,"menu_order":0,"comment_status":"closed","ping_status":"closed","template":"","meta":{"_acf_changed":false,"_et_pb_use_builder":"on","_et_pb_old_content":"","_et_gb_content_width":"","inline_featured_image":false,"footnotes":""},"class_list":["post-5700","page","type-page","status-publish","has-post-thumbnail","hentry"],"acf":[],"yoast_head":"<!-- This site is optimized with the Yoast SEO plugin v27.4 - https:\/\/yoast.com\/product\/yoast-seo-wordpress\/ -->\n<title>Pol\u00edtica de Cookies - Mosaic Factor<\/title>\n<meta name=\"robots\" content=\"index, follow, max-snippet:-1, max-image-preview:large, max-video-preview:-1\" \/>\n<link rel=\"canonical\" href=\"https:\/\/www.mosaicfactor.com\/es\/politica-de-cookies\/\" \/>\n<meta property=\"og:locale\" content=\"es_ES\" \/>\n<meta property=\"og:type\" content=\"article\" \/>\n<meta property=\"og:title\" content=\"Pol\u00edtica de Cookies - Mosaic Factor\" \/>\n<meta property=\"og:description\" content=\"Pol\u00edtica de CookiesQu\u00e9 son las cookies Como es pr\u00e1ctica com\u00fan en casi todos los sitios web profesionales, esta web utiliza cookies, que son peque\u00f1os archivos que se descargan en tu ordenador, para mejorar tu experiencia. Esta p\u00e1gina describe qu\u00e9 informaci\u00f3n recopilan, c\u00f3mo la usamos y por qu\u00e9 a veces necesitamos almacenar estas cookies. Tambi\u00e9n explicaremos [&hellip;]\" \/>\n<meta property=\"og:url\" content=\"https:\/\/www.mosaicfactor.com\/es\/politica-de-cookies\/\" \/>\n<meta property=\"og:site_name\" content=\"Mosaic Factor\" \/>\n<meta property=\"article:modified_time\" content=\"2025-10-22T10:13:35+00:00\" \/>\n<meta property=\"og:image\" content=\"https:\/\/www.mosaicfactor.com\/wp-content\/uploads\/2024\/10\/background-contact-mosaic.webp\" \/>\n\t<meta property=\"og:image:width\" content=\"1842\" \/>\n\t<meta property=\"og:image:height\" content=\"509\" \/>\n\t<meta property=\"og:image:type\" content=\"image\/webp\" \/>\n<meta name=\"twitter:card\" content=\"summary_large_image\" \/>\n<meta name=\"twitter:site\" content=\"@mosaicfactor\" \/>\n<meta name=\"twitter:label1\" content=\"Tiempo de lectura\" \/>\n\t<meta name=\"twitter:data1\" content=\"6 minutos\" \/>\n<script type=\"application\/ld+json\" class=\"yoast-schema-graph\">{\"@context\":\"https:\\\/\\\/schema.org\",\"@graph\":[{\"@type\":\"WebPage\",\"@id\":\"https:\\\/\\\/www.mosaicfactor.com\\\/es\\\/politica-de-cookies\\\/\",\"url\":\"https:\\\/\\\/www.mosaicfactor.com\\\/es\\\/politica-de-cookies\\\/\",\"name\":\"Pol\u00edtica de Cookies - Mosaic Factor\",\"isPartOf\":{\"@id\":\"https:\\\/\\\/www.mosaicfactor.com\\\/es\\\/#website\"},\"primaryImageOfPage\":{\"@id\":\"https:\\\/\\\/www.mosaicfactor.com\\\/es\\\/politica-de-cookies\\\/#primaryimage\"},\"image\":{\"@id\":\"https:\\\/\\\/www.mosaicfactor.com\\\/es\\\/politica-de-cookies\\\/#primaryimage\"},\"thumbnailUrl\":\"https:\\\/\\\/www.mosaicfactor.com\\\/wp-content\\\/uploads\\\/2024\\\/10\\\/background-contact-mosaic.webp\",\"datePublished\":\"2024-11-11T08:55:16+00:00\",\"dateModified\":\"2025-10-22T10:13:35+00:00\",\"breadcrumb\":{\"@id\":\"https:\\\/\\\/www.mosaicfactor.com\\\/es\\\/politica-de-cookies\\\/#breadcrumb\"},\"inLanguage\":\"es\",\"potentialAction\":[{\"@type\":\"ReadAction\",\"target\":[\"https:\\\/\\\/www.mosaicfactor.com\\\/es\\\/politica-de-cookies\\\/\"]}]},{\"@type\":\"ImageObject\",\"inLanguage\":\"es\",\"@id\":\"https:\\\/\\\/www.mosaicfactor.com\\\/es\\\/politica-de-cookies\\\/#primaryimage\",\"url\":\"https:\\\/\\\/www.mosaicfactor.com\\\/wp-content\\\/uploads\\\/2024\\\/10\\\/background-contact-mosaic.webp\",\"contentUrl\":\"https:\\\/\\\/www.mosaicfactor.com\\\/wp-content\\\/uploads\\\/2024\\\/10\\\/background-contact-mosaic.webp\",\"width\":1842,\"height\":509,\"caption\":\"contact-mosaic\"},{\"@type\":\"BreadcrumbList\",\"@id\":\"https:\\\/\\\/www.mosaicfactor.com\\\/es\\\/politica-de-cookies\\\/#breadcrumb\",\"itemListElement\":[{\"@type\":\"ListItem\",\"position\":1,\"name\":\"Portada\",\"item\":\"https:\\\/\\\/www.mosaicfactor.com\\\/es\\\/\"},{\"@type\":\"ListItem\",\"position\":2,\"name\":\"Pol\u00edtica de Cookies\"}]},{\"@type\":\"WebSite\",\"@id\":\"https:\\\/\\\/www.mosaicfactor.com\\\/es\\\/#website\",\"url\":\"https:\\\/\\\/www.mosaicfactor.com\\\/es\\\/\",\"name\":\"Mosaic Factor\",\"description\":\"Solving problems with big data\",\"publisher\":{\"@id\":\"https:\\\/\\\/www.mosaicfactor.com\\\/es\\\/#organization\"},\"potentialAction\":[{\"@type\":\"SearchAction\",\"target\":{\"@type\":\"EntryPoint\",\"urlTemplate\":\"https:\\\/\\\/www.mosaicfactor.com\\\/es\\\/?s={search_term_string}\"},\"query-input\":{\"@type\":\"PropertyValueSpecification\",\"valueRequired\":true,\"valueName\":\"search_term_string\"}}],\"inLanguage\":\"es\"},{\"@type\":\"Organization\",\"@id\":\"https:\\\/\\\/www.mosaicfactor.com\\\/es\\\/#organization\",\"name\":\"Mosaic Factor SL\",\"url\":\"https:\\\/\\\/www.mosaicfactor.com\\\/es\\\/\",\"logo\":{\"@type\":\"ImageObject\",\"inLanguage\":\"es\",\"@id\":\"https:\\\/\\\/www.mosaicfactor.com\\\/es\\\/#\\\/schema\\\/logo\\\/image\\\/\",\"url\":\"https:\\\/\\\/www.mosaicfactor.com\\\/wp-content\\\/uploads\\\/2024\\\/10\\\/logo-header-color-mosaic.webp\",\"contentUrl\":\"https:\\\/\\\/www.mosaicfactor.com\\\/wp-content\\\/uploads\\\/2024\\\/10\\\/logo-header-color-mosaic.webp\",\"width\":475,\"height\":114,\"caption\":\"Mosaic Factor SL\"},\"image\":{\"@id\":\"https:\\\/\\\/www.mosaicfactor.com\\\/es\\\/#\\\/schema\\\/logo\\\/image\\\/\"},\"sameAs\":[\"https:\\\/\\\/x.com\\\/mosaicfactor\"]}]}<\/script>\n<!-- \/ Yoast SEO plugin. -->","yoast_head_json":{"title":"Pol\u00edtica de Cookies - Mosaic Factor","robots":{"index":"index","follow":"follow","max-snippet":"max-snippet:-1","max-image-preview":"max-image-preview:large","max-video-preview":"max-video-preview:-1"},"canonical":"https:\/\/www.mosaicfactor.com\/es\/politica-de-cookies\/","og_locale":"es_ES","og_type":"article","og_title":"Pol\u00edtica de Cookies - Mosaic Factor","og_description":"Pol\u00edtica de CookiesQu\u00e9 son las cookies Como es pr\u00e1ctica com\u00fan en casi todos los sitios web profesionales, esta web utiliza cookies, que son peque\u00f1os archivos que se descargan en tu ordenador, para mejorar tu experiencia. Esta p\u00e1gina describe qu\u00e9 informaci\u00f3n recopilan, c\u00f3mo la usamos y por qu\u00e9 a veces necesitamos almacenar estas cookies. Tambi\u00e9n explicaremos [&hellip;]","og_url":"https:\/\/www.mosaicfactor.com\/es\/politica-de-cookies\/","og_site_name":"Mosaic Factor","article_modified_time":"2025-10-22T10:13:35+00:00","og_image":[{"width":1842,"height":509,"url":"https:\/\/www.mosaicfactor.com\/wp-content\/uploads\/2024\/10\/background-contact-mosaic.webp","type":"image\/webp"}],"twitter_card":"summary_large_image","twitter_site":"@mosaicfactor","twitter_misc":{"Tiempo de lectura":"6 minutos"},"schema":{"@context":"https:\/\/schema.org","@graph":[{"@type":"WebPage","@id":"https:\/\/www.mosaicfactor.com\/es\/politica-de-cookies\/","url":"https:\/\/www.mosaicfactor.com\/es\/politica-de-cookies\/","name":"Pol\u00edtica de Cookies - Mosaic Factor","isPartOf":{"@id":"https:\/\/www.mosaicfactor.com\/es\/#website"},"primaryImageOfPage":{"@id":"https:\/\/www.mosaicfactor.com\/es\/politica-de-cookies\/#primaryimage"},"image":{"@id":"https:\/\/www.mosaicfactor.com\/es\/politica-de-cookies\/#primaryimage"},"thumbnailUrl":"https:\/\/www.mosaicfactor.com\/wp-content\/uploads\/2024\/10\/background-contact-mosaic.webp","datePublished":"2024-11-11T08:55:16+00:00","dateModified":"2025-10-22T10:13:35+00:00","breadcrumb":{"@id":"https:\/\/www.mosaicfactor.com\/es\/politica-de-cookies\/#breadcrumb"},"inLanguage":"es","potentialAction":[{"@type":"ReadAction","target":["https:\/\/www.mosaicfactor.com\/es\/politica-de-cookies\/"]}]},{"@type":"ImageObject","inLanguage":"es","@id":"https:\/\/www.mosaicfactor.com\/es\/politica-de-cookies\/#primaryimage","url":"https:\/\/www.mosaicfactor.com\/wp-content\/uploads\/2024\/10\/background-contact-mosaic.webp","contentUrl":"https:\/\/www.mosaicfactor.com\/wp-content\/uploads\/2024\/10\/background-contact-mosaic.webp","width":1842,"height":509,"caption":"contact-mosaic"},{"@type":"BreadcrumbList","@id":"https:\/\/www.mosaicfactor.com\/es\/politica-de-cookies\/#breadcrumb","itemListElement":[{"@type":"ListItem","position":1,"name":"Portada","item":"https:\/\/www.mosaicfactor.com\/es\/"},{"@type":"ListItem","position":2,"name":"Pol\u00edtica de Cookies"}]},{"@type":"WebSite","@id":"https:\/\/www.mosaicfactor.com\/es\/#website","url":"https:\/\/www.mosaicfactor.com\/es\/","name":"Mosaic Factor","description":"Solving problems with big data","publisher":{"@id":"https:\/\/www.mosaicfactor.com\/es\/#organization"},"potentialAction":[{"@type":"SearchAction","target":{"@type":"EntryPoint","urlTemplate":"https:\/\/www.mosaicfactor.com\/es\/?s={search_term_string}"},"query-input":{"@type":"PropertyValueSpecification","valueRequired":true,"valueName":"search_term_string"}}],"inLanguage":"es"},{"@type":"Organization","@id":"https:\/\/www.mosaicfactor.com\/es\/#organization","name":"Mosaic Factor SL","url":"https:\/\/www.mosaicfactor.com\/es\/","logo":{"@type":"ImageObject","inLanguage":"es","@id":"https:\/\/www.mosaicfactor.com\/es\/#\/schema\/logo\/image\/","url":"https:\/\/www.mosaicfactor.com\/wp-content\/uploads\/2024\/10\/logo-header-color-mosaic.webp","contentUrl":"https:\/\/www.mosaicfactor.com\/wp-content\/uploads\/2024\/10\/logo-header-color-mosaic.webp","width":475,"height":114,"caption":"Mosaic Factor SL"},"image":{"@id":"https:\/\/www.mosaicfactor.com\/es\/#\/schema\/logo\/image\/"},"sameAs":["https:\/\/x.com\/mosaicfactor"]}]}},"_links":{"self":[{"href":"https:\/\/www.mosaicfactor.com\/es\/wp-json\/wp\/v2\/pages\/5700","targetHints":{"allow":["GET"]}}],"collection":[{"href":"https:\/\/www.mosaicfactor.com\/es\/wp-json\/wp\/v2\/pages"}],"about":[{"href":"https:\/\/www.mosaicfactor.com\/es\/wp-json\/wp\/v2\/types\/page"}],"author":[{"embeddable":true,"href":"https:\/\/www.mosaicfactor.com\/es\/wp-json\/wp\/v2\/users\/1"}],"replies":[{"embeddable":true,"href":"https:\/\/www.mosaicfactor.com\/es\/wp-json\/wp\/v2\/comments?post=5700"}],"version-history":[{"count":2,"href":"https:\/\/www.mosaicfactor.com\/es\/wp-json\/wp\/v2\/pages\/5700\/revisions"}],"predecessor-version":[{"id":5702,"href":"https:\/\/www.mosaicfactor.com\/es\/wp-json\/wp\/v2\/pages\/5700\/revisions\/5702"}],"wp:featuredmedia":[{"embeddable":true,"href":"https:\/\/www.mosaicfactor.com\/es\/wp-json\/wp\/v2\/media\/544"}],"wp:attachment":[{"href":"https:\/\/www.mosaicfactor.com\/es\/wp-json\/wp\/v2\/media?parent=5700"}],"curies":[{"name":"wp","href":"https:\/\/api.w.org\/{rel}","templated":true}]}}