{"id":5710,"date":"2024-08-29T11:33:25","date_gmt":"2024-08-29T09:33:25","guid":{"rendered":"https:\/\/www.mosaicfactor.com\/politica-de-privacidad\/"},"modified":"2025-10-24T10:08:15","modified_gmt":"2025-10-24T08:08:15","slug":"politica-de-privacidad","status":"publish","type":"page","link":"https:\/\/www.mosaicfactor.com\/es\/politica-de-privacidad\/","title":{"rendered":"Pol\u00edtica de Privacidad"},"content":{"rendered":"<p>[et_pb_section fb_built=\u00bb1&#8243; custom_padding_last_edited=\u00bbon|phone\u00bb _builder_version=\u00bb4.27.2&#8243; _module_preset=\u00bbdefault\u00bb background_image=\u00bbhttps:\/\/www.mosaicfactor.com\/wp-content\/uploads\/2024\/10\/background-contact-mosaic.webp\u00bb width=\u00bb95%\u00bb max_width=\u00bb1600px\u00bb module_alignment=\u00bbcenter\u00bb custom_margin=\u00bb||1em||false|false\u00bb custom_margin_tablet=\u00bb||2em||false|false\u00bb custom_margin_phone=\u00bb||4em||false|false\u00bb custom_margin_last_edited=\u00bbon|phone\u00bb custom_padding_tablet=\u00bb\u00bb custom_padding_phone=\u00bb0px||0px||true|false\u00bb border_radii=\u00bbon|10px|10px|10px|10px\u00bb locked=\u00bboff\u00bb global_colors_info=\u00bb{}\u00bb][et_pb_row custom_padding_last_edited=\u00bboff|phone\u00bb _builder_version=\u00bb4.27.2&#8243; _module_preset=\u00bbdefault\u00bb width_tablet=\u00bb\u00bb width_phone=\u00bb90%\u00bb width_last_edited=\u00bbon|phone\u00bb custom_padding_phone=\u00bb1em||1em||true|false\u00bb global_colors_info=\u00bb{}\u00bb][et_pb_column type=\u00bb4_4&#8243; _builder_version=\u00bb4.27.2&#8243; _module_preset=\u00bbdefault\u00bb global_colors_info=\u00bb{}\u00bb][et_pb_text _builder_version=\u00bb4.27.2&#8243; _module_preset=\u00bbdefault\u00bb header_text_color=\u00bb#FFFFFF\u00bb header_font_size=\u00bb50px\u00bb header_line_height=\u00bb1.4em\u00bb max_width=\u00bb70%\u00bb custom_margin=\u00bb||0px||false|false\u00bb header_font_size_tablet=\u00bb50px\u00bb header_font_size_phone=\u00bb30px\u00bb header_font_size_last_edited=\u00bbon|phone\u00bb global_colors_info=\u00bb{}\u00bb]<\/p>\n<h1><strong>Pol\u00edtica de Privacidad<\/strong><\/h1>\n<p>[\/et_pb_text][\/et_pb_column][\/et_pb_row][\/et_pb_section][et_pb_section fb_built=\u00bb1&#8243; _builder_version=\u00bb4.27.2&#8243; _module_preset=\u00bbdefault\u00bb custom_padding=\u00bb2em||2em||true|false\u00bb locked=\u00bboff\u00bb global_colors_info=\u00bb{}\u00bb][et_pb_row custom_padding_last_edited=\u00bbon|phone\u00bb _builder_version=\u00bb4.27.2&#8243; _module_preset=\u00bbdefault\u00bb width=\u00bb95%\u00bb custom_padding=\u00bb|3em||3em|false|true\u00bb custom_padding_tablet=\u00bb|3em||3em|false|true\u00bb custom_padding_phone=\u00bb|1em||1em|false|true\u00bb global_colors_info=\u00bb{}\u00bb][et_pb_column type=\u00bb4_4&#8243; _builder_version=\u00bb4.27.2&#8243; _module_preset=\u00bbdefault\u00bb global_colors_info=\u00bb{}\u00bb][et_pb_text _builder_version=\u00bb4.27.4&#8243; _module_preset=\u00bbdefault\u00bb text_font_size=\u00bb16px\u00bb hover_enabled=\u00bb0&#8243; global_colors_info=\u00bb{}\u00bb sticky_enabled=\u00bb0&#8243;]<\/p>\n<p>Esta pol\u00edtica de privacidad explicar\u00e1 c\u00f3mo Mosaic Factor utiliza los datos personales que recopilamos de usted cuando utiliza nuestro sitio web.<\/p>\n<h2><strong>\u00bfQu\u00e9 datos recopilamos?<\/strong><\/h2>\n<p>Mosaic Factor recopila los siguientes datos:<\/p>\n<p><u>Datos personales adquiridos autom\u00e1ticamente cuando visita la web<\/u><\/p>\n<ul>\n<li>Informaci\u00f3n de navegaci\u00f3n web. Mosaic Factor recopila autom\u00e1ticamente datos de su dispositivo (ordenador, tableta, tel\u00e9fono m\u00f3vil u otros dispositivos m\u00f3viles) y la conexi\u00f3n que utiliza, incluyendo, por ejemplo, la direcci\u00f3n IP, la fecha y hora de acceso, informaci\u00f3n de hardware y software, informaci\u00f3n sobre eventos del dispositivo, identificadores \u00fanicos y datos de fallos.<\/li>\n<li>Datos de uso del sitio web. Mosaic Factor recopila informaci\u00f3n sobre c\u00f3mo ha utilizado el sitio, incluyendo, por ejemplo, las p\u00e1ginas del sitio u otros contenidos mostrados, b\u00fasquedas, enlaces a aplicaciones de terceros en los que ha hecho clic.<\/li>\n<\/ul>\n<h2><strong>\u00bfC\u00f3mo recopilamos tus datos?<\/strong><\/h2>\n<p>Proporciona directamente la mayor parte de los datos que recopilamos en Mosaic Factor. Recopilamos y procesamos datos cuando:<\/p>\n<ul>\n<li>Usas o visualizas nuestro sitio web mediante las cookies del navegador.<\/li>\n<li>Completas voluntariamente un formulario o proporcionas comentarios en cualquiera de nuestros foros o por correo electr\u00f3nico.<\/li>\n<\/ul>\n<h2><strong>\u00bfC\u00f3mo usamos tus datos?<\/strong><\/h2>\n<p>Mosaic Factor recopila tus datos para que podamos:<\/p>\n<ul>\n<li>Mantener el sitio funcionando y ofreciendo al sujeto de los datos el servicio requerido, as\u00ed como mejorar los servicios y el sitio y mantenerlo seguro;<\/li>\n<li>Evitar, detectar y mitigar el fraude, las vulneraciones de seguridad y las actividades potencialmente prohibidas o ilegales.<\/li>\n<\/ul>\n<h2><strong>\u00bfC\u00f3mo almacenamos vuestros datos?<\/strong><\/h2>\n<p>Mosaic Factor procesa los datos personales por medios automatizados exclusivamente con los fines para los cuales fueron recogidos (vea m\u00e1s arriba). Mosaic Factor mantendr\u00e1 sus datos durante un per\u00edodo necesario para que Mosaic Factor pueda proporcionar al titular de los datos los servicios del Sitio y mantener el funcionamiento del Sitio.<\/p>\n<p>Mosaic Factor no revelar\u00e1 ni compartir\u00e1 sus datos personales con terceros para fines comerciales, de marketing o promocionales propios, salvo que hubi\u00e9ramos obtenido su consentimiento. No compartiremos ning\u00fan dato sobre usted con terceros sin su consentimiento expl\u00edcito.<\/p>\n<p>Una vez expirado el per\u00edodo de almacenamiento, los datos del titular de los datos ser\u00e1n eliminados o anonimizados de manera permanente.<\/p>\n<h2><strong>\u00bfCu\u00e1les son tus derechos de protecci\u00f3n de datos?<\/strong><\/h2>\n<p>Mosaic Factor desea asegurarse de que conozcan completamente todos sus derechos de protecci\u00f3n de datos. Cada usuario tiene derecho a:<\/p>\n<p><strong>El derecho a la rectificaci\u00f3n<\/strong> \u2013 Tiene derecho a solicitar que Mosaic Factor corrija cualquier informaci\u00f3n que considere inexacta. Tambi\u00e9n tiene derecho a solicitar que Mosaic Factor complete la informaci\u00f3n que considere incompleta.<\/p>\n<p><strong>El derecho al borrado<\/strong> \u2013 Tiene derecho a solicitar que Mosaic Factor elimine sus datos personales, bajo ciertas condiciones.<\/p>\n<p><strong>El derecho a restringir el tratamiento<\/strong> \u2013 Tiene derecho a solicitar que Mosaic Factor restrinja el tratamiento de sus datos personales, bajo ciertas condiciones.<\/p>\n<p><strong>El derecho a oponerse al tratamiento<\/strong> \u2013 Tiene derecho a oponerse al tratamiento de sus datos personales por parte de Mosaic Factor, bajo ciertas condiciones.<\/p>\n<p><strong>El derecho a la portabilidad de los datos<\/strong> \u2013 Tiene derecho a solicitar que Mosaic Factor transfiera los datos que hemos recopilado a otra organizaci\u00f3n, o directamente a usted, bajo ciertas condiciones.<\/p>\n<p>[\/et_pb_text][\/et_pb_column][\/et_pb_row][\/et_pb_section]<\/p>\n","protected":false},"excerpt":{"rendered":"<p>Pol\u00edtica de PrivacidadEsta pol\u00edtica de privacidad explicar\u00e1 c\u00f3mo Mosaic Factor utiliza los datos personales que recopilamos de usted cuando utiliza nuestro sitio web. \u00bfQu\u00e9 datos recopilamos? Mosaic Factor recopila los siguientes datos: Datos personales adquiridos autom\u00e1ticamente cuando visita la web Informaci\u00f3n de navegaci\u00f3n web. Mosaic Factor recopila autom\u00e1ticamente datos de su dispositivo (ordenador, tableta, tel\u00e9fono [&hellip;]<\/p>\n","protected":false},"author":1,"featured_media":544,"parent":0,"menu_order":0,"comment_status":"closed","ping_status":"closed","template":"","meta":{"_acf_changed":false,"_et_pb_use_builder":"on","_et_pb_old_content":"","_et_gb_content_width":"","inline_featured_image":false,"footnotes":""},"class_list":["post-5710","page","type-page","status-publish","has-post-thumbnail","hentry"],"acf":[],"yoast_head":"<!-- This site is optimized with the Yoast SEO plugin v27.5 - https:\/\/yoast.com\/product\/yoast-seo-wordpress\/ -->\n<title>Pol\u00edtica de Privacidad - Mosaic Factor<\/title>\n<meta name=\"description\" content=\"Nuestra pol\u00edtica de privacidad y c\u00f3mo usamos los datos de su navegaci\u00f3n. Lea sus derechos sobre el uso de sus datos personales.\" \/>\n<meta name=\"robots\" content=\"index, follow, max-snippet:-1, max-image-preview:large, max-video-preview:-1\" \/>\n<link rel=\"canonical\" href=\"https:\/\/www.mosaicfactor.com\/es\/politica-de-privacidad\/\" \/>\n<meta property=\"og:locale\" content=\"es_ES\" \/>\n<meta property=\"og:type\" content=\"article\" \/>\n<meta property=\"og:title\" content=\"Pol\u00edtica de Privacidad - Mosaic Factor\" \/>\n<meta property=\"og:description\" content=\"Nuestra pol\u00edtica de privacidad y c\u00f3mo usamos los datos de su navegaci\u00f3n. Lea sus derechos sobre el uso de sus datos personales.\" \/>\n<meta property=\"og:url\" content=\"https:\/\/www.mosaicfactor.com\/es\/politica-de-privacidad\/\" \/>\n<meta property=\"og:site_name\" content=\"Mosaic Factor\" \/>\n<meta property=\"article:modified_time\" content=\"2025-10-24T08:08:15+00:00\" \/>\n<meta property=\"og:image\" content=\"https:\/\/www.mosaicfactor.com\/wp-content\/uploads\/2024\/10\/background-contact-mosaic.webp\" \/>\n\t<meta property=\"og:image:width\" content=\"1842\" \/>\n\t<meta property=\"og:image:height\" content=\"509\" \/>\n\t<meta property=\"og:image:type\" content=\"image\/webp\" \/>\n<meta name=\"twitter:card\" content=\"summary_large_image\" \/>\n<meta name=\"twitter:site\" content=\"@mosaicfactor\" \/>\n<meta name=\"twitter:label1\" content=\"Tiempo de lectura\" \/>\n\t<meta name=\"twitter:data1\" content=\"4 minutos\" \/>\n<script type=\"application\/ld+json\" class=\"yoast-schema-graph\">{\"@context\":\"https:\\\/\\\/schema.org\",\"@graph\":[{\"@type\":\"WebPage\",\"@id\":\"https:\\\/\\\/www.mosaicfactor.com\\\/es\\\/politica-de-privacidad\\\/\",\"url\":\"https:\\\/\\\/www.mosaicfactor.com\\\/es\\\/politica-de-privacidad\\\/\",\"name\":\"Pol\u00edtica de Privacidad - Mosaic Factor\",\"isPartOf\":{\"@id\":\"https:\\\/\\\/www.mosaicfactor.com\\\/es\\\/#website\"},\"primaryImageOfPage\":{\"@id\":\"https:\\\/\\\/www.mosaicfactor.com\\\/es\\\/politica-de-privacidad\\\/#primaryimage\"},\"image\":{\"@id\":\"https:\\\/\\\/www.mosaicfactor.com\\\/es\\\/politica-de-privacidad\\\/#primaryimage\"},\"thumbnailUrl\":\"https:\\\/\\\/www.mosaicfactor.com\\\/wp-content\\\/uploads\\\/2024\\\/10\\\/background-contact-mosaic.webp\",\"datePublished\":\"2024-08-29T09:33:25+00:00\",\"dateModified\":\"2025-10-24T08:08:15+00:00\",\"description\":\"Nuestra pol\u00edtica de privacidad y c\u00f3mo usamos los datos de su navegaci\u00f3n. Lea sus derechos sobre el uso de sus datos personales.\",\"breadcrumb\":{\"@id\":\"https:\\\/\\\/www.mosaicfactor.com\\\/es\\\/politica-de-privacidad\\\/#breadcrumb\"},\"inLanguage\":\"es\",\"potentialAction\":[{\"@type\":\"ReadAction\",\"target\":[\"https:\\\/\\\/www.mosaicfactor.com\\\/es\\\/politica-de-privacidad\\\/\"]}]},{\"@type\":\"ImageObject\",\"inLanguage\":\"es\",\"@id\":\"https:\\\/\\\/www.mosaicfactor.com\\\/es\\\/politica-de-privacidad\\\/#primaryimage\",\"url\":\"https:\\\/\\\/www.mosaicfactor.com\\\/wp-content\\\/uploads\\\/2024\\\/10\\\/background-contact-mosaic.webp\",\"contentUrl\":\"https:\\\/\\\/www.mosaicfactor.com\\\/wp-content\\\/uploads\\\/2024\\\/10\\\/background-contact-mosaic.webp\",\"width\":1842,\"height\":509,\"caption\":\"contact-mosaic\"},{\"@type\":\"BreadcrumbList\",\"@id\":\"https:\\\/\\\/www.mosaicfactor.com\\\/es\\\/politica-de-privacidad\\\/#breadcrumb\",\"itemListElement\":[{\"@type\":\"ListItem\",\"position\":1,\"name\":\"Portada\",\"item\":\"https:\\\/\\\/www.mosaicfactor.com\\\/es\\\/\"},{\"@type\":\"ListItem\",\"position\":2,\"name\":\"Pol\u00edtica de Privacidad\"}]},{\"@type\":\"WebSite\",\"@id\":\"https:\\\/\\\/www.mosaicfactor.com\\\/es\\\/#website\",\"url\":\"https:\\\/\\\/www.mosaicfactor.com\\\/es\\\/\",\"name\":\"Mosaic Factor\",\"description\":\"Solving problems with big data\",\"publisher\":{\"@id\":\"https:\\\/\\\/www.mosaicfactor.com\\\/es\\\/#organization\"},\"potentialAction\":[{\"@type\":\"SearchAction\",\"target\":{\"@type\":\"EntryPoint\",\"urlTemplate\":\"https:\\\/\\\/www.mosaicfactor.com\\\/es\\\/?s={search_term_string}\"},\"query-input\":{\"@type\":\"PropertyValueSpecification\",\"valueRequired\":true,\"valueName\":\"search_term_string\"}}],\"inLanguage\":\"es\"},{\"@type\":\"Organization\",\"@id\":\"https:\\\/\\\/www.mosaicfactor.com\\\/es\\\/#organization\",\"name\":\"Mosaic Factor SL\",\"url\":\"https:\\\/\\\/www.mosaicfactor.com\\\/es\\\/\",\"logo\":{\"@type\":\"ImageObject\",\"inLanguage\":\"es\",\"@id\":\"https:\\\/\\\/www.mosaicfactor.com\\\/es\\\/#\\\/schema\\\/logo\\\/image\\\/\",\"url\":\"https:\\\/\\\/www.mosaicfactor.com\\\/wp-content\\\/uploads\\\/2024\\\/10\\\/logo-header-color-mosaic.webp\",\"contentUrl\":\"https:\\\/\\\/www.mosaicfactor.com\\\/wp-content\\\/uploads\\\/2024\\\/10\\\/logo-header-color-mosaic.webp\",\"width\":475,\"height\":114,\"caption\":\"Mosaic Factor SL\"},\"image\":{\"@id\":\"https:\\\/\\\/www.mosaicfactor.com\\\/es\\\/#\\\/schema\\\/logo\\\/image\\\/\"},\"sameAs\":[\"https:\\\/\\\/x.com\\\/mosaicfactor\"]}]}<\/script>\n<!-- \/ Yoast SEO plugin. -->","yoast_head_json":{"title":"Pol\u00edtica de Privacidad - Mosaic Factor","description":"Nuestra pol\u00edtica de privacidad y c\u00f3mo usamos los datos de su navegaci\u00f3n. Lea sus derechos sobre el uso de sus datos personales.","robots":{"index":"index","follow":"follow","max-snippet":"max-snippet:-1","max-image-preview":"max-image-preview:large","max-video-preview":"max-video-preview:-1"},"canonical":"https:\/\/www.mosaicfactor.com\/es\/politica-de-privacidad\/","og_locale":"es_ES","og_type":"article","og_title":"Pol\u00edtica de Privacidad - Mosaic Factor","og_description":"Nuestra pol\u00edtica de privacidad y c\u00f3mo usamos los datos de su navegaci\u00f3n. Lea sus derechos sobre el uso de sus datos personales.","og_url":"https:\/\/www.mosaicfactor.com\/es\/politica-de-privacidad\/","og_site_name":"Mosaic Factor","article_modified_time":"2025-10-24T08:08:15+00:00","og_image":[{"width":1842,"height":509,"url":"https:\/\/www.mosaicfactor.com\/wp-content\/uploads\/2024\/10\/background-contact-mosaic.webp","type":"image\/webp"}],"twitter_card":"summary_large_image","twitter_site":"@mosaicfactor","twitter_misc":{"Tiempo de lectura":"4 minutos"},"schema":{"@context":"https:\/\/schema.org","@graph":[{"@type":"WebPage","@id":"https:\/\/www.mosaicfactor.com\/es\/politica-de-privacidad\/","url":"https:\/\/www.mosaicfactor.com\/es\/politica-de-privacidad\/","name":"Pol\u00edtica de Privacidad - Mosaic Factor","isPartOf":{"@id":"https:\/\/www.mosaicfactor.com\/es\/#website"},"primaryImageOfPage":{"@id":"https:\/\/www.mosaicfactor.com\/es\/politica-de-privacidad\/#primaryimage"},"image":{"@id":"https:\/\/www.mosaicfactor.com\/es\/politica-de-privacidad\/#primaryimage"},"thumbnailUrl":"https:\/\/www.mosaicfactor.com\/wp-content\/uploads\/2024\/10\/background-contact-mosaic.webp","datePublished":"2024-08-29T09:33:25+00:00","dateModified":"2025-10-24T08:08:15+00:00","description":"Nuestra pol\u00edtica de privacidad y c\u00f3mo usamos los datos de su navegaci\u00f3n. Lea sus derechos sobre el uso de sus datos personales.","breadcrumb":{"@id":"https:\/\/www.mosaicfactor.com\/es\/politica-de-privacidad\/#breadcrumb"},"inLanguage":"es","potentialAction":[{"@type":"ReadAction","target":["https:\/\/www.mosaicfactor.com\/es\/politica-de-privacidad\/"]}]},{"@type":"ImageObject","inLanguage":"es","@id":"https:\/\/www.mosaicfactor.com\/es\/politica-de-privacidad\/#primaryimage","url":"https:\/\/www.mosaicfactor.com\/wp-content\/uploads\/2024\/10\/background-contact-mosaic.webp","contentUrl":"https:\/\/www.mosaicfactor.com\/wp-content\/uploads\/2024\/10\/background-contact-mosaic.webp","width":1842,"height":509,"caption":"contact-mosaic"},{"@type":"BreadcrumbList","@id":"https:\/\/www.mosaicfactor.com\/es\/politica-de-privacidad\/#breadcrumb","itemListElement":[{"@type":"ListItem","position":1,"name":"Portada","item":"https:\/\/www.mosaicfactor.com\/es\/"},{"@type":"ListItem","position":2,"name":"Pol\u00edtica de Privacidad"}]},{"@type":"WebSite","@id":"https:\/\/www.mosaicfactor.com\/es\/#website","url":"https:\/\/www.mosaicfactor.com\/es\/","name":"Mosaic Factor","description":"Solving problems with big data","publisher":{"@id":"https:\/\/www.mosaicfactor.com\/es\/#organization"},"potentialAction":[{"@type":"SearchAction","target":{"@type":"EntryPoint","urlTemplate":"https:\/\/www.mosaicfactor.com\/es\/?s={search_term_string}"},"query-input":{"@type":"PropertyValueSpecification","valueRequired":true,"valueName":"search_term_string"}}],"inLanguage":"es"},{"@type":"Organization","@id":"https:\/\/www.mosaicfactor.com\/es\/#organization","name":"Mosaic Factor SL","url":"https:\/\/www.mosaicfactor.com\/es\/","logo":{"@type":"ImageObject","inLanguage":"es","@id":"https:\/\/www.mosaicfactor.com\/es\/#\/schema\/logo\/image\/","url":"https:\/\/www.mosaicfactor.com\/wp-content\/uploads\/2024\/10\/logo-header-color-mosaic.webp","contentUrl":"https:\/\/www.mosaicfactor.com\/wp-content\/uploads\/2024\/10\/logo-header-color-mosaic.webp","width":475,"height":114,"caption":"Mosaic Factor SL"},"image":{"@id":"https:\/\/www.mosaicfactor.com\/es\/#\/schema\/logo\/image\/"},"sameAs":["https:\/\/x.com\/mosaicfactor"]}]}},"_links":{"self":[{"href":"https:\/\/www.mosaicfactor.com\/es\/wp-json\/wp\/v2\/pages\/5710","targetHints":{"allow":["GET"]}}],"collection":[{"href":"https:\/\/www.mosaicfactor.com\/es\/wp-json\/wp\/v2\/pages"}],"about":[{"href":"https:\/\/www.mosaicfactor.com\/es\/wp-json\/wp\/v2\/types\/page"}],"author":[{"embeddable":true,"href":"https:\/\/www.mosaicfactor.com\/es\/wp-json\/wp\/v2\/users\/1"}],"replies":[{"embeddable":true,"href":"https:\/\/www.mosaicfactor.com\/es\/wp-json\/wp\/v2\/comments?post=5710"}],"version-history":[{"count":4,"href":"https:\/\/www.mosaicfactor.com\/es\/wp-json\/wp\/v2\/pages\/5710\/revisions"}],"predecessor-version":[{"id":5721,"href":"https:\/\/www.mosaicfactor.com\/es\/wp-json\/wp\/v2\/pages\/5710\/revisions\/5721"}],"wp:featuredmedia":[{"embeddable":true,"href":"https:\/\/www.mosaicfactor.com\/es\/wp-json\/wp\/v2\/media\/544"}],"wp:attachment":[{"href":"https:\/\/www.mosaicfactor.com\/es\/wp-json\/wp\/v2\/media?parent=5710"}],"curies":[{"name":"wp","href":"https:\/\/api.w.org\/{rel}","templated":true}]}}